{"id":91,"date":"2022-06-29T13:57:59","date_gmt":"2022-06-29T13:57:59","guid":{"rendered":"https:\/\/cosabe.jgnube.com\/apps\/cosabe_site\/?page_id=91"},"modified":"2025-07-03T15:08:39","modified_gmt":"2025-07-03T19:08:39","slug":"nuestro-colegio","status":"publish","type":"page","link":"https:\/\/cosabe.edu.bo\/index.php\/nuestro-colegio\/","title":{"rendered":"Nuestro Colegio"},"content":{"rendered":"\t\t<div data-elementor-type=\"wp-page\" data-elementor-id=\"91\" class=\"elementor elementor-91\">\n\t\t\t\t\t\t<section class=\"elementor-section elementor-top-section elementor-element elementor-element-9cbc3b7 elementor-section-boxed elementor-section-height-default elementor-section-height-default\" data-id=\"9cbc3b7\" data-element_type=\"section\">\n\t\t\t\t\t\t<div class=\"elementor-container elementor-column-gap-default\">\n\t\t\t\t\t<div class=\"elementor-column elementor-col-100 elementor-top-column elementor-element elementor-element-75f47e2\" data-id=\"75f47e2\" data-element_type=\"column\">\n\t\t\t<div class=\"elementor-widget-wrap elementor-element-populated\">\n\t\t\t\t\t\t<div class=\"elementor-element elementor-element-8e16eca elementor-invisible elementor-widget elementor-widget-image\" data-id=\"8e16eca\" data-element_type=\"widget\" data-settings=\"{&quot;_animation&quot;:&quot;fadeInUp&quot;}\" data-widget_type=\"image.default\">\n\t\t\t\t<div class=\"elementor-widget-container\">\n\t\t\t\t\t\t\t\t\t\t\t\t\t\t\t<img fetchpriority=\"high\" decoding=\"async\" width=\"2000\" height=\"200\" src=\"https:\/\/cosabe.edu.bo\/wp-content\/uploads\/2024\/08\/nuestra-historia.png\" class=\"attachment-full size-full wp-image-4479\" alt=\"\" srcset=\"https:\/\/cosabe.edu.bo\/wp-content\/uploads\/2024\/08\/nuestra-historia.png 2000w, https:\/\/cosabe.edu.bo\/wp-content\/uploads\/2024\/08\/nuestra-historia-300x30.png 300w, https:\/\/cosabe.edu.bo\/wp-content\/uploads\/2024\/08\/nuestra-historia-1024x102.png 1024w, https:\/\/cosabe.edu.bo\/wp-content\/uploads\/2024\/08\/nuestra-historia-768x77.png 768w, https:\/\/cosabe.edu.bo\/wp-content\/uploads\/2024\/08\/nuestra-historia-1536x154.png 1536w\" sizes=\"(max-width: 2000px) 100vw, 2000px\" \/>\t\t\t\t\t\t\t\t\t\t\t\t\t\t\t<\/div>\n\t\t\t\t<\/div>\n\t\t\t\t\t<\/div>\n\t\t<\/div>\n\t\t\t\t\t<\/div>\n\t\t<\/section>\n\t\t\t\t<section class=\"elementor-section elementor-top-section elementor-element elementor-element-24bcf41 elementor-section-boxed elementor-section-height-default elementor-section-height-default\" data-id=\"24bcf41\" data-element_type=\"section\">\n\t\t\t\t\t\t<div class=\"elementor-container elementor-column-gap-default\">\n\t\t\t\t\t<div class=\"elementor-column elementor-col-100 elementor-top-column elementor-element elementor-element-0870e2f\" data-id=\"0870e2f\" data-element_type=\"column\">\n\t\t\t<div class=\"elementor-widget-wrap elementor-element-populated\">\n\t\t\t\t\t\t<div class=\"elementor-element elementor-element-554790e elementor-invisible elementor-widget elementor-widget-text-editor\" data-id=\"554790e\" data-element_type=\"widget\" data-settings=\"{&quot;_animation&quot;:&quot;fadeInUp&quot;}\" data-widget_type=\"text-editor.default\">\n\t\t\t\t<div class=\"elementor-widget-container\">\n\t\t\t\t\t\t\t\t\t<p>No hay nada m\u00e1s valioso que la historia. Ella guarda cada uno de los momentos m\u00e1s emblem\u00e1ticos, integr\u00e1ndolos a la vida del ser humano. Sin ella, la humanidad perder\u00eda su memoria.<\/p><p>Si todas las buenas acciones de las personas se convirtieran en hechos tangibles, el mundo ser\u00eda diferente. Es as\u00ed como brilla la maravillosa idea de un grupo de profesores visionarios que, ante las necesidades educativas de nuestra ciudad de Tarija, decidieron fundar una instituci\u00f3n educativa particular. Su objetivo era claro: ofrecer nuevos espacios de formaci\u00f3n para una creciente poblaci\u00f3n estudiantil. Esta decisi\u00f3n fue, sin duda, acertada e inigualable.<\/p><p>Recordar la creaci\u00f3n de nuestro querido colegio es, sin margen de error, abrir el tel\u00f3n del tiempo y transportarnos al instante preciso de su fundaci\u00f3n. Esta rese\u00f1a hist\u00f3rica nos gu\u00eda por ese recorrido:<\/p><p>El constante incremento de estudiantes en el ciclo secundario de Tarija, sumado a la escasez de infraestructuras y establecimientos de ese nivel, motiv\u00f3 a cuatro destacados docentes de la capital chapaca a concretar un sue\u00f1o largamente anhelado: fundar un nuevo colegio.<\/p><p>As\u00ed, el 12 de febrero de 1962, los profesores: Amanda Ram\u00edrez de Zamora, Mery D\u00e9rpic de Solares, Mar\u00eda Teresa Castellanos de \u00c1vila y Carlos \u00c1vila Claure hicieron realidad la idea que hab\u00eda sido el centro de sus conversaciones: crear un establecimiento educativo secundario particular donde los docentes no s\u00f3lo cumplieran funciones dentro del aula, sino tambi\u00e9n fueran protagonistas activos del quehacer educativo, aportando con esfuerzo, ideas innovadoras y una visi\u00f3n profundamente humana.<\/p>\t\t\t\t\t\t\t\t<\/div>\n\t\t\t\t<\/div>\n\t\t\t\t\t<\/div>\n\t\t<\/div>\n\t\t\t\t\t<\/div>\n\t\t<\/section>\n\t\t\t\t<section class=\"elementor-section elementor-top-section elementor-element elementor-element-5a7d235 elementor-section-boxed elementor-section-height-default elementor-section-height-default\" data-id=\"5a7d235\" data-element_type=\"section\">\n\t\t\t\t\t\t<div class=\"elementor-container elementor-column-gap-default\">\n\t\t\t\t\t<div class=\"elementor-column elementor-col-100 elementor-top-column elementor-element elementor-element-4e141a0\" data-id=\"4e141a0\" data-element_type=\"column\">\n\t\t\t<div class=\"elementor-widget-wrap elementor-element-populated\">\n\t\t\t\t\t\t<div class=\"elementor-element elementor-element-2426ee8 elementor-invisible elementor-widget elementor-widget-image-gallery\" data-id=\"2426ee8\" data-element_type=\"widget\" data-settings=\"{&quot;_animation&quot;:&quot;fadeInUp&quot;}\" data-widget_type=\"image-gallery.default\">\n\t\t\t\t<div class=\"elementor-widget-container\">\n\t\t\t\t\t\t\t<div class=\"elementor-image-gallery\">\n\t\t\t<div id='gallery-1' class='gallery galleryid-91 gallery-columns-4 gallery-size-thumbnail'><figure class='gallery-item'>\n\t\t\t<div class='gallery-icon portrait'>\n\t\t\t\t<img decoding=\"async\" width=\"150\" height=\"150\" src=\"https:\/\/cosabe.edu.bo\/wp-content\/uploads\/2024\/08\/amanda-ramirez-de-zamora-150x150.jpg\" class=\"attachment-thumbnail size-thumbnail\" alt=\"\" aria-describedby=\"gallery-1-4480\" \/>\n\t\t\t<\/div>\n\t\t\t\t<figcaption class='wp-caption-text gallery-caption' id='gallery-1-4480'>\n\t\t\t\tProf. Amanda Ramirez de Zamora\n\t\t\t\t<\/figcaption><\/figure><figure class='gallery-item'>\n\t\t\t<div class='gallery-icon portrait'>\n\t\t\t\t<img decoding=\"async\" width=\"150\" height=\"150\" src=\"https:\/\/cosabe.edu.bo\/wp-content\/uploads\/2024\/08\/mry-depric-de-solares-150x150.jpg\" class=\"attachment-thumbnail size-thumbnail\" alt=\"\" aria-describedby=\"gallery-1-4483\" \/>\n\t\t\t<\/div>\n\t\t\t\t<figcaption class='wp-caption-text gallery-caption' id='gallery-1-4483'>\n\t\t\t\tProf. Mery Depric de Solares\n\t\t\t\t<\/figcaption><\/figure><figure class='gallery-item'>\n\t\t\t<div class='gallery-icon portrait'>\n\t\t\t\t<img loading=\"lazy\" decoding=\"async\" width=\"150\" height=\"150\" src=\"https:\/\/cosabe.edu.bo\/wp-content\/uploads\/2024\/08\/maria-teresa-casellanos-de-avila-150x150.jpg\" class=\"attachment-thumbnail size-thumbnail\" alt=\"\" aria-describedby=\"gallery-1-4482\" \/>\n\t\t\t<\/div>\n\t\t\t\t<figcaption class='wp-caption-text gallery-caption' id='gallery-1-4482'>\n\t\t\t\tProf. Mar\u00eda Teresa Castellanos de \u00c1vila\n\t\t\t\t<\/figcaption><\/figure><figure class='gallery-item'>\n\t\t\t<div class='gallery-icon portrait'>\n\t\t\t\t<img loading=\"lazy\" decoding=\"async\" width=\"150\" height=\"150\" src=\"https:\/\/cosabe.edu.bo\/wp-content\/uploads\/2024\/08\/carlos-avila-claure-150x150.jpg\" class=\"attachment-thumbnail size-thumbnail\" alt=\"\" aria-describedby=\"gallery-1-4481\" \/>\n\t\t\t<\/div>\n\t\t\t\t<figcaption class='wp-caption-text gallery-caption' id='gallery-1-4481'>\n\t\t\t\tProf. Carlos \u00c1vila Claure\n\t\t\t\t<\/figcaption><\/figure>\n\t\t<\/div>\n\t\t<\/div>\n\t\t\t\t\t\t<\/div>\n\t\t\t\t<\/div>\n\t\t\t\t\t<\/div>\n\t\t<\/div>\n\t\t\t\t\t<\/div>\n\t\t<\/section>\n\t\t\t\t<section class=\"elementor-section elementor-top-section elementor-element elementor-element-ddc6684 elementor-section-boxed elementor-section-height-default elementor-section-height-default\" data-id=\"ddc6684\" data-element_type=\"section\">\n\t\t\t\t\t\t<div class=\"elementor-container elementor-column-gap-default\">\n\t\t\t\t\t<div class=\"elementor-column elementor-col-100 elementor-top-column elementor-element elementor-element-3788b44\" data-id=\"3788b44\" data-element_type=\"column\">\n\t\t\t<div class=\"elementor-widget-wrap elementor-element-populated\">\n\t\t\t\t\t\t<div class=\"elementor-element elementor-element-7bcf017 elementor-invisible elementor-widget elementor-widget-text-editor\" data-id=\"7bcf017\" data-element_type=\"widget\" data-settings=\"{&quot;_animation&quot;:&quot;fadeInUp&quot;}\" data-widget_type=\"text-editor.default\">\n\t\t\t\t<div class=\"elementor-widget-container\">\n\t\t\t\t\t\t\t\t\t<p>Los fundadores asumieron como principio el respeto a la personalidad de cada estudiante, reforzando su identidad y fortaleciendo los valores \u00e9tico-morales que tra\u00edan de sus hogares. Asimismo, su esp\u00edritu visionario apuntaba a despertar y cultivar el amor por la tierra chapaca, sus costumbres y tradiciones, forjando as\u00ed un sentido constante de superaci\u00f3n personal con miras a transformar la realidad y engrandecer nuestra Patria.<\/p><p>Despu\u00e9s de dos reuniones realizadas en febrero de 1962, se concret\u00f3 el inicio de las labores educativas del nuevo establecimiento, bajo el nombre de colegio \u201cSan Bernardo de Tarija\u201d, una designaci\u00f3n simb\u00f3lica que refleja las tradiciones vivas del pueblo tarije\u00f1o. El nombre fue sugerido por el ilustre Dr. William Bluske Castellanos.<\/p><p>El inicio de la gesti\u00f3n escolar fue posible gracias al compromiso de un grupo selecto de docentes \u2014considerados por la opini\u00f3n p\u00fablica como los m\u00e1s destacados por su preparaci\u00f3n acad\u00e9mica\u2014 quienes se unieron al esfuerzo de los fundadores con verdadera vocaci\u00f3n y entrega. Muchos trabajaron durante el primer a\u00f1o sin percibir remuneraci\u00f3n, o si lo hicieron, esta no compens\u00f3 la labor realizada. Aun as\u00ed, todos aportaron su granito de arena: donaron escritorios, bancos, sillas, mesas, libros, materiales escolares y m\u00e1s. La solidaridad de los estudiantes, los profesores y las familias hizo posible que el colegio abriera sus puertas con entusiasmo y amor por la educaci\u00f3n.<\/p><p>En sus primeros a\u00f1os, el colegio funcion\u00f3 en tres sedes diferentes. Sin embargo, desde 1979, volvi\u00f3 a establecerse en la tradicional y amplia casona ubicada en la calle Alejandro Corrado, donde ya hab\u00eda funcionado entre 1964 y 1969.<\/p><p>Es importante destacar que el Colegio \u201cSan Bernardo de Tarija\u201d obtuvo la Resoluci\u00f3n Ministerial N\u00b0 594, firmada por el Ministro de Educaci\u00f3n y Bellas Artes Mario V. Guzm\u00e1n Galarza, que autoriz\u00f3 su funcionamiento como colegio secundario particular.<\/p>\t\t\t\t\t\t\t\t<\/div>\n\t\t\t\t<\/div>\n\t\t\t\t\t<\/div>\n\t\t<\/div>\n\t\t\t\t\t<\/div>\n\t\t<\/section>\n\t\t\t\t<section class=\"elementor-section elementor-top-section elementor-element elementor-element-861bf05 elementor-section-boxed elementor-section-height-default elementor-section-height-default\" data-id=\"861bf05\" data-element_type=\"section\">\n\t\t\t\t\t\t<div class=\"elementor-container elementor-column-gap-default\">\n\t\t\t\t\t<div class=\"elementor-column elementor-col-100 elementor-top-column elementor-element elementor-element-d7a0c84\" data-id=\"d7a0c84\" data-element_type=\"column\">\n\t\t\t<div class=\"elementor-widget-wrap elementor-element-populated\">\n\t\t\t\t\t\t<div class=\"elementor-element elementor-element-85dadbe elementor-invisible elementor-widget elementor-widget-text-editor\" data-id=\"85dadbe\" data-element_type=\"widget\" data-settings=\"{&quot;_animation&quot;:&quot;fadeInUp&quot;}\" data-widget_type=\"text-editor.default\">\n\t\t\t\t<div class=\"elementor-widget-container\">\n\t\t\t\t\t\t\t\t\t<p>Posteriormente, el 14 de octubre de 1963, se promulg\u00f3 la Resoluci\u00f3n Ministerial N\u00b01018, firmada por el ministro Ciro Humboldt Barrero, que autoriz\u00f3 la ampliaci\u00f3n de los cursos 5\u00ba y 6\u00ba de secundaria, as\u00ed como la creaci\u00f3n de la secci\u00f3n primaria desde el a\u00f1o 1964.<\/p><p>El 22 de marzo de 1983, la Cooperativa Educacional \u201cSan Bernardo de Tarija\u201d obtuvo su personer\u00eda jur\u00eddica, mediante la Resoluci\u00f3n de Concejo N\u00b0 02346.<\/p><p>En 1963, egres\u00f3 la primera promoci\u00f3n, denominada \u201cEstudiantes de Oro\u201d, en honor a los profesores que compartieron con ellos sus vastos conocimientos.<\/p><p>En 1964, se iniciaron las labores escolares del Ciclo Primario, atendido por las destacadas profesoras Ada A. de Auad, Gladys Campos y Rosa Murillo. Para 1965, se hab\u00edan completado los seis cursos correspondientes al nivel primario.<\/p><p>En 1986, se abri\u00f3 el nivel inicial, recibiendo con cari\u00f1o a ni\u00f1os que daban sus primeros trazos y dibujos. Aunque este nivel dej\u00f3 de funcionar en 1991; para alegr\u00eda de muchas familias tarije\u00f1as fue reabierto en el a\u00f1o 2004.<\/p><p>Hoy, 20 de agosto de 2025, el colegio San Bernardo de Tarija celebra su LXIII Aniversario. Con profundo orgullo podemos afirmar que nuestro colegio es un referente de formaci\u00f3n hol\u00edstica, inclusiva y de calidad acad\u00e9mica, donde la vivencia de valores ocupa un lugar primordial, formando seres humanos solidarios, emp\u00e1ticos, emprendedores y con destacadas capacidades en los \u00e1mbitos cient\u00edficos, deportivos, art\u00edsticos y de liderazgo.<\/p>\t\t\t\t\t\t\t\t<\/div>\n\t\t\t\t<\/div>\n\t\t\t\t\t<\/div>\n\t\t<\/div>\n\t\t\t\t\t<\/div>\n\t\t<\/section>\n\t\t\t\t<\/div>\n\t\t","protected":false},"excerpt":{"rendered":"<p>No hay nada m\u00e1s valioso que la historia. Ella guarda cada uno de los momentos m\u00e1s emblem\u00e1ticos, integr\u00e1ndolos a la vida del ser humano. Sin ella, la humanidad perder\u00eda su memoria. Si todas las buenas acciones de las personas se convirtieran en hechos tangibles, el mundo ser\u00eda diferente. Es as\u00ed como brilla la maravillosa idea de un grupo de profesores visionarios que, ante las necesidades educativas de nuestra ciudad de Tarija, decidieron fundar una instituci\u00f3n educativa particular. Su objetivo era claro: ofrecer nuevos espacios de formaci\u00f3n para una creciente poblaci\u00f3n estudiantil. Esta decisi\u00f3n fue, sin duda, acertada e inigualable. Recordar la creaci\u00f3n de nuestro querido colegio es, sin margen de error, abrir el tel\u00f3n del tiempo y transportarnos al instante preciso de su fundaci\u00f3n. Esta rese\u00f1a hist\u00f3rica nos gu\u00eda por ese recorrido: El constante incremento de estudiantes en el ciclo secundario de Tarija, sumado a la escasez de infraestructuras y&hellip;<\/p>\n<p> <a class=\"more-link\" href=\"https:\/\/cosabe.edu.bo\/index.php\/nuestro-colegio\/\">Leer m\u00e1s<\/a><\/p>\n","protected":false},"author":1,"featured_media":0,"parent":0,"menu_order":0,"comment_status":"closed","ping_status":"closed","template":"","meta":{"footnotes":""},"class_list":["post-91","page","type-page","status-publish"],"_links":{"self":[{"href":"https:\/\/cosabe.edu.bo\/index.php\/wp-json\/wp\/v2\/pages\/91","targetHints":{"allow":["GET"]}}],"collection":[{"href":"https:\/\/cosabe.edu.bo\/index.php\/wp-json\/wp\/v2\/pages"}],"about":[{"href":"https:\/\/cosabe.edu.bo\/index.php\/wp-json\/wp\/v2\/types\/page"}],"author":[{"embeddable":true,"href":"https:\/\/cosabe.edu.bo\/index.php\/wp-json\/wp\/v2\/users\/1"}],"replies":[{"embeddable":true,"href":"https:\/\/cosabe.edu.bo\/index.php\/wp-json\/wp\/v2\/comments?post=91"}],"version-history":[{"count":48,"href":"https:\/\/cosabe.edu.bo\/index.php\/wp-json\/wp\/v2\/pages\/91\/revisions"}],"predecessor-version":[{"id":5186,"href":"https:\/\/cosabe.edu.bo\/index.php\/wp-json\/wp\/v2\/pages\/91\/revisions\/5186"}],"wp:attachment":[{"href":"https:\/\/cosabe.edu.bo\/index.php\/wp-json\/wp\/v2\/media?parent=91"}],"curies":[{"name":"wp","href":"https:\/\/api.w.org\/{rel}","templated":true}]}}