{"id":842,"date":"2023-03-24T22:20:39","date_gmt":"2023-03-25T02:20:39","guid":{"rendered":"https:\/\/cosabe.edu.bo\/?page_id=842"},"modified":"2025-06-09T08:53:25","modified_gmt":"2025-06-09T12:53:25","slug":"842-2","status":"publish","type":"page","link":"https:\/\/cosabe.edu.bo\/index.php\/842-2\/","title":{"rendered":"Calendario"},"content":{"rendered":"\n\n\t\t\t\t<img decoding=\"async\" src=\"https:\/\/cosabe.edu.bo\/wp-content\/plugins\/beaver-builder-lite-version\/img\/pixel.png\" alt=\"\" itemprop=\"image\" onerror=\"this.style.display='none'\"  \/>\n\t\t\t\t<img decoding=\"async\" src=\"https:\/\/cosabe.edu.bo\/wp-content\/plugins\/beaver-builder-lite-version\/img\/pixel.png\" alt=\"\" itemprop=\"image\" onerror=\"this.style.display='none'\"  \/>\n\t\t\t\t<img decoding=\"async\" src=\"https:\/\/cosabe.edu.bo\/wp-content\/plugins\/beaver-builder-lite-version\/img\/pixel.png\" alt=\"\" itemprop=\"image\" onerror=\"this.style.display='none'\"  \/>\n\t<!DOCTYPE html>\n<html lang=\"es\">\n<head>\n    <meta charset=\"UTF-8\"\/>\n    <meta name=\"viewport\" content=\"width=device-width, initial-scale=1.0\"\/>\n    <title>CALENDARIO ACAD\u00c9MICO 2025<\/title>\n    <style>\n        body {\n            font-family: Arial, sans-serif;\n            background-color: #ffffff;\n            color: #307239;\n            text-align: center;\n            margin: 0;\n            padding: 20px;\n        }\n        .calendar-container1 {\n            max-width: 1000px;\n            margin: 20px auto;\n            padding: 20px;\n            background-color: #f8f9fa;\n            border-radius: 10px;\n            box-shadow: 0 4px 10px rgba(0, 0, 0, 0.2);\n        }\n        h1 {\n            color: #e6b325;\n            font-size: 20;\n            margin-bottom: 20px;\n        }\n        table {\n            width: 100%;\n            border-collapse: collapse;\n            background-color: #ffffff;\n            border-radius: 10px;\n            overflow: hidden;\n        }\n        th, td {\n            border: 1px solid #307239;\n            padding: 12px;\n            text-align: left;\n        }\n        th {\n            background-color: #307239;\n            color: #ffffff;\n            font-size: 16px;\n        }\n        tr:nth-child(even) {\n            background-color: #f2f2f2;\n        }\n        tr:hover {\n            background-color: #e6b325;\n            color: #ffffff;\n            cursor: pointer;\n        }\n    <\/style>\n<\/head>\n<body>\n        <h1>CALENDARIO ACAD\u00c9MICO 2025<\/h1>\n        <table>\n            <tr>\n                <th>Mes<\/th>\n                <th>Fechas<\/th>\n                <th>Actividad<\/th>\n            <\/tr>\n            <tr>\n                <td>Febrero<\/td>\n                <td>3 &#8211; 28<\/td>\n                <td>Mes de desarrollo curricular y evaluaci\u00f3n permanente (1er Trimestre)<\/td>\n            <\/tr>\n            <tr>\n                <td>Marzo<\/td>\n                <td>5 &#8211; 31<\/td>\n                <td>Mes de desarrollo curricular y evaluaci\u00f3n permanente (1er Trimestre)<\/td>\n            <\/tr>\n            <tr>\n                <td>Abril<\/td>\n                <td>1 &#8211; 30<\/td>\n                <td>Mes de desarrollo curricular y evaluaci\u00f3n permanente (1er Trimestre)<\/td>\n            <\/tr>\n            <tr>\n                <td>Mayo<\/td>\n                <td>2 &#8211; 8<\/td>\n                <td>Semana de recuperatorios (1er Trimestre)<\/td>\n            <\/tr>\n            <tr>\n                <td>Mayo<\/td>\n                <td>9<\/td>\n                <td>Cierre de sistema de calificaciones para profesores<\/td>\n            <\/tr>\n            <tr>\n                <td>Mayo<\/td>\n                <td>10<\/td>\n                <td>Consejo de profesores<\/td>\n            <\/tr>\n            <tr>\n                <td>Mayo<\/td>\n                <td>13<\/td>\n                <td>APERTURA DE SISTEMA DE CALIFICACIONES A PADRES DE FAMILIA<\/td>\n            <\/tr>\n            <tr>\n                <td>Mayo<\/td>\n                <td>12<\/td>\n                <td>Inicio Segundo Trimestre<\/td>\n            <\/tr>\n            <tr>\n                <td>Mayo<\/td>\n                <td>12 &#8211; 30<\/td>\n                <td>Mes de desarrollo curricular y evaluaci\u00f3n permanente (2do Trimestre)<\/td>\n            <\/tr>\n            <tr>\n                <td>Junio<\/td>\n                <td>2 &#8211; 30<\/td>\n                <td>Mes de desarrollo curricular y evaluaci\u00f3n permanente (2do Trimestre)<\/td>\n            <\/tr>\n            <tr>\n                <td>Julio<\/td>\n                <td>7 &#8211; 18<\/td>\n                <td>Descanso pedag\u00f3gico<\/td>\n            <\/tr>\n             <tr>\n                <td>Julio<\/td>\n                <td>1 &#8211; 31<\/td>\n                <td>Mes de desarrollo curricular y evaluaci\u00f3n permanente (2do trimestre)<\/td>\n            <\/tr>\n             <tr>\n                <td>Agosto<\/td>\n                <td>1 &#8211; 29<\/td>\n                <td>Mes de desarrollo curricular y evaluaci\u00f3n permanente (2do trimestre)<\/td>\n            <\/tr>\n            <tr>\n                <td>Agosto<\/td>\n                <td>22 &#8211; 28<\/td>\n                <td>Semana de recuperatorios (2do Trimestre)<\/td>\n            <\/tr>\n            <tr>\n                <td>Agosto<\/td>\n                <td>29<\/td>\n                <td>CIERRE DE SISTEMA DE CALIFICACIONES PARA PROFESORES.<\/td>\n            <\/tr>\n           <tr>\n                <td>Agosto<\/td>\n                <td>30<\/td>\n                <td>CONSEJO DE PROFESORES.<\/td>\n            <\/tr>\n             <tr>\n                <td>Septiembre<\/td>\n                <td>2<\/td>\n                <td>APERTURA DE SISTEMA DE CALIFICACIONES A PADRES DE FAMILIA.<\/td>\n            <\/tr>\n            <tr>\n                <td>Septiembre<\/td>\n                <td>1<\/td>\n                <td>Inicio Tercer Trimestre<\/td>\n            <\/tr>\n              <tr>\n                <td>Septiembre<\/td>\n                <td>1 &#8211; 30<\/td>\n                <td>Mes de desarrollo curricular y evaluaci\u00f3n permanente (3er trimestre)<\/td>\n            <\/tr>\n            <tr>\n                <td>Octubre<\/td>\n                <td>1 &#8211; 31<\/td>\n                <td>Mes de desarrollo curricular y evaluaci\u00f3n permanente (3er trimestre)\n                <\/td>\n            <\/tr>\n            <tr>\n                <td>Noviembre<\/td>\n                <td>3 &#8211; 7<\/td>\n                <td>SEMANA DE RECUPERATORIOS 1 (3er Trimestre)<\/td>\n            <\/tr>\n            <tr>\n                <td>Noviembre<\/td>\n                <td>8<\/td>\n                <td>PRECONSEJO DE PROFESORES.<\/td>\n            <\/tr>\n            <tr>\n                <td>Noviembre<\/td>\n                <td>1 &#8211; 28<\/td>\n                <td>Mes de desarrollo curricular y evaluaci\u00f3n permanente.<\/td>\n            <\/tr>\n            <tr>\n                <td>Noviembre<\/td>\n                <td>14<\/td>\n                <td>Finalizaci\u00f3n de desarrollo curricular y evaluaciones (Sexto de secundaria)<\/td>\n            <\/tr>\n            <tr>\n                <td>Noviembre<\/td>\n                <td>15<\/td>\n                <td>CONSEJO DE PROFESORES (SEXTO DE SECUNDARIA)<\/td>\n            <\/tr>\n             <tr>\n                <td>Noviembre<\/td>\n                <td>24 &#8211; 28<\/td>\n                <td>SEMANA DE RECUPERATORIOS 2.<\/td>\n            <\/tr>\n            <tr>\n                <td>Diciembre<\/td>\n                <td>1 &#8211; 2<\/td>\n                <td>Mes de desarrollo curricular y evaluaci\u00f3n permanente.<\/td>\n            <\/tr>\n            <tr>\n                <td>Diciembre<\/td>\n                <td>2<\/td>\n                <td>Cierre de sistema de calificaciones para profesores<\/td>\n            <\/tr>\n            <tr>\n                <td>Diciembre<\/td>\n                <td>3<\/td>\n                <td>CONSEJO ANUAL INICIAL, PRIMARIA, SECUNDARIA.<\/td>\n            <\/tr>\n            <tr>\n                <td>Diciembre<\/td>\n                <td> 4- 12<\/td>\n                <td>Jornadas de evaluaci\u00f3n, actos y preparaci\u00f3n de documentaci\u00f3n<\/td>\n            <\/tr>\n        <\/table>\n<\/body>\n<\/html>\n\t<!DOCTYPE html>\n<html lang=\"es\">\n<head>\n    <meta charset=\"UTF-8\"\/>\n    <meta name=\"viewport\" content=\"width=device-width, initial-scale=1.0\"\/>\n    <title>Calendario de Actividades 2025<\/title>\n    <style>\n        body {\n            font-family: Arial, sans-serif;\n            background-color: #ffffff;\n            color: #307239;\n            text-align: center;\n            margin: 0;\n            padding: 0;\n        }\n        .calendar-container {\n            max-width: 1000px;\n            margin: 20px auto;\n            padding: 20px;\n            background-color: #f8f9fa;\n            border-radius: 10px;\n            box-shadow: 0 4px 10px rgba(0, 0, 0, 0.2);\n            display: flex;\n            flex-direction: column;\n            align-items: center;\n            position: relative;\n        }\n        .calendar {\n            display: grid;\n            grid-template-columns: repeat(auto-fit, minmax(120px, 1fr));\n            gap: 10px;\n            width: 100%;\n            max-width: 400px;\n        }\n        .event-display {\n            width: 100%;\n            max-width: 600px;\n            padding: 15px;\n            background-color: rgba(255, 255, 255, 0.9);\n            border-radius: 10px;\n            box-shadow: 0 2px 4px rgba(0, 0, 0, 0.1);\n            text-align: left;\n            font-size: 16px;\n            font-weight: bold;\n            color: #307239;\n            display: none;\n            animation: fadeIn 0.5s;\n            min-height: 150px;\n            overflow-y: auto;\n            position: relative;\n        }\n        .event-display::before {\n            content: \"\";\n            background: url('escudo_colegio.png') no-repeat center;\n            background-size: contain;\n            opacity: 0.2;\n            position: absolute;\n            top: 0;\n            left: 0;\n            width: 100%;\n            height: 100%;\n            z-index: -1;\n        }\n        .day {\n            background-color: #307239;\n            color: #ffffff;\n            padding: 12px;\n            border-radius: 5px;\n            cursor: pointer;\n            font-size: 16px;\n            transition: transform 0.3s, background-color 0.3s;\n        }\n        .day:hover {\n            background-color: #e6b325;\n            transform: scale(1.1);\n        }\n        .show {\n            display: block;\n        }\n        h1 {\n            font-size: 22px;\n        }\n        @keyframes fadeIn {\n            from { opacity: 0; transform: translateX(-10px); }\n            to { opacity: 1; transform: translateX(0); }\n        }\n        @media (max-width: 768px) {\n            .calendar-container {\n                padding: 10px;\n            }\n            .calendar {\n                grid-template-columns: repeat(2, 1fr);\n            }\n            .event-display {\n                font-size: 14px;\n                padding: 10px;\n            }\n            h1 {\n                font-size: 18px;\n            }\n        }\n    <\/style>\n<\/head>\n<body>\n        <h1>Calendario de Actividades 2025<\/h1>\n            Febrero\n            Marzo\n            Abril\n            Mayo\n            Junio\n            Julio\n            Agosto\n            Septiembre\n            Octubre\n            Noviembre\n            Diciembre\n<\/body>\n<\/html>\n\n","protected":false},"excerpt":{"rendered":"<p>CALENDARIO ACAD\u00c9MICO 2025 CALENDARIO ACAD\u00c9MICO 2025 Mes Fechas Actividad Febrero 3 &#8211; 28 Mes de desarrollo curricular y evaluaci\u00f3n permanente (1er Trimestre) Marzo 5 &#8211; 31 Mes de desarrollo curricular y evaluaci\u00f3n permanente (1er Trimestre) Abril 1 &#8211; 30 Mes de desarrollo curricular y evaluaci\u00f3n permanente (1er Trimestre) Mayo 2 &#8211; 8 Semana de recuperatorios (1er Trimestre) Mayo 9 Cierre de sistema de calificaciones para profesores Mayo 10 Consejo de profesores Mayo 13 APERTURA DE SISTEMA DE CALIFICACIONES A PADRES DE FAMILIA Mayo 12 Inicio Segundo Trimestre Mayo 12 &#8211; 30 Mes de desarrollo curricular y evaluaci\u00f3n permanente (2do Trimestre) Junio 2 &#8211; 30 Mes de desarrollo curricular y evaluaci\u00f3n permanente (2do Trimestre) Julio 7 &#8211; 18 Descanso pedag\u00f3gico Julio 1 &#8211; 31 Mes de desarrollo curricular y evaluaci\u00f3n permanente (2do trimestre) Agosto 1 &#8211; 29 Mes de desarrollo curricular y evaluaci\u00f3n permanente (2do trimestre) Agosto 22 &#8211; 28 Semana&hellip;<\/p>\n<p> <a class=\"more-link\" href=\"https:\/\/cosabe.edu.bo\/index.php\/842-2\/\">Leer m\u00e1s<\/a><\/p>\n","protected":false},"author":1,"featured_media":0,"parent":0,"menu_order":0,"comment_status":"closed","ping_status":"closed","template":"","meta":{"footnotes":""},"class_list":["post-842","page","type-page","status-publish"],"_links":{"self":[{"href":"https:\/\/cosabe.edu.bo\/index.php\/wp-json\/wp\/v2\/pages\/842","targetHints":{"allow":["GET"]}}],"collection":[{"href":"https:\/\/cosabe.edu.bo\/index.php\/wp-json\/wp\/v2\/pages"}],"about":[{"href":"https:\/\/cosabe.edu.bo\/index.php\/wp-json\/wp\/v2\/types\/page"}],"author":[{"embeddable":true,"href":"https:\/\/cosabe.edu.bo\/index.php\/wp-json\/wp\/v2\/users\/1"}],"replies":[{"embeddable":true,"href":"https:\/\/cosabe.edu.bo\/index.php\/wp-json\/wp\/v2\/comments?post=842"}],"version-history":[{"count":48,"href":"https:\/\/cosabe.edu.bo\/index.php\/wp-json\/wp\/v2\/pages\/842\/revisions"}],"predecessor-version":[{"id":4867,"href":"https:\/\/cosabe.edu.bo\/index.php\/wp-json\/wp\/v2\/pages\/842\/revisions\/4867"}],"wp:attachment":[{"href":"https:\/\/cosabe.edu.bo\/index.php\/wp-json\/wp\/v2\/media?parent=842"}],"curies":[{"name":"wp","href":"https:\/\/api.w.org\/{rel}","templated":true}]}}