{"id":5168,"date":"2025-07-03T09:33:29","date_gmt":"2025-07-03T13:33:29","guid":{"rendered":"https:\/\/cosabe.edu.bo\/?page_id=5168"},"modified":"2025-07-03T09:40:16","modified_gmt":"2025-07-03T13:40:16","slug":"sociedad","status":"publish","type":"page","link":"https:\/\/cosabe.edu.bo\/index.php\/sociedad\/","title":{"rendered":"La_sociedad"},"content":{"rendered":"\t\t<div data-elementor-type=\"wp-page\" data-elementor-id=\"5168\" class=\"elementor elementor-5168\">\n\t\t\t\t\t\t<section class=\"elementor-section elementor-top-section elementor-element elementor-element-e6d9996 elementor-section-boxed elementor-section-height-default elementor-section-height-default\" data-id=\"e6d9996\" data-element_type=\"section\">\n\t\t\t\t\t\t<div class=\"elementor-container elementor-column-gap-default\">\n\t\t\t\t\t<div class=\"elementor-column elementor-col-100 elementor-top-column elementor-element elementor-element-287b174\" data-id=\"287b174\" data-element_type=\"column\">\n\t\t\t<div class=\"elementor-widget-wrap elementor-element-populated\">\n\t\t\t\t\t\t<div class=\"elementor-element elementor-element-e2f96e5 elementor-widget elementor-widget-image\" data-id=\"e2f96e5\" data-element_type=\"widget\" data-widget_type=\"image.default\">\n\t\t\t\t<div class=\"elementor-widget-container\">\n\t\t\t\t\t\t\t\t\t\t\t\t\t\t\t<img fetchpriority=\"high\" decoding=\"async\" width=\"800\" height=\"577\" src=\"https:\/\/cosabe.edu.bo\/wp-content\/uploads\/2025\/07\/b_fundadores.png\" class=\"attachment-large size-large wp-image-5170\" alt=\"\" srcset=\"https:\/\/cosabe.edu.bo\/wp-content\/uploads\/2025\/07\/b_fundadores.png 1024w, https:\/\/cosabe.edu.bo\/wp-content\/uploads\/2025\/07\/b_fundadores-300x216.png 300w, https:\/\/cosabe.edu.bo\/wp-content\/uploads\/2025\/07\/b_fundadores-768x554.png 768w\" sizes=\"(max-width: 800px) 100vw, 800px\" \/>\t\t\t\t\t\t\t\t\t\t\t\t\t\t\t<\/div>\n\t\t\t\t<\/div>\n\t\t\t\t\t<\/div>\n\t\t<\/div>\n\t\t\t\t\t<\/div>\n\t\t<\/section>\n\t\t\t\t<section class=\"elementor-section elementor-top-section elementor-element elementor-element-a5925f6 elementor-section-boxed elementor-section-height-default elementor-section-height-default\" data-id=\"a5925f6\" data-element_type=\"section\">\n\t\t\t\t\t\t<div class=\"elementor-container elementor-column-gap-default\">\n\t\t\t\t\t<div class=\"elementor-column elementor-col-100 elementor-top-column elementor-element elementor-element-78d317b\" data-id=\"78d317b\" data-element_type=\"column\">\n\t\t\t<div class=\"elementor-widget-wrap elementor-element-populated\">\n\t\t\t\t\t\t<div class=\"elementor-element elementor-element-b0b11b0 elementor-widget elementor-widget-text-editor\" data-id=\"b0b11b0\" data-element_type=\"widget\" data-widget_type=\"text-editor.default\">\n\t\t\t\t<div class=\"elementor-widget-container\">\n\t\t\t\t\t\t\t\t\t<p class=\"p2\"><strong>1962 \u2013 2025<\/strong><\/p>\n<p class=\"p3\">En el a\u00f1o 1961, un grupo de j\u00f3venes maestros egresados de la Escuela Normal de Sucre, querendones de la tierra de Luis de Fuentes, identifican un problema latente en la ciudad de Tarija: el sobre exceso de alumnado en las unidades educativas fiscales, a causa de la carencia de infraestructuras.<\/p>\n<p class=\"p3\">Comprometidos con el servicio educativo, y decididos en dar una respuesta a esa realidad, los profesores: Amanda Ram\u00edrez de Zamora, Carlos \u00c1vila Claure, Mery Derpic de Solares y Teresa Castellanos de \u00c1vila, se proponen dar inicio al funcionamiento del primer colegio particular en el Departamento de Tarija; acompa\u00f1ados con otros colegas profesores fundadores, el 12 de febrero de 1962, inician su primer a\u00f1o de actividad escolar, abriendo el Colegio Particular San Bernardo de Tarija.<\/p>\n<p class=\"p3\">Luego de transitar por diversas formas jur\u00eddicas, ampliando sus servicios a todos los niveles, se fueron adicionando m\u00e1s profesores a la Sociedad.<\/p>\n<p class=\"p3\">En el a\u00f1o 2021 se establece la Sociedad Educativa San Bernardo de Tarija Sociedad An\u00f3nima, la cual sigue conformada por los profesores accionistas y tambi\u00e9n los descendientes de los profesores que ya no est\u00e1n presentes.<\/p>\n<p class=\"p3\">En el a\u00f1o 2023 se funda ANDALUC\u00cdA Colegio Privado, la nueva apuesta de esta sociedad educativa, que comienza a funcionar en la gesti\u00f3n 2024.<\/p>\n<p class=\"p3\">\u00a0<\/p>\t\t\t\t\t\t\t\t<\/div>\n\t\t\t\t<\/div>\n\t\t\t\t\t<\/div>\n\t\t<\/div>\n\t\t\t\t\t<\/div>\n\t\t<\/section>\n\t\t\t\t<section class=\"elementor-section elementor-top-section elementor-element elementor-element-58ff3f9 elementor-section-boxed elementor-section-height-default elementor-section-height-default\" data-id=\"58ff3f9\" data-element_type=\"section\">\n\t\t\t\t\t\t<div class=\"elementor-container elementor-column-gap-default\">\n\t\t\t\t\t<div class=\"elementor-column elementor-col-100 elementor-top-column elementor-element elementor-element-31fe01a\" data-id=\"31fe01a\" data-element_type=\"column\">\n\t\t\t<div class=\"elementor-widget-wrap elementor-element-populated\">\n\t\t\t\t\t\t<div class=\"elementor-element elementor-element-e4366b2 elementor-widget elementor-widget-heading\" data-id=\"e4366b2\" data-element_type=\"widget\" data-widget_type=\"heading.default\">\n\t\t\t\t<div class=\"elementor-widget-container\">\n\t\t\t\t\t<h2 class=\"elementor-heading-title elementor-size-default\">Establecimientos educativos<\/h2>\t\t\t\t<\/div>\n\t\t\t\t<\/div>\n\t\t\t\t\t<\/div>\n\t\t<\/div>\n\t\t\t\t\t<\/div>\n\t\t<\/section>\n\t\t\t\t<section class=\"elementor-section elementor-top-section elementor-element elementor-element-9441b56 elementor-section-boxed elementor-section-height-default elementor-section-height-default\" data-id=\"9441b56\" data-element_type=\"section\">\n\t\t\t\t\t\t<div class=\"elementor-container elementor-column-gap-default\">\n\t\t\t\t\t<div class=\"elementor-column elementor-col-50 elementor-top-column elementor-element elementor-element-60c13d1\" data-id=\"60c13d1\" data-element_type=\"column\">\n\t\t\t<div class=\"elementor-widget-wrap elementor-element-populated\">\n\t\t\t\t\t\t<div class=\"elementor-element elementor-element-afa8b17 elementor-widget elementor-widget-image\" data-id=\"afa8b17\" data-element_type=\"widget\" data-widget_type=\"image.default\">\n\t\t\t\t<div class=\"elementor-widget-container\">\n\t\t\t\t\t\t\t\t\t\t\t\t<figure class=\"wp-caption\">\n\t\t\t\t\t\t\t\t\t\t\t<a href=\"http:\/\/cosabe.edu.bo\" target=\"_blank\">\n\t\t\t\t\t\t\t<img decoding=\"async\" width=\"150\" height=\"150\" src=\"https:\/\/cosabe.edu.bo\/wp-content\/uploads\/2024\/08\/escudoSanBer-150x150-1.png\" class=\"attachment-large size-large wp-image-4504\" alt=\"\" \/>\t\t\t\t\t\t\t\t<\/a>\n\t\t\t\t\t\t\t\t\t\t\t<figcaption class=\"widget-image-caption wp-caption-text\">Colegio San Bernardo de Tarija<\/figcaption>\n\t\t\t\t\t\t\t\t\t\t<\/figure>\n\t\t\t\t\t\t\t\t\t<\/div>\n\t\t\t\t<\/div>\n\t\t\t\t\t<\/div>\n\t\t<\/div>\n\t\t\t\t<div class=\"elementor-column elementor-col-50 elementor-top-column elementor-element elementor-element-7e608a0\" data-id=\"7e608a0\" data-element_type=\"column\">\n\t\t\t<div class=\"elementor-widget-wrap elementor-element-populated\">\n\t\t\t\t\t\t<div class=\"elementor-element elementor-element-610115d elementor-widget elementor-widget-image\" data-id=\"610115d\" data-element_type=\"widget\" data-widget_type=\"image.default\">\n\t\t\t\t<div class=\"elementor-widget-container\">\n\t\t\t\t\t\t\t\t\t\t\t\t<figure class=\"wp-caption\">\n\t\t\t\t\t\t\t\t\t\t\t<a href=\"http:\/\/andalucia.edu.bo\" target=\"_blank\">\n\t\t\t\t\t\t\t<img decoding=\"async\" width=\"150\" height=\"150\" src=\"https:\/\/cosabe.edu.bo\/wp-content\/uploads\/2024\/08\/escudoAndalucia-150x150-1.png\" class=\"attachment-large size-large wp-image-4503\" alt=\"\" \/>\t\t\t\t\t\t\t\t<\/a>\n\t\t\t\t\t\t\t\t\t\t\t<figcaption class=\"widget-image-caption wp-caption-text\">Andaluc\u00eda Colegio Privado<\/figcaption>\n\t\t\t\t\t\t\t\t\t\t<\/figure>\n\t\t\t\t\t\t\t\t\t<\/div>\n\t\t\t\t<\/div>\n\t\t\t\t\t<\/div>\n\t\t<\/div>\n\t\t\t\t\t<\/div>\n\t\t<\/section>\n\t\t\t\t<\/div>\n\t\t","protected":false},"excerpt":{"rendered":"<p>1962 \u2013 2025 En el a\u00f1o 1961, un grupo de j\u00f3venes maestros egresados de la Escuela Normal de Sucre, querendones de la tierra de Luis de Fuentes, identifican un problema latente en la ciudad de Tarija: el sobre exceso de alumnado en las unidades educativas fiscales, a causa de la carencia de infraestructuras. Comprometidos con el servicio educativo, y decididos en dar una respuesta a esa realidad, los profesores: Amanda Ram\u00edrez de Zamora, Carlos \u00c1vila Claure, Mery Derpic de Solares y Teresa Castellanos de \u00c1vila, se proponen dar inicio al funcionamiento del primer colegio particular en el Departamento de Tarija; acompa\u00f1ados con otros colegas profesores fundadores, el 12 de febrero de 1962, inician su primer a\u00f1o de actividad escolar, abriendo el Colegio Particular San Bernardo de Tarija. Luego de transitar por diversas formas jur\u00eddicas, ampliando sus servicios a todos los niveles, se fueron adicionando m\u00e1s profesores a la Sociedad. En&hellip;<\/p>\n<p> <a class=\"more-link\" href=\"https:\/\/cosabe.edu.bo\/index.php\/sociedad\/\">Leer m\u00e1s<\/a><\/p>\n","protected":false},"author":9,"featured_media":0,"parent":0,"menu_order":0,"comment_status":"closed","ping_status":"closed","template":"","meta":{"footnotes":""},"class_list":["post-5168","page","type-page","status-publish"],"_links":{"self":[{"href":"https:\/\/cosabe.edu.bo\/index.php\/wp-json\/wp\/v2\/pages\/5168","targetHints":{"allow":["GET"]}}],"collection":[{"href":"https:\/\/cosabe.edu.bo\/index.php\/wp-json\/wp\/v2\/pages"}],"about":[{"href":"https:\/\/cosabe.edu.bo\/index.php\/wp-json\/wp\/v2\/types\/page"}],"author":[{"embeddable":true,"href":"https:\/\/cosabe.edu.bo\/index.php\/wp-json\/wp\/v2\/users\/9"}],"replies":[{"embeddable":true,"href":"https:\/\/cosabe.edu.bo\/index.php\/wp-json\/wp\/v2\/comments?post=5168"}],"version-history":[{"count":8,"href":"https:\/\/cosabe.edu.bo\/index.php\/wp-json\/wp\/v2\/pages\/5168\/revisions"}],"predecessor-version":[{"id":5177,"href":"https:\/\/cosabe.edu.bo\/index.php\/wp-json\/wp\/v2\/pages\/5168\/revisions\/5177"}],"wp:attachment":[{"href":"https:\/\/cosabe.edu.bo\/index.php\/wp-json\/wp\/v2\/media?parent=5168"}],"curies":[{"name":"wp","href":"https:\/\/api.w.org\/{rel}","templated":true}]}}