{"id":5116,"date":"2025-07-01T17:20:52","date_gmt":"2025-07-01T21:20:52","guid":{"rendered":"https:\/\/cosabe.edu.bo\/?page_id=5116"},"modified":"2025-09-30T17:58:14","modified_gmt":"2025-09-30T21:58:14","slug":"dir_4","status":"publish","type":"page","link":"https:\/\/cosabe.edu.bo\/index.php\/quienes-somos\/dir_4\/","title":{"rendered":"dir_sec2"},"content":{"rendered":"\t\t<div data-elementor-type=\"wp-page\" data-elementor-id=\"5116\" class=\"elementor elementor-5116\">\n\t\t\t\t\t\t<section class=\"elementor-section elementor-top-section elementor-element elementor-element-1da3088 elementor-section-boxed elementor-section-height-default elementor-section-height-default\" data-id=\"1da3088\" data-element_type=\"section\">\n\t\t\t\t\t\t<div class=\"elementor-container elementor-column-gap-default\">\n\t\t\t\t\t<div class=\"elementor-column elementor-col-100 elementor-top-column elementor-element elementor-element-85a118e\" data-id=\"85a118e\" data-element_type=\"column\" data-settings=\"{&quot;background_background&quot;:&quot;classic&quot;}\">\n\t\t\t<div class=\"elementor-widget-wrap elementor-element-populated\">\n\t\t\t\t\t\t<div class=\"elementor-element elementor-element-e4ec404 elementor-widget elementor-widget-heading\" data-id=\"e4ec404\" data-element_type=\"widget\" data-widget_type=\"heading.default\">\n\t\t\t\t<div class=\"elementor-widget-container\">\n\t\t\t\t\t<h2 class=\"elementor-heading-title elementor-size-default\">Director secundaria<\/h2>\t\t\t\t<\/div>\n\t\t\t\t<\/div>\n\t\t\t\t\t<\/div>\n\t\t<\/div>\n\t\t\t\t\t<\/div>\n\t\t<\/section>\n\t\t\t\t<section class=\"elementor-section elementor-top-section elementor-element elementor-element-4249a38 elementor-section-boxed elementor-section-height-default elementor-section-height-default\" data-id=\"4249a38\" data-element_type=\"section\">\n\t\t\t\t\t\t<div class=\"elementor-container elementor-column-gap-default\">\n\t\t\t\t\t<div class=\"elementor-column elementor-col-100 elementor-top-column elementor-element elementor-element-7d88169\" data-id=\"7d88169\" data-element_type=\"column\">\n\t\t\t<div class=\"elementor-widget-wrap elementor-element-populated\">\n\t\t\t\t\t\t<div class=\"elementor-element elementor-element-a1aee72 elementor-widget elementor-widget-image\" data-id=\"a1aee72\" data-element_type=\"widget\" data-widget_type=\"image.default\">\n\t\t\t\t<div class=\"elementor-widget-container\">\n\t\t\t\t\t\t\t\t\t\t\t\t\t\t\t<img fetchpriority=\"high\" decoding=\"async\" width=\"1920\" height=\"900\" src=\"https:\/\/cosabe.edu.bo\/wp-content\/uploads\/2025\/06\/mario.png\" class=\"attachment-full size-full wp-image-5031\" alt=\"\" srcset=\"https:\/\/cosabe.edu.bo\/wp-content\/uploads\/2025\/06\/mario.png 1920w, https:\/\/cosabe.edu.bo\/wp-content\/uploads\/2025\/06\/mario-300x141.png 300w, https:\/\/cosabe.edu.bo\/wp-content\/uploads\/2025\/06\/mario-1024x480.png 1024w, https:\/\/cosabe.edu.bo\/wp-content\/uploads\/2025\/06\/mario-768x360.png 768w, https:\/\/cosabe.edu.bo\/wp-content\/uploads\/2025\/06\/mario-1536x720.png 1536w\" sizes=\"(max-width: 1920px) 100vw, 1920px\" \/>\t\t\t\t\t\t\t\t\t\t\t\t\t\t\t<\/div>\n\t\t\t\t<\/div>\n\t\t\t\t\t<\/div>\n\t\t<\/div>\n\t\t\t\t\t<\/div>\n\t\t<\/section>\n\t\t\t\t<section class=\"elementor-section elementor-top-section elementor-element elementor-element-7068efe elementor-section-boxed elementor-section-height-default elementor-section-height-default\" data-id=\"7068efe\" data-element_type=\"section\">\n\t\t\t\t\t\t<div class=\"elementor-container elementor-column-gap-default\">\n\t\t\t\t\t<div class=\"elementor-column elementor-col-100 elementor-top-column elementor-element elementor-element-2fd357c\" data-id=\"2fd357c\" data-element_type=\"column\">\n\t\t\t<div class=\"elementor-widget-wrap elementor-element-populated\">\n\t\t\t\t\t\t<div class=\"elementor-element elementor-element-70e5785 elementor-widget elementor-widget-text-editor\" data-id=\"70e5785\" data-element_type=\"widget\" data-widget_type=\"text-editor.default\">\n\t\t\t\t<div class=\"elementor-widget-container\">\n\t\t\t\t\t\t\t\t\t<p>Querida comunidad educativa, esperando que nos encontremos bien de salud a lado de los seres que amamos, les hago llegar un saludo cordial.<\/p><p>Aprovecho este espacio para agradecerles por haber puesto su confianza en el proyecto educativo del Colegio San Bernardo de Tarija que viene super\u00e1ndose gracias a la experiencia y dedicaci\u00f3n del plantel docente y administrativo con el que cuenta, que se ha ido adquiriendo a trav\u00e9s del tiempo en base a objetivos claros que se trabajan con el equipo directivo.<\/p><p>Asimismo, queremos hacer hincapi\u00e9 en que la educaci\u00f3n de nuestros j\u00f3venes y se\u00f1oritas es responsabilidad de todos, no podemos pretender que la educaci\u00f3n, hoy en d\u00eda, solo le corresponde a la escuela, todos estamos directa o indirectamente involucrados en este proceso, por lo que es necesario que haya una simbiosis entre los principales actores de la educaci\u00f3n.<\/p><p>Padres de familia, maestros y sociedad en su conjunto debemos direccionar nuestras doctrinas para desarrollar habilidades, competencias y actitudes en nuestros j\u00f3venes y se\u00f1oritas, que les permitan ser personas \u00edntegras con valores y principios que despierten en ellos un sentimiento de responsabilidad social para desenvolverse en los diferentes \u00e1mbitos en los que la vida los llame a servir.<\/p><p>Que el Se\u00f1or de la vida nos bendiga y San Bernardo interceda por cada uno de los miembros de nuestra comunidad educativa.<\/p><p><strong>Lic. Mario Walter Rodr\u00edguez Flores<\/strong><br \/><strong>Director Nivel Secundario<\/strong><\/p>\t\t\t\t\t\t\t\t<\/div>\n\t\t\t\t<\/div>\n\t\t\t\t\t<\/div>\n\t\t<\/div>\n\t\t\t\t\t<\/div>\n\t\t<\/section>\n\t\t\t\t<\/div>\n\t\t","protected":false},"excerpt":{"rendered":"<p>Director secundaria Querida comunidad educativa, esperando que nos encontremos bien de salud a lado de los seres que amamos, les hago llegar un saludo cordial. Aprovecho este espacio para agradecerles por haber puesto su confianza en el proyecto educativo del Colegio San Bernardo de Tarija que viene super\u00e1ndose gracias a la experiencia y dedicaci\u00f3n del plantel docente y administrativo con el que cuenta, que se ha ido adquiriendo a trav\u00e9s del tiempo en base a objetivos claros que se trabajan con el equipo directivo. Asimismo, queremos hacer hincapi\u00e9 en que la educaci\u00f3n de nuestros j\u00f3venes y se\u00f1oritas es responsabilidad de todos, no podemos pretender que la educaci\u00f3n, hoy en d\u00eda, solo le corresponde a la escuela, todos estamos directa o indirectamente involucrados en este proceso, por lo que es necesario que haya una simbiosis entre los principales actores de la educaci\u00f3n. Padres de familia, maestros y sociedad en su conjunto&hellip;<\/p>\n<p> <a class=\"more-link\" href=\"https:\/\/cosabe.edu.bo\/index.php\/quienes-somos\/dir_4\/\">Leer m\u00e1s<\/a><\/p>\n","protected":false},"author":1,"featured_media":0,"parent":13,"menu_order":0,"comment_status":"closed","ping_status":"closed","template":"","meta":{"footnotes":""},"class_list":["post-5116","page","type-page","status-publish"],"_links":{"self":[{"href":"https:\/\/cosabe.edu.bo\/index.php\/wp-json\/wp\/v2\/pages\/5116","targetHints":{"allow":["GET"]}}],"collection":[{"href":"https:\/\/cosabe.edu.bo\/index.php\/wp-json\/wp\/v2\/pages"}],"about":[{"href":"https:\/\/cosabe.edu.bo\/index.php\/wp-json\/wp\/v2\/types\/page"}],"author":[{"embeddable":true,"href":"https:\/\/cosabe.edu.bo\/index.php\/wp-json\/wp\/v2\/users\/1"}],"replies":[{"embeddable":true,"href":"https:\/\/cosabe.edu.bo\/index.php\/wp-json\/wp\/v2\/comments?post=5116"}],"version-history":[{"count":16,"href":"https:\/\/cosabe.edu.bo\/index.php\/wp-json\/wp\/v2\/pages\/5116\/revisions"}],"predecessor-version":[{"id":5249,"href":"https:\/\/cosabe.edu.bo\/index.php\/wp-json\/wp\/v2\/pages\/5116\/revisions\/5249"}],"up":[{"embeddable":true,"href":"https:\/\/cosabe.edu.bo\/index.php\/wp-json\/wp\/v2\/pages\/13"}],"wp:attachment":[{"href":"https:\/\/cosabe.edu.bo\/index.php\/wp-json\/wp\/v2\/media?parent=5116"}],"curies":[{"name":"wp","href":"https:\/\/api.w.org\/{rel}","templated":true}]}}