{"id":4947,"date":"2025-06-27T17:11:22","date_gmt":"2025-06-27T21:11:22","guid":{"rendered":"https:\/\/cosabe.edu.bo\/?page_id=4947"},"modified":"2025-07-02T11:20:26","modified_gmt":"2025-07-02T15:20:26","slug":"dir_2","status":"publish","type":"page","link":"https:\/\/cosabe.edu.bo\/index.php\/quienes-somos\/dir_2\/","title":{"rendered":"dir_ini_pri"},"content":{"rendered":"\t\t<div data-elementor-type=\"wp-page\" data-elementor-id=\"4947\" class=\"elementor elementor-4947\">\n\t\t\t\t\t\t<section class=\"elementor-section elementor-top-section elementor-element elementor-element-25af121 elementor-section-boxed elementor-section-height-default elementor-section-height-default\" data-id=\"25af121\" data-element_type=\"section\">\n\t\t\t\t\t\t<div class=\"elementor-container elementor-column-gap-default\">\n\t\t\t\t\t<div class=\"elementor-column elementor-col-100 elementor-top-column elementor-element elementor-element-bc7addb\" data-id=\"bc7addb\" data-element_type=\"column\" data-settings=\"{&quot;background_background&quot;:&quot;classic&quot;}\">\n\t\t\t<div class=\"elementor-widget-wrap elementor-element-populated\">\n\t\t\t\t\t\t<div class=\"elementor-element elementor-element-42b003b elementor-widget elementor-widget-heading\" data-id=\"42b003b\" data-element_type=\"widget\" data-widget_type=\"heading.default\">\n\t\t\t\t<div class=\"elementor-widget-container\">\n\t\t\t\t\t<h2 class=\"elementor-heading-title elementor-size-default\">director niveles inicial y primaria<\/h2>\t\t\t\t<\/div>\n\t\t\t\t<\/div>\n\t\t\t\t\t<\/div>\n\t\t<\/div>\n\t\t\t\t\t<\/div>\n\t\t<\/section>\n\t\t\t\t<section class=\"elementor-section elementor-top-section elementor-element elementor-element-5f927cd elementor-section-boxed elementor-section-height-default elementor-section-height-default\" data-id=\"5f927cd\" data-element_type=\"section\">\n\t\t\t\t\t\t<div class=\"elementor-container elementor-column-gap-default\">\n\t\t\t\t\t<div class=\"elementor-column elementor-col-100 elementor-top-column elementor-element elementor-element-50b7263\" data-id=\"50b7263\" data-element_type=\"column\">\n\t\t\t<div class=\"elementor-widget-wrap elementor-element-populated\">\n\t\t\t\t\t\t<div class=\"elementor-element elementor-element-d55ba50 elementor-widget elementor-widget-image\" data-id=\"d55ba50\" data-element_type=\"widget\" data-widget_type=\"image.default\">\n\t\t\t\t<div class=\"elementor-widget-container\">\n\t\t\t\t\t\t\t\t\t\t\t\t\t\t\t<img fetchpriority=\"high\" decoding=\"async\" width=\"1920\" height=\"900\" src=\"https:\/\/cosabe.edu.bo\/wp-content\/uploads\/2025\/06\/marco.png\" class=\"attachment-full size-full wp-image-4950\" alt=\"\" srcset=\"https:\/\/cosabe.edu.bo\/wp-content\/uploads\/2025\/06\/marco.png 1920w, https:\/\/cosabe.edu.bo\/wp-content\/uploads\/2025\/06\/marco-300x141.png 300w, https:\/\/cosabe.edu.bo\/wp-content\/uploads\/2025\/06\/marco-1024x480.png 1024w, https:\/\/cosabe.edu.bo\/wp-content\/uploads\/2025\/06\/marco-768x360.png 768w, https:\/\/cosabe.edu.bo\/wp-content\/uploads\/2025\/06\/marco-1536x720.png 1536w\" sizes=\"(max-width: 1920px) 100vw, 1920px\" \/>\t\t\t\t\t\t\t\t\t\t\t\t\t\t\t<\/div>\n\t\t\t\t<\/div>\n\t\t\t\t\t<\/div>\n\t\t<\/div>\n\t\t\t\t\t<\/div>\n\t\t<\/section>\n\t\t\t\t<section class=\"elementor-section elementor-top-section elementor-element elementor-element-9835c8e elementor-section-boxed elementor-section-height-default elementor-section-height-default\" data-id=\"9835c8e\" data-element_type=\"section\">\n\t\t\t\t\t\t<div class=\"elementor-container elementor-column-gap-default\">\n\t\t\t\t\t<div class=\"elementor-column elementor-col-100 elementor-top-column elementor-element elementor-element-05ee42a\" data-id=\"05ee42a\" data-element_type=\"column\">\n\t\t\t<div class=\"elementor-widget-wrap elementor-element-populated\">\n\t\t\t\t\t\t<div class=\"elementor-element elementor-element-4ce515d elementor-widget elementor-widget-text-editor\" data-id=\"4ce515d\" data-element_type=\"widget\" data-widget_type=\"text-editor.default\">\n\t\t\t\t<div class=\"elementor-widget-container\">\n\t\t\t\t\t\t\t\t\t<p><strong>Estimada Comunidad Educativa San Bernardina:<\/strong><\/p><p>En el Colegio San Bernardo de Tarija, nos esforzamos por brindar una educaci\u00f3n de alta calidad que, se adapte a las necesidades de nuestros estudiantes en sus diferentes niveles educativos. Creemos que la educaci\u00f3n es un proceso integral que, requiere de la participaci\u00f3n activa de todos los miembros de la comunidad educativa.<\/p><p>Entre nuestros objetivos est\u00e1n, el proporcionar una formaci\u00f3n que fomente la curiosidad, la creatividad y el amor por el aprendizaje en nuestros estudiantes. Nuestro equipo docente, est\u00e1 plenamente comprometido con brindar una educaci\u00f3n de alta calidad que prepare a nuestros estudiantes para los desaf\u00edos del futuro.<\/p><p>Pero no solo nos enfocamos en la calidad educativa, sino tambi\u00e9n en la formaci\u00f3n en valores. Ense\u00f1amos a nuestros estudiantes a ser respetuosos, resilientes, solidarios, honestos y responsables. Creemos que estos valores son fundamentales para construir una sociedad m\u00e1s justa y equitativa.<\/p><p>En el Colegio San Bernardo de Tarija, promovemos una convivencia pac\u00edfica y arm\u00f3nica entre todos los miembros de la comunidad educativa. Fomentamos el respeto mutuo, la empat\u00eda y la solidaridad entre nuestros estudiantes, docentes y personal administrativo.<\/p><p>Nuestro compromiso es brindar una educaci\u00f3n que permita a nuestros estudiantes, crecer como personas \u00edntegras y responsables, capaces de enfrentar los desaf\u00edos del futuro con confianza y seguridad.<\/p><p>Agradecemos el apoyo y la confianza que depositan en nosotros. Juntos, podemos hacer posible todos los objetivos y brindar a nuestros estudiantes la mejor educaci\u00f3n.<br \/><strong>Lic. Marco Su\u00e1rez V.<\/strong><br \/><strong>Director Inicial &#8211; Primaria<\/strong><\/p>\t\t\t\t\t\t\t\t<\/div>\n\t\t\t\t<\/div>\n\t\t\t\t\t<\/div>\n\t\t<\/div>\n\t\t\t\t\t<\/div>\n\t\t<\/section>\n\t\t\t\t<\/div>\n\t\t","protected":false},"excerpt":{"rendered":"<p>director niveles inicial y primaria Estimada Comunidad Educativa San Bernardina: En el Colegio San Bernardo de Tarija, nos esforzamos por brindar una educaci\u00f3n de alta calidad que, se adapte a las necesidades de nuestros estudiantes en sus diferentes niveles educativos. Creemos que la educaci\u00f3n es un proceso integral que, requiere de la participaci\u00f3n activa de todos los miembros de la comunidad educativa. Entre nuestros objetivos est\u00e1n, el proporcionar una formaci\u00f3n que fomente la curiosidad, la creatividad y el amor por el aprendizaje en nuestros estudiantes. Nuestro equipo docente, est\u00e1 plenamente comprometido con brindar una educaci\u00f3n de alta calidad que prepare a nuestros estudiantes para los desaf\u00edos del futuro. Pero no solo nos enfocamos en la calidad educativa, sino tambi\u00e9n en la formaci\u00f3n en valores. Ense\u00f1amos a nuestros estudiantes a ser respetuosos, resilientes, solidarios, honestos y responsables. Creemos que estos valores son fundamentales para construir una sociedad m\u00e1s justa y equitativa.&hellip;<\/p>\n<p> <a class=\"more-link\" href=\"https:\/\/cosabe.edu.bo\/index.php\/quienes-somos\/dir_2\/\">Leer m\u00e1s<\/a><\/p>\n","protected":false},"author":1,"featured_media":0,"parent":13,"menu_order":0,"comment_status":"closed","ping_status":"closed","template":"","meta":{"footnotes":""},"class_list":["post-4947","page","type-page","status-publish"],"_links":{"self":[{"href":"https:\/\/cosabe.edu.bo\/index.php\/wp-json\/wp\/v2\/pages\/4947","targetHints":{"allow":["GET"]}}],"collection":[{"href":"https:\/\/cosabe.edu.bo\/index.php\/wp-json\/wp\/v2\/pages"}],"about":[{"href":"https:\/\/cosabe.edu.bo\/index.php\/wp-json\/wp\/v2\/types\/page"}],"author":[{"embeddable":true,"href":"https:\/\/cosabe.edu.bo\/index.php\/wp-json\/wp\/v2\/users\/1"}],"replies":[{"embeddable":true,"href":"https:\/\/cosabe.edu.bo\/index.php\/wp-json\/wp\/v2\/comments?post=4947"}],"version-history":[{"count":13,"href":"https:\/\/cosabe.edu.bo\/index.php\/wp-json\/wp\/v2\/pages\/4947\/revisions"}],"predecessor-version":[{"id":5125,"href":"https:\/\/cosabe.edu.bo\/index.php\/wp-json\/wp\/v2\/pages\/4947\/revisions\/5125"}],"up":[{"embeddable":true,"href":"https:\/\/cosabe.edu.bo\/index.php\/wp-json\/wp\/v2\/pages\/13"}],"wp:attachment":[{"href":"https:\/\/cosabe.edu.bo\/index.php\/wp-json\/wp\/v2\/media?parent=4947"}],"curies":[{"name":"wp","href":"https:\/\/api.w.org\/{rel}","templated":true}]}}