{"id":4926,"date":"2025-06-27T16:07:43","date_gmt":"2025-06-27T20:07:43","guid":{"rendered":"https:\/\/cosabe.edu.bo\/?page_id=4926"},"modified":"2025-09-30T17:38:58","modified_gmt":"2025-09-30T21:38:58","slug":"dir_1","status":"publish","type":"page","link":"https:\/\/cosabe.edu.bo\/index.php\/quienes-somos\/dir_1\/","title":{"rendered":"dir_general_text"},"content":{"rendered":"\t\t<div data-elementor-type=\"wp-page\" data-elementor-id=\"4926\" class=\"elementor elementor-4926\">\n\t\t\t\t\t\t<section class=\"elementor-section elementor-top-section elementor-element elementor-element-c55175d elementor-section-boxed elementor-section-height-default elementor-section-height-default\" data-id=\"c55175d\" data-element_type=\"section\">\n\t\t\t\t\t\t<div class=\"elementor-container elementor-column-gap-default\">\n\t\t\t\t\t<div class=\"elementor-column elementor-col-100 elementor-top-column elementor-element elementor-element-43b9180\" data-id=\"43b9180\" data-element_type=\"column\" data-settings=\"{&quot;background_background&quot;:&quot;classic&quot;}\">\n\t\t\t<div class=\"elementor-widget-wrap elementor-element-populated\">\n\t\t\t\t\t\t<div class=\"elementor-element elementor-element-fc7333a elementor-invisible elementor-widget elementor-widget-heading\" data-id=\"fc7333a\" data-element_type=\"widget\" data-settings=\"{&quot;_animation&quot;:&quot;fadeInUp&quot;}\" data-widget_type=\"heading.default\">\n\t\t\t\t<div class=\"elementor-widget-container\">\n\t\t\t\t\t<h2 class=\"elementor-heading-title elementor-size-default\">Nuestra Directora general<\/h2>\t\t\t\t<\/div>\n\t\t\t\t<\/div>\n\t\t\t\t\t<\/div>\n\t\t<\/div>\n\t\t\t\t\t<\/div>\n\t\t<\/section>\n\t\t\t\t<section class=\"elementor-section elementor-top-section elementor-element elementor-element-e32f600 elementor-section-boxed elementor-section-height-default elementor-section-height-default\" data-id=\"e32f600\" data-element_type=\"section\">\n\t\t\t\t\t\t<div class=\"elementor-container elementor-column-gap-default\">\n\t\t\t\t\t\t<\/div>\n\t\t<\/section>\n\t\t\t\t<section class=\"elementor-section elementor-top-section elementor-element elementor-element-4347524 elementor-section-boxed elementor-section-height-default elementor-section-height-default\" data-id=\"4347524\" data-element_type=\"section\">\n\t\t\t\t\t\t<div class=\"elementor-container elementor-column-gap-default\">\n\t\t\t\t\t\t<\/div>\n\t\t<\/section>\n\t\t\t\t<section class=\"elementor-section elementor-top-section elementor-element elementor-element-9f00cc6 elementor-section-boxed elementor-section-height-default elementor-section-height-default\" data-id=\"9f00cc6\" data-element_type=\"section\">\n\t\t\t\t\t\t<div class=\"elementor-container elementor-column-gap-default\">\n\t\t\t\t\t\t<\/div>\n\t\t<\/section>\n\t\t\t\t<section class=\"elementor-section elementor-top-section elementor-element elementor-element-821fa41 elementor-section-boxed elementor-section-height-default elementor-section-height-default\" data-id=\"821fa41\" data-element_type=\"section\">\n\t\t\t\t\t\t<div class=\"elementor-container elementor-column-gap-default\">\n\t\t\t\t\t\t<\/div>\n\t\t<\/section>\n\t\t\t\t<section class=\"elementor-section elementor-top-section elementor-element elementor-element-b5cd75b elementor-section-boxed elementor-section-height-default elementor-section-height-default\" data-id=\"b5cd75b\" data-element_type=\"section\">\n\t\t\t\t\t\t<div class=\"elementor-container elementor-column-gap-default\">\n\t\t\t\t\t\t<\/div>\n\t\t<\/section>\n\t\t\t\t<section class=\"elementor-section elementor-top-section elementor-element elementor-element-b09f0d2 elementor-section-boxed elementor-section-height-default elementor-section-height-default\" data-id=\"b09f0d2\" data-element_type=\"section\">\n\t\t\t\t\t\t<div class=\"elementor-container elementor-column-gap-default\">\n\t\t\t\t\t\t<\/div>\n\t\t<\/section>\n\t\t\t\t<section class=\"elementor-section elementor-top-section elementor-element elementor-element-e3e4b43 elementor-section-boxed elementor-section-height-default elementor-section-height-default\" data-id=\"e3e4b43\" data-element_type=\"section\">\n\t\t\t\t\t\t<div class=\"elementor-container elementor-column-gap-default\">\n\t\t\t\t\t\t<\/div>\n\t\t<\/section>\n\t\t\t\t<section class=\"elementor-section elementor-top-section elementor-element elementor-element-7a5100e elementor-section-boxed elementor-section-height-default elementor-section-height-default\" data-id=\"7a5100e\" data-element_type=\"section\">\n\t\t\t\t\t\t<div class=\"elementor-container elementor-column-gap-default\">\n\t\t\t\t\t<div class=\"elementor-column elementor-col-100 elementor-top-column elementor-element elementor-element-aea9532\" data-id=\"aea9532\" data-element_type=\"column\">\n\t\t\t<div class=\"elementor-widget-wrap elementor-element-populated\">\n\t\t\t\t\t\t<section class=\"elementor-section elementor-inner-section elementor-element elementor-element-3c818af elementor-section-boxed elementor-section-height-default elementor-section-height-default elementor-invisible\" data-id=\"3c818af\" data-element_type=\"section\" data-settings=\"{&quot;animation&quot;:&quot;fadeInUp&quot;}\">\n\t\t\t\t\t\t<div class=\"elementor-container elementor-column-gap-default\">\n\t\t\t\t\t<div class=\"elementor-column elementor-col-100 elementor-inner-column elementor-element elementor-element-341b6f0\" data-id=\"341b6f0\" data-element_type=\"column\">\n\t\t\t<div class=\"elementor-widget-wrap elementor-element-populated\">\n\t\t\t\t\t\t<div class=\"elementor-element elementor-element-260294c elementor-widget elementor-widget-image\" data-id=\"260294c\" data-element_type=\"widget\" data-widget_type=\"image.default\">\n\t\t\t\t<div class=\"elementor-widget-container\">\n\t\t\t\t\t\t\t\t\t\t\t\t\t\t\t<img fetchpriority=\"high\" decoding=\"async\" width=\"1920\" height=\"900\" src=\"https:\/\/cosabe.edu.bo\/wp-content\/uploads\/2025\/06\/danitza-1.png\" class=\"attachment-full size-full wp-image-4940\" alt=\"\" srcset=\"https:\/\/cosabe.edu.bo\/wp-content\/uploads\/2025\/06\/danitza-1.png 1920w, https:\/\/cosabe.edu.bo\/wp-content\/uploads\/2025\/06\/danitza-1-300x141.png 300w, https:\/\/cosabe.edu.bo\/wp-content\/uploads\/2025\/06\/danitza-1-1024x480.png 1024w, https:\/\/cosabe.edu.bo\/wp-content\/uploads\/2025\/06\/danitza-1-768x360.png 768w, https:\/\/cosabe.edu.bo\/wp-content\/uploads\/2025\/06\/danitza-1-1536x720.png 1536w\" sizes=\"(max-width: 1920px) 100vw, 1920px\" \/>\t\t\t\t\t\t\t\t\t\t\t\t\t\t\t<\/div>\n\t\t\t\t<\/div>\n\t\t\t\t<div class=\"elementor-element elementor-element-39349eb elementor-invisible elementor-widget elementor-widget-text-editor\" data-id=\"39349eb\" data-element_type=\"widget\" data-settings=\"{&quot;_animation&quot;:&quot;fadeInUp&quot;}\" data-widget_type=\"text-editor.default\">\n\t\t\t\t<div class=\"elementor-widget-container\">\n\t\t\t\t\t\t\t\t\t<p>Estimadas familias, estudiantes y miembros de la comunidad educativa:<\/p><p>Es un placer dirigirme a ustedes para presentarles al colegio San Bernardo, un espacio donde la educaci\u00f3n nace del coraz\u00f3n y se construye sobre valores, creatividad, tecnolog\u00eda y acompa\u00f1amiento afectivo.<\/p><p>Estamos convencidos que cada estudiante es un universo de sue\u00f1os, talentos y emociones. Nuestro deber m\u00e1s profundo es cuidar ese universo con amor, respeto y compromiso, sabiendo que cada paso en su formaci\u00f3n es una semilla para el futuro.<\/p><p>Como directora, tengo la convicci\u00f3n de que educar va mucho m\u00e1s all\u00e1 de transmitir conocimientos. Se trata de formar seres humanos sensibles, \u00edntegros y conscientes, capaces de vivir con prop\u00f3sito y de contribuir positivamente al mundo que los rodea.<\/p><p>Por eso, en San Bernardo, colocamos los valores en el coraz\u00f3n de todo lo que hacemos. Creemos firmemente que el respeto, la empat\u00eda, la honestidad y la solidaridad no s\u00f3lo se ense\u00f1an, se viven. Son los pilares invisibles que sostienen nuestras aulas, nuestros patios y cada relaci\u00f3n dentro de nuestra comunidad educativa.<\/p><p>Y desde ese centro lleno de valores, se articulan los dem\u00e1s pilares que enriquecen nuestra propuesta:<\/p><p><strong>Tecnolog\u00eda con prop\u00f3sito:<\/strong><\/p><p>Integramos herramientas tecnol\u00f3gicas de manera significativa para potenciar el aprendizaje y despertar la curiosidad, priorizando el criterio humano.<\/p><p><strong>Creatividad y pensamiento cr\u00edtico:<\/strong><\/p><p>Promovemos una educaci\u00f3n que no teme a las preguntas ni a las ideas nuevas, permitiendo que cada estudiante exprese su voz, sue\u00f1e distinto y piense m\u00e1s all\u00e1.<\/p><p><strong>Acompa\u00f1amiento afectivo:<\/strong><\/p><p>Acompa\u00f1amos a nuestros estudiantes con cercan\u00eda y escucha activa, respetando sus ritmos, necesidades y emociones.<\/p><p><strong>Arte y deporte\/talleres recreativos: <\/strong><\/p><p>El aprendizaje tambi\u00e9n florece en el juego, en el movimiento y en la celebraci\u00f3n. Nuestras actividades recreativas, talleres, competencias, actividades art\u00edsticas, deportivas y las tradicionales olimpiadas no son un complemento, son una parte esencial del proceso formativo.<\/p><p>Gracias por confiar en esta comunidad que camina con cada ni\u00f1o y joven, ayud\u00e1ndoles a construir su historia con esperanza, responsabilidad y alegr\u00eda.<\/p><p>Con cari\u00f1o:<\/p><p><strong>Lic. Danitza Pamela Monta\u00f1o T.<\/strong><\/p><p><strong>Directora general colegio San Bernardo<\/strong><\/p>\t\t\t\t\t\t\t\t<\/div>\n\t\t\t\t<\/div>\n\t\t\t\t\t<\/div>\n\t\t<\/div>\n\t\t\t\t\t<\/div>\n\t\t<\/section>\n\t\t\t\t\t<\/div>\n\t\t<\/div>\n\t\t\t\t\t<\/div>\n\t\t<\/section>\n\t\t\t\t<section class=\"elementor-section elementor-top-section elementor-element elementor-element-0405ce1 elementor-section-boxed elementor-section-height-default elementor-section-height-default\" data-id=\"0405ce1\" data-element_type=\"section\">\n\t\t\t\t\t\t<div class=\"elementor-container elementor-column-gap-default\">\n\t\t\t\t\t<div class=\"elementor-column elementor-col-100 elementor-top-column elementor-element elementor-element-e90180a\" data-id=\"e90180a\" data-element_type=\"column\">\n\t\t\t<div class=\"elementor-widget-wrap\">\n\t\t\t\t\t\t\t<\/div>\n\t\t<\/div>\n\t\t\t\t\t<\/div>\n\t\t<\/section>\n\t\t\t\t<\/div>\n\t\t","protected":false},"excerpt":{"rendered":"<p>Nuestra Directora general Estimadas familias, estudiantes y miembros de la comunidad educativa: Es un placer dirigirme a ustedes para presentarles al colegio San Bernardo, un espacio donde la educaci\u00f3n nace del coraz\u00f3n y se construye sobre valores, creatividad, tecnolog\u00eda y acompa\u00f1amiento afectivo. Estamos convencidos que cada estudiante es un universo de sue\u00f1os, talentos y emociones. Nuestro deber m\u00e1s profundo es cuidar ese universo con amor, respeto y compromiso, sabiendo que cada paso en su formaci\u00f3n es una semilla para el futuro. Como directora, tengo la convicci\u00f3n de que educar va mucho m\u00e1s all\u00e1 de transmitir conocimientos. Se trata de formar seres humanos sensibles, \u00edntegros y conscientes, capaces de vivir con prop\u00f3sito y de contribuir positivamente al mundo que los rodea. Por eso, en San Bernardo, colocamos los valores en el coraz\u00f3n de todo lo que hacemos. Creemos firmemente que el respeto, la empat\u00eda, la honestidad y la solidaridad no s\u00f3lo&hellip;<\/p>\n<p> <a class=\"more-link\" href=\"https:\/\/cosabe.edu.bo\/index.php\/quienes-somos\/dir_1\/\">Leer m\u00e1s<\/a><\/p>\n","protected":false},"author":1,"featured_media":0,"parent":13,"menu_order":0,"comment_status":"closed","ping_status":"closed","template":"","meta":{"footnotes":""},"class_list":["post-4926","page","type-page","status-publish"],"_links":{"self":[{"href":"https:\/\/cosabe.edu.bo\/index.php\/wp-json\/wp\/v2\/pages\/4926","targetHints":{"allow":["GET"]}}],"collection":[{"href":"https:\/\/cosabe.edu.bo\/index.php\/wp-json\/wp\/v2\/pages"}],"about":[{"href":"https:\/\/cosabe.edu.bo\/index.php\/wp-json\/wp\/v2\/types\/page"}],"author":[{"embeddable":true,"href":"https:\/\/cosabe.edu.bo\/index.php\/wp-json\/wp\/v2\/users\/1"}],"replies":[{"embeddable":true,"href":"https:\/\/cosabe.edu.bo\/index.php\/wp-json\/wp\/v2\/comments?post=4926"}],"version-history":[{"count":25,"href":"https:\/\/cosabe.edu.bo\/index.php\/wp-json\/wp\/v2\/pages\/4926\/revisions"}],"predecessor-version":[{"id":5240,"href":"https:\/\/cosabe.edu.bo\/index.php\/wp-json\/wp\/v2\/pages\/4926\/revisions\/5240"}],"up":[{"embeddable":true,"href":"https:\/\/cosabe.edu.bo\/index.php\/wp-json\/wp\/v2\/pages\/13"}],"wp:attachment":[{"href":"https:\/\/cosabe.edu.bo\/index.php\/wp-json\/wp\/v2\/media?parent=4926"}],"curies":[{"name":"wp","href":"https:\/\/api.w.org\/{rel}","templated":true}]}}