{"id":460,"date":"2022-08-08T14:23:17","date_gmt":"2022-08-08T18:23:17","guid":{"rendered":"https:\/\/cosabe.edu.bo\/?page_id=460"},"modified":"2022-08-08T14:58:35","modified_gmt":"2022-08-08T18:58:35","slug":"convenios","status":"publish","type":"page","link":"https:\/\/cosabe.edu.bo\/index.php\/convenios\/","title":{"rendered":"Convenios"},"content":{"rendered":"\n\n\t<h1><strong><u>CONVENIO DE COOPERACION EMPRESARIAL <\/u><\/strong><\/h1>\n<h1><strong><u>ENTRE EL Centro<\/u><u> MEdico de ExAmenes Complementarios &#8211; CEMEXCOM SRL.\u00a0 <\/u><u>Y COLEGIO SAN BERNARDO DE TARIJA<\/u><\/strong><\/h1>\n\t<p><strong><u>TERCERA<\/u><\/strong><strong>: (Objeto y obligaciones de las partes). &#8211; <\/strong>El presente Convenio de Cooperaci\u00f3n Empresarial tiene por objeto otorgar descuento en la pr\u00e1ctica de ex\u00e1menes complementarios al <strong>BENEFICIARIO<\/strong>, seg\u00fan lo siguiente:<\/p>\n<p><strong>\u00a0<\/strong><\/p>\n<p><strong>3.1.<\/strong> <strong>CEMEXCOM SRL, <\/strong>realizar\u00e1 la venta de servicios al <strong>BENEFICIARIO<\/strong> conforme lo siguiente:<\/p>\n<ul>\n<li>Descuento del 10% en sus tarifas establecidas para todos los estudios complementarios de Laboratorio y Diagn\u00f3stico por Imagen (Rayos X) en los horarios establecidos. A efectos de atenci\u00f3n se establece:\n<ul>\n<li>Direcci\u00f3n: Av. Domingo Paz Nro. 326 Planta Baja<\/li>\n<li>Tel\u00e9fonos: 4 &#8211; 6677467; 76193525<\/li>\n<li>Correo electr\u00f3nico: <em>cemexcomtarija@gmail<\/em><em>.com<\/em><\/li>\n<li>Horarios de atenci\u00f3n: De Lunes a Viernes 07:00 &#8211; 13:00 y 15:00 &#8211; 19:00; S\u00e1bados 08:00 &#8211; 13:00.<\/li>\n<\/ul>\n<\/li>\n<li>Servicio de emergencia las 24 horas.<\/li>\n<\/ul>\n<p><strong><u>TERCERA<\/u><\/strong><strong>: (Objeto y obligaciones de las partes).- <\/strong>El presente Convenio de Cooperaci\u00f3n Empresarial tiene por objeto otorgar descuento en la atenci\u00f3n m\u00e9dica en sus distintas especialidades al <strong>BENEFICIARIO,<\/strong> considerando lo siguiente:<\/p>\n<p><strong>\u00a0<\/strong><\/p>\n<p><strong>3.1.<\/strong> El <strong>CEPED, <\/strong>realizar\u00e1 la atenci\u00f3n m\u00e9dica especializada al <strong>BENEFICIARIO<\/strong> conforme lo siguiente:<\/p>\n<ul>\n<li>Descuento del 20% en sus tarifas establecidas en todas sus especialidades:<\/li>\n<\/ul>\n<h4>Especialidad<br \/>\nPediatr\u00eda General<br \/>\nNutrici\u00f3n<br \/>\nCardiolog\u00eda<br \/>\nTraumatolog\u00eda<br \/>\nNeumolog\u00eda Pedi\u00e1trica<br \/>\nCirug\u00eda Pedi\u00e1trica<br \/>\nOncolog\u00eda y Hematolog\u00eda Infantil<br \/>\nUrolog\u00eda<br \/>\nReumatolog\u00eda<br \/>\nDermatolog\u00eda<br \/>\nOtorrinolaringolog\u00eda<br \/>\nInfectolog\u00eda<br \/>\nNeonatolog\u00eda<br \/>\nFisioterapia Pedi\u00e1trica<br \/>\nPsicolog\u00eda Cl\u00ednica y Neurol\u00f3gica<br \/>\nPsicopedagog\u00eda<br \/>\nLuminoterapia<br \/>\nPuericultura &#8211; Lactancia Materna<br \/>\nNeurolog\u00eda Infantil<br \/>\nEndocrinolog\u00eda Infantil<br \/>\nGastroenterolog\u00eda Infantil<br \/>\nMedicina General<\/h4>\n<p>&nbsp;<\/p>\n<p>A efectos de atenci\u00f3n se establece:<\/p>\n<ul>\n<li>\n<ul>\n<li>Direcci\u00f3n: Av. Domingo Paz Nro. 326 1er. Piso esquina calle Sucre<\/li>\n<li>Tel\u00e9fonos: 4 &#8211; 6644646; 69332554<\/li>\n<li>Sucursal: Av. Froil\u00e1n Tejerina esquina calle Hugo Mealla zona Campesino<\/li>\n<li>Tel\u00e9fono: 78220596<\/li>\n<li>Correo electr\u00f3nico: <em>cepedtarija@gmail<\/em><em>.com<\/em><\/li>\n<li>Horarios de atenci\u00f3n: De lunes a viernes 08:00 &#8211; 13:00 y 15:00 &#8211; 20:00<\/li>\n<\/ul>\n<\/li>\n<\/ul>\n<p>&nbsp;<\/p>\n<p>Adem\u00e1s, el <strong>CEPED<\/strong> se compromete a:<\/p>\n<ul>\n<li>\n<ul>\n<li>Programar charlas de orientaci\u00f3n en temas referidos a prevenci\u00f3n de enfermedades, cuidado de la salud, identificaci\u00f3n temprana de trastornos de conducta u otro, a requerimiento y\/o coordinaci\u00f3n previa entre partes.<\/li>\n<li>Brindar servicio de guardia nocturna, atenci\u00f3n en fines de semana y feriados.<\/li>\n<li>Servicio de emergencia las 24 horas.<\/li>\n<li>Atenci\u00f3n a domicilio.<\/li>\n<li>Atenci\u00f3n de emergencias in situ.<\/li>\n<\/ul>\n<\/li>\n<\/ul>\n<p><strong>TERCERA: (DEL OBJETO DEL CONVENIO).<\/strong><\/p>\n<p>El presente convenio es suscrito con el objeto de reconocer a los bachilleres de EL COLEGIO que decidan estudiar en la Universidad Cat\u00f3lica Boliviana &#8220;San Pablo&#8221; Sede Tarija (U.C.B. Tarija) y que logren aprobar el examen de admisi\u00f3n, se les reconocer\u00e1 las materias: Matem\u00e1tica B\u00e1sica MAT-030 o Lenguaje y L\u00f3gica CAR-030 dependiendo la carrera que elijan, sin costo alguno.<\/p>\n<p><strong>CUARTA: (REQUISITOS PARA ACCEDER AL BENEFICIO)<\/strong><\/p>\n<p>Los bachilleres de EL COLEGIO deben cumplir los siguientes requisitos para acceder al beneficio.<\/p>\n<ol>\n<li>Estar inscrito en el 6to de secundaria del Colegio Sn Bernardo de Tarija al momento de rendir y aprobar el examen de admisi\u00f3n en LA UNIVERSIDAD.<\/li>\n<li>Presentaci\u00f3n ante LA UNIVERSIDAD del correspondiente Certificado de alumno regular expedido por Direcci\u00f3n General de EL COLEGIO.<\/li>\n<li>Tener una calificaci\u00f3n igual o mayor a 51 puntos sobre 100 en la prueba de admisi\u00f3n del \u00e1rea de la carrera que se exige como requisito de ingreso a LA UNIVERSIDAD.<\/li>\n<\/ol>\n\t\t\t\t<img fetchpriority=\"high\" decoding=\"async\" src=\"https:\/\/cosabe.edu.bo\/wp-content\/uploads\/2022\/08\/convenios.jpeg\" alt=\"convenios\" itemprop=\"image\" height=\"600\" width=\"600\" title=\"convenios\" onerror=\"this.style.display='none'\"  \/>\n\n","protected":false},"excerpt":{"rendered":"<p>CONVENIO DE COOPERACION EMPRESARIAL ENTRE EL Centro MEdico de ExAmenes Complementarios &#8211; CEMEXCOM SRL.\u00a0 Y COLEGIO SAN BERNARDO DE TARIJA TERCERA: (Objeto y obligaciones de las partes). &#8211; El presente Convenio de Cooperaci\u00f3n Empresarial tiene por objeto otorgar descuento en la pr\u00e1ctica de ex\u00e1menes complementarios al BENEFICIARIO, seg\u00fan lo siguiente: \u00a0 3.1. CEMEXCOM SRL, realizar\u00e1 la venta de servicios al BENEFICIARIO conforme lo siguiente: Descuento del 10% en sus tarifas establecidas para todos los estudios complementarios de Laboratorio y Diagn\u00f3stico por Imagen (Rayos X) en los horarios establecidos. A efectos de atenci\u00f3n se establece: Direcci\u00f3n: Av. Domingo Paz Nro. 326 Planta Baja Tel\u00e9fonos: 4 &#8211; 6677467; 76193525 Correo electr\u00f3nico: cemexcomtarija@gmail.com Horarios de atenci\u00f3n: De Lunes a Viernes 07:00 &#8211; 13:00 y 15:00 &#8211; 19:00; S\u00e1bados 08:00 &#8211; 13:00. Servicio de emergencia las 24 horas. TERCERA: (Objeto y obligaciones de las partes).- El presente Convenio de Cooperaci\u00f3n Empresarial tiene por objeto&hellip;<\/p>\n<p> <a class=\"more-link\" href=\"https:\/\/cosabe.edu.bo\/index.php\/convenios\/\">Leer m\u00e1s<\/a><\/p>\n","protected":false},"author":1,"featured_media":0,"parent":0,"menu_order":0,"comment_status":"closed","ping_status":"closed","template":"","meta":{"footnotes":""},"class_list":["post-460","page","type-page","status-publish"],"_links":{"self":[{"href":"https:\/\/cosabe.edu.bo\/index.php\/wp-json\/wp\/v2\/pages\/460","targetHints":{"allow":["GET"]}}],"collection":[{"href":"https:\/\/cosabe.edu.bo\/index.php\/wp-json\/wp\/v2\/pages"}],"about":[{"href":"https:\/\/cosabe.edu.bo\/index.php\/wp-json\/wp\/v2\/types\/page"}],"author":[{"embeddable":true,"href":"https:\/\/cosabe.edu.bo\/index.php\/wp-json\/wp\/v2\/users\/1"}],"replies":[{"embeddable":true,"href":"https:\/\/cosabe.edu.bo\/index.php\/wp-json\/wp\/v2\/comments?post=460"}],"version-history":[{"count":5,"href":"https:\/\/cosabe.edu.bo\/index.php\/wp-json\/wp\/v2\/pages\/460\/revisions"}],"predecessor-version":[{"id":467,"href":"https:\/\/cosabe.edu.bo\/index.php\/wp-json\/wp\/v2\/pages\/460\/revisions\/467"}],"wp:attachment":[{"href":"https:\/\/cosabe.edu.bo\/index.php\/wp-json\/wp\/v2\/media?parent=460"}],"curies":[{"name":"wp","href":"https:\/\/api.w.org\/{rel}","templated":true}]}}