{"id":4469,"date":"2024-08-26T17:29:07","date_gmt":"2024-08-26T21:29:07","guid":{"rendered":"https:\/\/cosabe.edu.bo\/?page_id=4469"},"modified":"2026-04-17T17:21:26","modified_gmt":"2026-04-17T21:21:26","slug":"equipo","status":"publish","type":"page","link":"https:\/\/cosabe.edu.bo\/index.php\/quienes-somos\/equipo\/","title":{"rendered":"equipo_adm"},"content":{"rendered":"\t\t<div data-elementor-type=\"wp-page\" data-elementor-id=\"4469\" class=\"elementor elementor-4469\">\n\t\t\t\t\t\t<section class=\"elementor-section elementor-top-section elementor-element elementor-element-764fbb4 elementor-section-boxed elementor-section-height-default elementor-section-height-default\" data-id=\"764fbb4\" data-element_type=\"section\">\n\t\t\t\t\t\t<div class=\"elementor-container elementor-column-gap-default\">\n\t\t\t\t\t<div class=\"elementor-column elementor-col-100 elementor-top-column elementor-element elementor-element-648e1b3\" data-id=\"648e1b3\" data-element_type=\"column\">\n\t\t\t<div class=\"elementor-widget-wrap elementor-element-populated\">\n\t\t\t\t\t\t<div class=\"elementor-element elementor-element-9384558 elementor-widget elementor-widget-image\" data-id=\"9384558\" data-element_type=\"widget\" data-widget_type=\"image.default\">\n\t\t\t\t<div class=\"elementor-widget-container\">\n\t\t\t\t\t\t\t\t\t\t\t\t\t\t\t<img fetchpriority=\"high\" decoding=\"async\" width=\"2000\" height=\"200\" src=\"https:\/\/cosabe.edu.bo\/wp-content\/uploads\/2024\/08\/EQUIPO.png\" class=\"attachment-full size-full wp-image-4603\" alt=\"\" srcset=\"https:\/\/cosabe.edu.bo\/wp-content\/uploads\/2024\/08\/EQUIPO.png 2000w, https:\/\/cosabe.edu.bo\/wp-content\/uploads\/2024\/08\/EQUIPO-300x30.png 300w, https:\/\/cosabe.edu.bo\/wp-content\/uploads\/2024\/08\/EQUIPO-1024x102.png 1024w, https:\/\/cosabe.edu.bo\/wp-content\/uploads\/2024\/08\/EQUIPO-768x77.png 768w, https:\/\/cosabe.edu.bo\/wp-content\/uploads\/2024\/08\/EQUIPO-1536x154.png 1536w\" sizes=\"(max-width: 2000px) 100vw, 2000px\" \/>\t\t\t\t\t\t\t\t\t\t\t\t\t\t\t<\/div>\n\t\t\t\t<\/div>\n\t\t\t\t\t<\/div>\n\t\t<\/div>\n\t\t\t\t\t<\/div>\n\t\t<\/section>\n\t\t\t\t<section class=\"elementor-section elementor-top-section elementor-element elementor-element-cf026f5 elementor-section-boxed elementor-section-height-default elementor-section-height-default\" data-id=\"cf026f5\" data-element_type=\"section\">\n\t\t\t\t\t\t<div class=\"elementor-container elementor-column-gap-default\">\n\t\t\t\t\t<div class=\"elementor-column elementor-col-100 elementor-top-column elementor-element elementor-element-5406617\" data-id=\"5406617\" data-element_type=\"column\">\n\t\t\t<div class=\"elementor-widget-wrap elementor-element-populated\">\n\t\t\t\t\t\t<div class=\"elementor-element elementor-element-ae03cc1 elementor-widget elementor-widget-text-editor\" data-id=\"ae03cc1\" data-element_type=\"widget\" data-widget_type=\"text-editor.default\">\n\t\t\t\t<div class=\"elementor-widget-container\">\n\t\t\t\t\t\t\t\t\t<p data-start=\"186\" data-end=\"245\"><strong data-start=\"186\" data-end=\"245\">Comprometidos con la excelencia y el servicio educativo<\/strong><\/p><p data-start=\"247\" data-end=\"623\">En el colegio San Bernardo de Tarija, el equipo administrativo cumple un rol fundamental en el funcionamiento y la gesti\u00f3n de nuestra instituci\u00f3n. Conformado por profesionales con vocaci\u00f3n de servicio, liderazgo y compromiso, este equipo trabaja de manera coordinada para garantizar el desarrollo integral de nuestros estudiantes y el bienestar de toda la comunidad educativa.<\/p><p data-start=\"625\" data-end=\"836\">Desde la planificaci\u00f3n acad\u00e9mica y la gesti\u00f3n de recursos, hasta la atenci\u00f3n personalizada a padres, docentes y estudiantes, su labor es clave para mantener la calidad, eficiencia y calidez que nos caracterizan.<\/p><p data-start=\"838\" data-end=\"997\">Gracias al esfuerzo diario de cada uno de sus miembros, el colegio San Bernardo contin\u00faa creciendo como una instituci\u00f3n educativa s\u00f3lida, innovadora y cercana.<\/p>\t\t\t\t\t\t\t\t<\/div>\n\t\t\t\t<\/div>\n\t\t\t\t\t<\/div>\n\t\t<\/div>\n\t\t\t\t\t<\/div>\n\t\t<\/section>\n\t\t\t\t<section class=\"elementor-section elementor-top-section elementor-element elementor-element-027b67f elementor-section-boxed elementor-section-height-default elementor-section-height-default\" data-id=\"027b67f\" data-element_type=\"section\">\n\t\t\t\t\t\t<div class=\"elementor-container elementor-column-gap-default\">\n\t\t\t\t\t<div class=\"elementor-column elementor-col-100 elementor-top-column elementor-element elementor-element-470c342\" data-id=\"470c342\" data-element_type=\"column\">\n\t\t\t<div class=\"elementor-widget-wrap elementor-element-populated\">\n\t\t\t\t\t\t<div class=\"elementor-element elementor-element-4819652 elementor-widget elementor-widget-heading\" data-id=\"4819652\" data-element_type=\"widget\" data-widget_type=\"heading.default\">\n\t\t\t\t<div class=\"elementor-widget-container\">\n\t\t\t\t\t<h2 class=\"elementor-heading-title elementor-size-default\">DIRECCIONES<\/h2>\t\t\t\t<\/div>\n\t\t\t\t<\/div>\n\t\t\t\t\t<\/div>\n\t\t<\/div>\n\t\t\t\t\t<\/div>\n\t\t<\/section>\n\t\t\t\t<section class=\"elementor-section elementor-top-section elementor-element elementor-element-7b54280 elementor-section-boxed elementor-section-height-default elementor-section-height-default\" data-id=\"7b54280\" data-element_type=\"section\">\n\t\t\t\t\t\t<div class=\"elementor-container elementor-column-gap-default\">\n\t\t\t\t\t<div class=\"elementor-column elementor-col-100 elementor-top-column elementor-element elementor-element-8c03a6a\" data-id=\"8c03a6a\" data-element_type=\"column\">\n\t\t\t<div class=\"elementor-widget-wrap elementor-element-populated\">\n\t\t\t\t\t\t<div class=\"elementor-element elementor-element-99a1aff elementor-arrows-position-inside elementor-pagination-position-outside elementor-widget elementor-widget-image-carousel\" data-id=\"99a1aff\" data-element_type=\"widget\" data-settings=\"{&quot;speed&quot;:300,&quot;navigation&quot;:&quot;both&quot;,&quot;autoplay&quot;:&quot;yes&quot;,&quot;autoplay_speed&quot;:5000,&quot;infinite&quot;:&quot;yes&quot;}\" data-widget_type=\"image-carousel.default\">\n\t\t\t\t<div class=\"elementor-widget-container\">\n\t\t\t\t\t\t\t<div class=\"elementor-image-carousel-wrapper swiper\" role=\"region\" aria-roledescription=\"carousel\" aria-label=\"Carrusel de Im\u00e1genes\" dir=\"ltr\">\n\t\t\t<div class=\"elementor-image-carousel swiper-wrapper\" aria-live=\"off\">\n\t\t\t\t\t\t\t\t<div class=\"swiper-slide\" role=\"group\" aria-roledescription=\"slide\" aria-label=\"1 de 4\"><figure class=\"swiper-slide-inner\"><img decoding=\"async\" class=\"swiper-slide-image\" src=\"https:\/\/cosabe.edu.bo\/wp-content\/uploads\/2025\/06\/IMG_3895-150x150.jpg\" alt=\"Lic. Danitza Monta\u00f1o - Directora General\" \/><figcaption class=\"elementor-image-carousel-caption\">Lic. Danitza Monta\u00f1o - Directora General<\/figcaption><\/figure><\/div><div class=\"swiper-slide\" role=\"group\" aria-roledescription=\"slide\" aria-label=\"2 de 4\"><figure class=\"swiper-slide-inner\"><img decoding=\"async\" class=\"swiper-slide-image\" src=\"https:\/\/cosabe.edu.bo\/wp-content\/uploads\/2024\/08\/mario-150x150.png\" alt=\"Prof. Mario Rodriguez - Director Secundaria\" \/><figcaption class=\"elementor-image-carousel-caption\">Prof. Mario Rodriguez - Director Secundaria<\/figcaption><\/figure><\/div><div class=\"swiper-slide\" role=\"group\" aria-roledescription=\"slide\" aria-label=\"3 de 4\"><figure class=\"swiper-slide-inner\"><img decoding=\"async\" class=\"swiper-slide-image\" src=\"https:\/\/cosabe.edu.bo\/wp-content\/uploads\/2024\/08\/marco-150x150.png\" alt=\"Prof. Marco Su\u00e1rez - Director Inicial y Primaria\" \/><figcaption class=\"elementor-image-carousel-caption\">Prof. Marco Su\u00e1rez - Director Inicial y Primaria<\/figcaption><\/figure><\/div><div class=\"swiper-slide\" role=\"group\" aria-roledescription=\"slide\" aria-label=\"4 de 4\"><figure class=\"swiper-slide-inner\"><img decoding=\"async\" class=\"swiper-slide-image\" src=\"https:\/\/cosabe.edu.bo\/wp-content\/uploads\/2024\/08\/patricia-150x150.png\" alt=\"Lic. Patricia Cassab - Directora Administrativa\" \/><figcaption class=\"elementor-image-carousel-caption\">Lic. Patricia Cassab - Directora Administrativa<\/figcaption><\/figure><\/div>\t\t\t<\/div>\n\t\t\t\t\t\t\t\t\t\t\t\t<div class=\"elementor-swiper-button elementor-swiper-button-prev\" role=\"button\" tabindex=\"0\">\n\t\t\t\t\t\t<i aria-hidden=\"true\" class=\"eicon-chevron-left\"><\/i>\t\t\t\t\t<\/div>\n\t\t\t\t\t<div class=\"elementor-swiper-button elementor-swiper-button-next\" role=\"button\" tabindex=\"0\">\n\t\t\t\t\t\t<i aria-hidden=\"true\" class=\"eicon-chevron-right\"><\/i>\t\t\t\t\t<\/div>\n\t\t\t\t\n\t\t\t\t\t\t\t\t\t<div class=\"swiper-pagination\"><\/div>\n\t\t\t\t\t\t\t\t\t<\/div>\n\t\t\t\t\t\t<\/div>\n\t\t\t\t<\/div>\n\t\t\t\t\t<\/div>\n\t\t<\/div>\n\t\t\t\t\t<\/div>\n\t\t<\/section>\n\t\t\t\t<section class=\"elementor-section elementor-top-section elementor-element elementor-element-c50e857 elementor-section-boxed elementor-section-height-default elementor-section-height-default\" data-id=\"c50e857\" data-element_type=\"section\">\n\t\t\t\t\t\t<div class=\"elementor-container elementor-column-gap-default\">\n\t\t\t\t\t<div class=\"elementor-column elementor-col-100 elementor-top-column elementor-element elementor-element-e9506b0\" data-id=\"e9506b0\" data-element_type=\"column\">\n\t\t\t<div class=\"elementor-widget-wrap elementor-element-populated\">\n\t\t\t\t\t\t<div class=\"elementor-element elementor-element-b112cae elementor-widget elementor-widget-heading\" data-id=\"b112cae\" data-element_type=\"widget\" data-widget_type=\"heading.default\">\n\t\t\t\t<div class=\"elementor-widget-container\">\n\t\t\t\t\t<h2 class=\"elementor-heading-title elementor-size-default\">ENCARGADOS DE \u00c1REA<\/h2>\t\t\t\t<\/div>\n\t\t\t\t<\/div>\n\t\t\t\t\t<\/div>\n\t\t<\/div>\n\t\t\t\t\t<\/div>\n\t\t<\/section>\n\t\t\t\t<section class=\"elementor-section elementor-top-section elementor-element elementor-element-63739d9 elementor-section-boxed elementor-section-height-default elementor-section-height-default\" data-id=\"63739d9\" data-element_type=\"section\">\n\t\t\t\t\t\t<div class=\"elementor-container elementor-column-gap-default\">\n\t\t\t\t\t<div class=\"elementor-column elementor-col-100 elementor-top-column elementor-element elementor-element-22c2674\" data-id=\"22c2674\" data-element_type=\"column\">\n\t\t\t<div class=\"elementor-widget-wrap elementor-element-populated\">\n\t\t\t\t\t\t<div class=\"elementor-element elementor-element-2fe2bc8 elementor-arrows-position-inside elementor-pagination-position-outside elementor-widget elementor-widget-image-carousel\" data-id=\"2fe2bc8\" data-element_type=\"widget\" data-settings=\"{&quot;speed&quot;:400,&quot;navigation&quot;:&quot;both&quot;,&quot;autoplay&quot;:&quot;yes&quot;,&quot;pause_on_hover&quot;:&quot;yes&quot;,&quot;pause_on_interaction&quot;:&quot;yes&quot;,&quot;autoplay_speed&quot;:5000,&quot;infinite&quot;:&quot;yes&quot;}\" data-widget_type=\"image-carousel.default\">\n\t\t\t\t<div class=\"elementor-widget-container\">\n\t\t\t\t\t\t\t<div class=\"elementor-image-carousel-wrapper swiper\" role=\"region\" aria-roledescription=\"carousel\" aria-label=\"Carrusel de Im\u00e1genes\" dir=\"ltr\">\n\t\t\t<div class=\"elementor-image-carousel swiper-wrapper\" aria-live=\"off\">\n\t\t\t\t\t\t\t\t<div class=\"swiper-slide\" role=\"group\" aria-roledescription=\"slide\" aria-label=\"1 de 4\"><figure class=\"swiper-slide-inner\"><img decoding=\"async\" class=\"swiper-slide-image\" src=\"https:\/\/cosabe.edu.bo\/wp-content\/uploads\/2024\/08\/paolita-150x150.png\" alt=\"Lic. Paola Ortu\u00f1o - Gabinete Psicol\u00f3gico\" \/><figcaption class=\"elementor-image-carousel-caption\">Lic. Paola Ortu\u00f1o - Gabinete Psicol\u00f3gico<\/figcaption><\/figure><\/div><div class=\"swiper-slide\" role=\"group\" aria-roledescription=\"slide\" aria-label=\"2 de 4\"><figure class=\"swiper-slide-inner\"><img decoding=\"async\" class=\"swiper-slide-image\" src=\"https:\/\/cosabe.edu.bo\/wp-content\/uploads\/2024\/08\/carlitos-150x150.png\" alt=\"Sr. Carlos Bernal - Seguridad y Mantenimiento\" \/><figcaption class=\"elementor-image-carousel-caption\">Sr. Carlos Bernal - Seguridad y Mantenimiento<\/figcaption><\/figure><\/div><div class=\"swiper-slide\" role=\"group\" aria-roledescription=\"slide\" aria-label=\"3 de 4\"><figure class=\"swiper-slide-inner\"><img decoding=\"async\" class=\"swiper-slide-image\" src=\"https:\/\/cosabe.edu.bo\/wp-content\/uploads\/2024\/08\/edwin-150x150.png\" alt=\"Edwin Camacho - Regente\" \/><figcaption class=\"elementor-image-carousel-caption\">Edwin Camacho - Regente<\/figcaption><\/figure><\/div><div class=\"swiper-slide\" role=\"group\" aria-roledescription=\"slide\" aria-label=\"4 de 4\"><figure class=\"swiper-slide-inner\"><img decoding=\"async\" class=\"swiper-slide-image\" src=\"https:\/\/cosabe.edu.bo\/wp-content\/uploads\/2024\/08\/esther-150x150.png\" alt=\"Esther Cari - Enfermera\" \/><figcaption class=\"elementor-image-carousel-caption\">Esther Cari - Enfermera<\/figcaption><\/figure><\/div>\t\t\t<\/div>\n\t\t\t\t\t\t\t\t\t\t\t\t<div class=\"elementor-swiper-button elementor-swiper-button-prev\" role=\"button\" tabindex=\"0\">\n\t\t\t\t\t\t<i aria-hidden=\"true\" class=\"eicon-chevron-left\"><\/i>\t\t\t\t\t<\/div>\n\t\t\t\t\t<div class=\"elementor-swiper-button elementor-swiper-button-next\" role=\"button\" tabindex=\"0\">\n\t\t\t\t\t\t<i aria-hidden=\"true\" class=\"eicon-chevron-right\"><\/i>\t\t\t\t\t<\/div>\n\t\t\t\t\n\t\t\t\t\t\t\t\t\t<div class=\"swiper-pagination\"><\/div>\n\t\t\t\t\t\t\t\t\t<\/div>\n\t\t\t\t\t\t<\/div>\n\t\t\t\t<\/div>\n\t\t\t\t\t<\/div>\n\t\t<\/div>\n\t\t\t\t\t<\/div>\n\t\t<\/section>\n\t\t\t\t<section class=\"elementor-section elementor-top-section elementor-element elementor-element-0d240ef elementor-section-boxed elementor-section-height-default elementor-section-height-default\" data-id=\"0d240ef\" data-element_type=\"section\">\n\t\t\t\t\t\t<div class=\"elementor-container elementor-column-gap-default\">\n\t\t\t\t\t<div class=\"elementor-column elementor-col-100 elementor-top-column elementor-element elementor-element-7357620\" data-id=\"7357620\" data-element_type=\"column\">\n\t\t\t<div class=\"elementor-widget-wrap elementor-element-populated\">\n\t\t\t\t\t\t<div class=\"elementor-element elementor-element-dd4b3e7 elementor-widget elementor-widget-heading\" data-id=\"dd4b3e7\" data-element_type=\"widget\" data-widget_type=\"heading.default\">\n\t\t\t\t<div class=\"elementor-widget-container\">\n\t\t\t\t\t<h2 class=\"elementor-heading-title elementor-size-default\">STAFF<\/h2>\t\t\t\t<\/div>\n\t\t\t\t<\/div>\n\t\t\t\t\t<\/div>\n\t\t<\/div>\n\t\t\t\t\t<\/div>\n\t\t<\/section>\n\t\t\t\t<section class=\"elementor-section elementor-top-section elementor-element elementor-element-2fc2dcd elementor-section-boxed elementor-section-height-default elementor-section-height-default\" data-id=\"2fc2dcd\" data-element_type=\"section\">\n\t\t\t\t\t\t<div class=\"elementor-container elementor-column-gap-default\">\n\t\t\t\t\t<div class=\"elementor-column elementor-col-100 elementor-top-column elementor-element elementor-element-094b934\" data-id=\"094b934\" data-element_type=\"column\" data-settings=\"{&quot;background_background&quot;:&quot;classic&quot;}\">\n\t\t\t<div class=\"elementor-widget-wrap elementor-element-populated\">\n\t\t\t\t\t\t<div class=\"elementor-element elementor-element-4e1df29 elementor-arrows-position-inside elementor-pagination-position-outside elementor-widget elementor-widget-image-carousel\" data-id=\"4e1df29\" data-element_type=\"widget\" data-settings=\"{&quot;navigation&quot;:&quot;both&quot;,&quot;autoplay&quot;:&quot;yes&quot;,&quot;pause_on_hover&quot;:&quot;yes&quot;,&quot;pause_on_interaction&quot;:&quot;yes&quot;,&quot;autoplay_speed&quot;:5000,&quot;infinite&quot;:&quot;yes&quot;,&quot;speed&quot;:500}\" data-widget_type=\"image-carousel.default\">\n\t\t\t\t<div class=\"elementor-widget-container\">\n\t\t\t\t\t\t\t<div class=\"elementor-image-carousel-wrapper swiper\" role=\"region\" aria-roledescription=\"carousel\" aria-label=\"Carrusel de Im\u00e1genes\" dir=\"ltr\">\n\t\t\t<div class=\"elementor-image-carousel swiper-wrapper\" aria-live=\"off\">\n\t\t\t\t\t\t\t\t<div class=\"swiper-slide\" role=\"group\" aria-roledescription=\"slide\" aria-label=\"1 de 5\"><figure class=\"swiper-slide-inner\"><img decoding=\"async\" class=\"swiper-slide-image\" src=\"https:\/\/cosabe.edu.bo\/wp-content\/uploads\/2024\/08\/mariela-150x150.png\" alt=\"Mariela D\u00edaz - Auxiliar Administrativo\" \/><figcaption class=\"elementor-image-carousel-caption\">Mariela D\u00edaz - Auxiliar Administrativo<\/figcaption><\/figure><\/div><div class=\"swiper-slide\" role=\"group\" aria-roledescription=\"slide\" aria-label=\"2 de 5\"><figure class=\"swiper-slide-inner\"><img decoding=\"async\" class=\"swiper-slide-image\" src=\"https:\/\/cosabe.edu.bo\/wp-content\/uploads\/2025\/06\/IMG_3873-150x150.jpg\" alt=\"Gabriela Uzqueda - Secretaria\" \/><figcaption class=\"elementor-image-carousel-caption\">Gabriela Uzqueda - Secretaria<\/figcaption><\/figure><\/div><div class=\"swiper-slide\" role=\"group\" aria-roledescription=\"slide\" aria-label=\"3 de 5\"><figure class=\"swiper-slide-inner\"><img decoding=\"async\" class=\"swiper-slide-image\" src=\"https:\/\/cosabe.edu.bo\/wp-content\/uploads\/2025\/06\/IMG_3885-150x150.jpg\" alt=\"Jimena \u00c1vila - Auxiliar Psicolog\u00eda\" \/><figcaption class=\"elementor-image-carousel-caption\">Jimena \u00c1vila - Auxiliar Psicolog\u00eda<\/figcaption><\/figure><\/div><div class=\"swiper-slide\" role=\"group\" aria-roledescription=\"slide\" aria-label=\"4 de 5\"><figure class=\"swiper-slide-inner\"><img decoding=\"async\" class=\"swiper-slide-image\" src=\"https:\/\/cosabe.edu.bo\/wp-content\/uploads\/2024\/08\/julio-150x150.png\" alt=\"Julio Olarte - Portero\" \/><figcaption class=\"elementor-image-carousel-caption\">Julio Olarte - Portero<\/figcaption><\/figure><\/div><div class=\"swiper-slide\" role=\"group\" aria-roledescription=\"slide\" aria-label=\"5 de 5\"><figure class=\"swiper-slide-inner\"><img decoding=\"async\" class=\"swiper-slide-image\" src=\"https:\/\/cosabe.edu.bo\/wp-content\/uploads\/2024\/08\/juan-carlos-150x150.png\" alt=\"Juan Carlos G\u00f3mez - Portero\" \/><figcaption class=\"elementor-image-carousel-caption\">Juan Carlos G\u00f3mez - Portero<\/figcaption><\/figure><\/div>\t\t\t<\/div>\n\t\t\t\t\t\t\t\t\t\t\t\t<div class=\"elementor-swiper-button elementor-swiper-button-prev\" role=\"button\" tabindex=\"0\">\n\t\t\t\t\t\t<i aria-hidden=\"true\" class=\"eicon-chevron-left\"><\/i>\t\t\t\t\t<\/div>\n\t\t\t\t\t<div class=\"elementor-swiper-button elementor-swiper-button-next\" role=\"button\" tabindex=\"0\">\n\t\t\t\t\t\t<i aria-hidden=\"true\" class=\"eicon-chevron-right\"><\/i>\t\t\t\t\t<\/div>\n\t\t\t\t\n\t\t\t\t\t\t\t\t\t<div class=\"swiper-pagination\"><\/div>\n\t\t\t\t\t\t\t\t\t<\/div>\n\t\t\t\t\t\t<\/div>\n\t\t\t\t<\/div>\n\t\t\t\t\t<\/div>\n\t\t<\/div>\n\t\t\t\t\t<\/div>\n\t\t<\/section>\n\t\t\t\t<\/div>\n\t\t","protected":false},"excerpt":{"rendered":"<p>Comprometidos con la excelencia y el servicio educativo En el colegio San Bernardo de Tarija, el equipo administrativo cumple un rol fundamental en el funcionamiento y la gesti\u00f3n de nuestra instituci\u00f3n. Conformado por profesionales con vocaci\u00f3n de servicio, liderazgo y compromiso, este equipo trabaja de manera coordinada para garantizar el desarrollo integral de nuestros estudiantes y el bienestar de toda la comunidad educativa. Desde la planificaci\u00f3n acad\u00e9mica y la gesti\u00f3n de recursos, hasta la atenci\u00f3n personalizada a padres, docentes y estudiantes, su labor es clave para mantener la calidad, eficiencia y calidez que nos caracterizan. Gracias al esfuerzo diario de cada uno de sus miembros, el colegio San Bernardo contin\u00faa creciendo como una instituci\u00f3n educativa s\u00f3lida, innovadora y cercana. DIRECCIONES Lic. Danitza Monta\u00f1o &#8211; Directora General Prof. Mario Rodriguez &#8211; Director Secundaria Prof. Marco Su\u00e1rez &#8211; Director Inicial y Primaria Lic. Patricia Cassab &#8211; Directora Administrativa ENCARGADOS DE \u00c1REA Lic.&hellip;<\/p>\n<p> <a class=\"more-link\" href=\"https:\/\/cosabe.edu.bo\/index.php\/quienes-somos\/equipo\/\">Leer m\u00e1s<\/a><\/p>\n","protected":false},"author":1,"featured_media":0,"parent":13,"menu_order":0,"comment_status":"closed","ping_status":"closed","template":"","meta":{"footnotes":""},"class_list":["post-4469","page","type-page","status-publish"],"_links":{"self":[{"href":"https:\/\/cosabe.edu.bo\/index.php\/wp-json\/wp\/v2\/pages\/4469","targetHints":{"allow":["GET"]}}],"collection":[{"href":"https:\/\/cosabe.edu.bo\/index.php\/wp-json\/wp\/v2\/pages"}],"about":[{"href":"https:\/\/cosabe.edu.bo\/index.php\/wp-json\/wp\/v2\/types\/page"}],"author":[{"embeddable":true,"href":"https:\/\/cosabe.edu.bo\/index.php\/wp-json\/wp\/v2\/users\/1"}],"replies":[{"embeddable":true,"href":"https:\/\/cosabe.edu.bo\/index.php\/wp-json\/wp\/v2\/comments?post=4469"}],"version-history":[{"count":127,"href":"https:\/\/cosabe.edu.bo\/index.php\/wp-json\/wp\/v2\/pages\/4469\/revisions"}],"predecessor-version":[{"id":5387,"href":"https:\/\/cosabe.edu.bo\/index.php\/wp-json\/wp\/v2\/pages\/4469\/revisions\/5387"}],"up":[{"embeddable":true,"href":"https:\/\/cosabe.edu.bo\/index.php\/wp-json\/wp\/v2\/pages\/13"}],"wp:attachment":[{"href":"https:\/\/cosabe.edu.bo\/index.php\/wp-json\/wp\/v2\/media?parent=4469"}],"curies":[{"name":"wp","href":"https:\/\/api.w.org\/{rel}","templated":true}]}}