{"id":331,"date":"2022-07-12T03:35:01","date_gmt":"2022-07-12T03:35:01","guid":{"rendered":"https:\/\/cosabe.jgnube.com\/apps\/cosabe_site\/?page_id=331"},"modified":"2022-07-12T03:51:09","modified_gmt":"2022-07-12T03:51:09","slug":"nuestro-aniversario","status":"publish","type":"page","link":"https:\/\/cosabe.edu.bo\/index.php\/nuestro-aniversario\/","title":{"rendered":"Nuestro Aniversario"},"content":{"rendered":"\n\n<p><b>INTRODUCCI\u00d3N.<\/b><\/p>\n<p>Colegio San Bernardo de Tarija, instituci\u00f3n educativa de propiedad de la Sociedad Educativa San Bernardo de Tarija S.A., fundada el a\u00f1o 1962, comprometida desde su origen con la prestaci\u00f3n de servicios educativos a ni\u00f1os y j\u00f3venes en los niveles inicial, primario y secundario, este a\u00f1o celebra 60 a\u00f1os de presencia y trayectoria en el Departamento de Tarija y el pa\u00eds.<\/p>\n<p>Durante este tiempo San Bernardo gradu\u00f3 m\u00e1s 6000 estudiantes, quienes terminados sus estudios en nuestro colegio, lograron desempe\u00f1arse satisfactoriamente en institutos y universidad, logrando posicionarse eficientemente en diferentes rubros y espacios que hacen la institucionalidad de la sociedad tarije\u00f1a, boliviana e internacional.<\/p>\n<p>De manera especial este a\u00f1o San Bernardo de Tarija, pretende celebrar sus bodas de diamante generando mayores espacios de comunicaci\u00f3n e integraci\u00f3n entre todas las personas que hacen parte de la comunidad escolar, fortaleciendo principalente la identidad del alumno y exalumno Sanbernardino, quienes con sus experiencias personales, talento e identidad han construido esta historia institucional.<\/p>\n<p><b>DESTINATARIOS.<\/b><\/p>\n<p>El siguiente proyecto tiene como destinatarios la comunidad escolar conformada por:<\/p>\n&#8211; Estudiantes.<br \/>\n&#8211; Profesores y administrativos.<br \/>\n&#8211; Socios y autoridades m\u00e1ximas.<br \/>\n&#8211; Padres de familia.<br \/>\n&#8211; Exalumnos.\n<p><b>OBJETIVO GENERAL.<\/b><\/p>\n<p>Celebrar el 60 aniversario de fundaci\u00f3n del Colegio San Bernardo de Tarija, a trav\u00e9s del desarrollo de actividades de confraternizaci\u00f3n capaces de reunir e integrar a los miembros de la comunidad escolar, generando mayor sentido de pertenencia institucional.<\/p>\n<p><b>OBJETIVOS ESPEC\u00cdFICOS.<\/b><\/p>\na) Socializar y promover las actividades del 60 aniversario de fundaci\u00f3n del colegio.<br \/>\nb) Integrar y fortalecer las relaciones de la comunidad escolar actual.<br \/>\nc) Integrar y fortalecer las relaciones de la comunidad escolar conformada por exalumnos y extrabajadores del colegio.<br \/>\nd) Promover las estrategias de integraci\u00f3n que transversalicen la pertenencia institucional.\n<p><b>LEMA INSTUTICIONAL.<\/b><\/p>\n<p>Considerando las caracter\u00edsticas del presente proyecto y su objetivo, el lema conducente para acompa\u00f1ar la difusi\u00f3n de los eventos, documentos, publicaciones, etc. ser\u00e1:<\/p>\n<p><b>&#8221; ERES PARTE DE NUESTRA HISTORIA&#8221;<\/b><\/p>\n<p>Esta frase pretende motivar la pertenencia institucional y encontrar los elementos identitarios de cada Promoci\u00f3n y persona que pas\u00f3 por San Bernardo durante los a\u00f1os anteriores.<\/p>\n<p><b>LOGOTIPO DE ANIVERSARIO.<\/b><\/p>\n<p>Dando continuidad a los elementos propuestos en el presente documento, el logotipo de aniversario ser\u00e1:<\/p>\n\t\t\t\t<img fetchpriority=\"high\" decoding=\"async\" src=\"https:\/\/cosabe.jgnube.com\/apps\/cosabe_site\/wp-content\/uploads\/2022\/07\/ESCUDO-22-OFICIAL-02-1024x788.png\" alt=\"ESCUDO 22 OFICIAL-02\" itemprop=\"image\" height=\"616\" width=\"800\" title=\"ESCUDO 22 OFICIAL-02\" onerror=\"this.style.display='none'\"  \/>\n\t<p><b>CRONOGRAMA DE ACTIVIDADES.<\/b><\/p>\n\n<table border=\"3\">\n<tr role=\"row\">\n<td role=\"cell\" calss=\"text-center\"><b>MES<\/b><\/td>\n<td role=\"cell\" calss=\"text-center\"><b>FECHA<\/b><\/td>\n<td role=\"cell\" calss=\"text-center\"><b>ACTIVIDAD<\/b><\/td>\n<td role=\"cell\" calss=\"text-center\"><b>DESTINATARIOS<\/b><\/td>\n<\/tr>\n<tr role=\"row\">\n<td role=\"cell\" calss=\"text-center\"><b>JULIO<\/b><\/td>\n<td role=\"cell\" calss=\"text-center\">4<\/td>\n<td role=\"cell\" calss=\"text-center\">Lanzamiento de Convocatoria a campeonato deportivo de la comunidad escolar.<\/td>\n<td role=\"cell\" calss=\"text-center\">Exalumnos, promoci\u00f3n 2022 y profesores. <\/td>\n<\/tr>\n<tr role=\"row\">\n<td role=\"cell\" calss=\"text-center\"  rowspan=\"23\"><b>A<br \/>G<br \/>O<br \/>S<br \/>T<br \/>O<\/b><\/td>\n<td role=\"cell\" calss=\"text-center\">1<\/td>\n<td role=\"cell\" calss=\"text-center\">Concurso de armado de puzle con fotograf\u00edas del colegio.<\/td>\n<td role=\"cell\" calss=\"text-center\">Estudiantes de los niveles inicial, primario y secundario.<\/td>\n<\/tr>\n<tr role=\"row\">\n<td role=\"cell\" calss=\"text-center\">1<\/td>\n<td role=\"cell\" calss=\"text-center\">Lanzamiento del II Concurso intercolegial de matem\u00e1ticas y ciencias exactas Ing. Roberto \u00c1vila Castellanos.<\/td>\n<td role=\"cell\" calss=\"text-center\">Estudiantes de unidades educativas, fiscales, de convenio y privadas de Cercado.<\/td>\n<\/tr>\n<tr role=\"row\">\n<td role=\"cell\" calss=\"text-center\">1<\/td>\n<td role=\"cell\" calss=\"text-center\">Lanzamiento del concurso de videos cortos &#8220;Somos parte de tu historia&#8221;.<\/td>\n<td role=\"cell\" calss=\"text-center\">Estudiantes del nivel secundario.<\/td>\n<\/tr>\n<tr role=\"row\">\n<td role=\"cell\" calss=\"text-center\">1<\/td>\n<td role=\"cell\" calss=\"text-center\">Entronizaci\u00f3n de San Bernardo de Tarija al ingreso del colegio.<\/td>\n<td role=\"cell\" calss=\"text-center\">Comunidad escolar San Bernardo.<\/td>\n<\/tr>\n<tr role=\"row\">\n<td role=\"cell\" calss=\"text-center\">5<\/td>\n<td role=\"cell\" calss=\"text-center\">Desfile escolar:<br \/> <br \/>\n<b>D\u00cdA DE LA PATRIA &#8211; 6 DE AGOSTO.<\/b>\n<\/td>\n<td role=\"cell\" calss=\"text-center\">Promoci\u00f3n 2022, personal docente y administrativo.<\/td>\n<\/tr>\n<tr role=\"row\">\n<td role=\"cell\" calss=\"text-center\">8<\/td>\n<td role=\"cell\" calss=\"text-center\">Lanzamiento del concurso: Crucigrama Bodas de Diamante.  <\/td>\n<td role=\"cell\" calss=\"text-center\">Comunidad escolar San Bernardo de Tarija.<\/td>\n<\/tr>\n<tr role=\"row\">\n<td role=\"cell\" calss=\"text-center\">12<\/td>\n<td role=\"cell\" calss=\"text-center\">Fiesta de Santa Anita. Sorteo del concurso de Crucigrama bodas de diamante.<\/td>\n<td role=\"cell\" calss=\"text-center\">Estudiantes de los niveles inicial y primario.<\/td>\n<\/tr>\n<tr role=\"row\">\n<td role=\"cell\" calss=\"text-center\" colspan=\"3\">13AGO &#8211; 3SEP <b>SEMANAS DEL ESP\u00cdRITU ESCOLAR 2022.<\/b><\/td>\n<\/tr>\n<tr role=\"row\">\n<td role=\"cell\" calss=\"text-center\">13<\/td>\n<td role=\"cell\" calss=\"text-center\">II Olimpiadas de matem\u00e1ticas y ciencias exactas Ing. Roberto \u00c1vila Castellanos. (Primera fase)<\/td>\n<td role=\"cell\" calss=\"text-center\">Estudiantes de unidades educativas, fiscales, de convenio y privadas de Cercado.<\/td>\n<\/tr>\n<tr role=\"row\">\n<td role=\"cell\" calss=\"text-center\">13<\/td>\n<td role=\"cell\" calss=\"text-center\">Pe\u00f1a y reencuentro de exalumnos. (entrega de plaquetas, reconocimientos a los participantes y premios a los campeones del campeonato deportivo)<\/td>\n<td role=\"cell\" calss=\"text-center\">Exalumnos del colegio y participantes del campeonato deportivo.<\/td>\n<\/tr>\n<tr role=\"row\">\n<td role=\"cell\" calss=\"text-center\">15<\/td>\n<td role=\"cell\" calss=\"text-center\">Embanderamiento del colegio.<\/td>\n<td role=\"cell\" calss=\"text-center\">Comunidad escolar San Bernardo de Tarija.<\/td>\n<\/tr>\n<tr role=\"row\">\n<td role=\"cell\" calss=\"text-center\">15<\/td>\n<td role=\"cell\" calss=\"text-center\">Filmaci\u00f3n de Lip Dup<\/td>\n<td role=\"cell\" calss=\"text-center\">Estudiantes de los niveles inicial, primario, secundario, personal docente y administrativo<\/td>\n<\/tr>\n<tr role=\"row\">\n<td role=\"cell\" calss=\"text-center\">16<\/td>\n<td role=\"cell\" calss=\"text-center\">Jornada de arte y dibujo dedicada al colegio.<\/td>\n<td role=\"cell\" calss=\"text-center\">Estudiantes de los niveles inicial, primario y secundario.<\/td>\n<\/tr>\n<tr role=\"row\">\n<td role=\"cell\" calss=\"text-center\">17<\/td>\n<td role=\"cell\" calss=\"text-center\">Jornada de composici\u00f3n literaria dedicada al colegio.<\/td>\n<td role=\"cell\" calss=\"text-center\">Estudiantes de los niveles inicial, primario y secundario.<\/td>\n<\/tr>\n<tr role=\"row\">\n<td role=\"cell\" calss=\"text-center\">18<\/td>\n<td role=\"cell\" calss=\"text-center\">Cierre del concurso y conteo de likes de los videos presentados en el concurso: &#8220;Somos parte de tu historia&#8221;. <\/td>\n<td role=\"cell\" calss=\"text-center\">Estudiantes del nivel secundario.<\/td>\n<\/tr>\n<tr role=\"row\">\n<td role=\"cell\" calss=\"text-center\">19<\/td>\n<td role=\"cell\" calss=\"text-center\">Lanzamiento de la cueca al colegio.<\/td>\n<td role=\"cell\" calss=\"text-center\">Comunidad escolar San Bernardo de Tarija<\/td>\n<\/tr>\n<tr role=\"row\">\n<td role=\"cell\" calss=\"text-center\">20<\/td>\n<td role=\"cell\" calss=\"text-center\">Desfile escolar por aniversario del colegio.<\/td>\n<td role=\"cell\" calss=\"text-center\">Comunidad escolar San Bernardo de Tarija<\/td>\n<\/tr>\n<tr role=\"row\">\n<td role=\"cell\" calss=\"text-center\">20<\/td>\n<td role=\"cell\" calss=\"text-center\">Eucarist\u00eda de acci\u00f3n de gracias y acto acad\u00e9mico por los 60 a\u00f1os de fundaci\u00f3n del Colegio San Bernardo de Tarija.<\/td>\n<td role=\"cell\" calss=\"text-center\">Comunidad escolar San Bernardo de Tarija<\/td>\n<\/tr>\n<tr role=\"row\">\n<td role=\"cell\" calss=\"text-center\">20<\/td>\n<td role=\"cell\" calss=\"text-center\">Publicaci\u00f3n de Lip Dup<\/td>\n<td role=\"cell\" calss=\"text-center\">Estudiantes de los niveles inicial, primario, secundario, personal docente y administrativo.<\/td>\n<\/tr>\n<tr role=\"row\">\n<td role=\"cell\" calss=\"text-center\">27<\/td>\n<td role=\"cell\" calss=\"text-center\">II Olimpiadas de matem\u00e1ticas y ciencias exactas Ing. Roberto \u00c1vila Castellanos. (Segunda fase)<\/td>\n<td role=\"cell\" calss=\"text-center\">Estudiantes de unidades educativas, fiscales, de convenio y privadas de Cercado.<\/td>\n<\/tr>\n<tr role=\"row\">\n<td role=\"cell\" calss=\"text-center\">22 &#8211; 26<\/td>\n<td role=\"cell\" calss=\"text-center\" colspan=\"3\">Semana de recuperatorios y autoevaluaciones<\/td>\n<\/tr>\n<tr role=\"row\">\n<td role=\"cell\" calss=\"text-center\">26<\/td>\n<td  role=\"cell\" calss=\"text-center\" colspan=\"3\">CIERRE DEL SEGUNDO TRIMESTRE<\/td>\n<\/tr>\n<tr role=\"row\">\n<td role=\"cell\" calss=\"text-center\">29<\/td>\n<td role=\"cell\" calss=\"text-center\" colspan=\"3\">Inicio del tercer trimestre.<\/td>\n<\/tr>\n<tr role=\"row\">\n<td role=\"cell\" calss=\"text-center\"><b>SEPTIEMBRE<\/b><\/td>\n<td role=\"cell\" calss=\"text-center\">3<\/td>\n<td role=\"cell\" calss=\"text-center\">Convivencia de la comunidad educativa.<\/td>\n<td role=\"cell\" calss=\"text-center\">INI &#8211; PRI &#8211; SEC <\/td>\n<\/tr>\n<\/table>\n\n","protected":false},"excerpt":{"rendered":"<p>INTRODUCCI\u00d3N. Colegio San Bernardo de Tarija, instituci\u00f3n educativa de propiedad de la Sociedad Educativa San Bernardo de Tarija S.A., fundada el a\u00f1o 1962, comprometida desde su origen con la prestaci\u00f3n de servicios educativos a ni\u00f1os y j\u00f3venes en los niveles inicial, primario y secundario, este a\u00f1o celebra 60 a\u00f1os de presencia y trayectoria en el Departamento de Tarija y el pa\u00eds. Durante este tiempo San Bernardo gradu\u00f3 m\u00e1s 6000 estudiantes, quienes terminados sus estudios en nuestro colegio, lograron desempe\u00f1arse satisfactoriamente en institutos y universidad, logrando posicionarse eficientemente en diferentes rubros y espacios que hacen la institucionalidad de la sociedad tarije\u00f1a, boliviana e internacional. De manera especial este a\u00f1o San Bernardo de Tarija, pretende celebrar sus bodas de diamante generando mayores espacios de comunicaci\u00f3n e integraci\u00f3n entre todas las personas que hacen parte de la comunidad escolar, fortaleciendo principalente la identidad del alumno y exalumno Sanbernardino, quienes con sus experiencias personales,&hellip;<\/p>\n<p> <a class=\"more-link\" href=\"https:\/\/cosabe.edu.bo\/index.php\/nuestro-aniversario\/\">Leer m\u00e1s<\/a><\/p>\n","protected":false},"author":1,"featured_media":0,"parent":0,"menu_order":0,"comment_status":"closed","ping_status":"closed","template":"","meta":{"footnotes":""},"class_list":["post-331","page","type-page","status-publish"],"_links":{"self":[{"href":"https:\/\/cosabe.edu.bo\/index.php\/wp-json\/wp\/v2\/pages\/331","targetHints":{"allow":["GET"]}}],"collection":[{"href":"https:\/\/cosabe.edu.bo\/index.php\/wp-json\/wp\/v2\/pages"}],"about":[{"href":"https:\/\/cosabe.edu.bo\/index.php\/wp-json\/wp\/v2\/types\/page"}],"author":[{"embeddable":true,"href":"https:\/\/cosabe.edu.bo\/index.php\/wp-json\/wp\/v2\/users\/1"}],"replies":[{"embeddable":true,"href":"https:\/\/cosabe.edu.bo\/index.php\/wp-json\/wp\/v2\/comments?post=331"}],"version-history":[{"count":3,"href":"https:\/\/cosabe.edu.bo\/index.php\/wp-json\/wp\/v2\/pages\/331\/revisions"}],"predecessor-version":[{"id":339,"href":"https:\/\/cosabe.edu.bo\/index.php\/wp-json\/wp\/v2\/pages\/331\/revisions\/339"}],"wp:attachment":[{"href":"https:\/\/cosabe.edu.bo\/index.php\/wp-json\/wp\/v2\/media?parent=331"}],"curies":[{"name":"wp","href":"https:\/\/api.w.org\/{rel}","templated":true}]}}