{"id":947,"date":"2025-12-04T15:23:19","date_gmt":"2025-12-04T19:23:19","guid":{"rendered":"https:\/\/cosabe.edu.bo\/apps\/luz-verde\/?page_id=947"},"modified":"2025-12-04T17:53:12","modified_gmt":"2025-12-04T21:53:12","slug":"radar_nota7-2-2-3","status":"publish","type":"page","link":"https:\/\/cosabe.edu.bo\/apps\/luz-verde\/index.php\/radar\/radar_nota7-2-2-3\/","title":{"rendered":"San Bernardo presenta a Sofia y refuerza su liderazgo en la transformaci\u00f3n educativa"},"content":{"rendered":"\t\t<div data-elementor-type=\"wp-page\" data-elementor-id=\"947\" class=\"elementor elementor-947\">\n\t\t\t\t<div class=\"elementor-element elementor-element-a2cbc7e e-flex e-con-boxed wpr-particle-no wpr-jarallax-no wpr-parallax-no wpr-sticky-section-no wpr-column-slider-no wpr-equal-height-no e-con e-parent\" data-id=\"a2cbc7e\" data-element_type=\"container\" data-e-type=\"container\">\n\t\t\t\t\t<div class=\"e-con-inner\">\n\t\t\t\t<div class=\"elementor-element elementor-element-1a6e8a3 wpr-main-menu-align-left wpr-main-menu-align--tabletleft wpr-main-menu-align--mobileleft wpr-pointer-underline wpr-pointer-line-fx wpr-pointer-fx-fade wpr-sub-icon-caret-down wpr-sub-menu-fx-fade wpr-nav-menu-bp-mobile wpr-mobile-menu-full-width wpr-mobile-menu-item-align-center wpr-mobile-toggle-v1 wpr-sub-divider-yes wpr-mobile-divider-yes elementor-widget elementor-widget-wpr-nav-menu\" data-id=\"1a6e8a3\" data-element_type=\"widget\" data-e-type=\"widget\" data-settings=\"{&quot;menu_layout&quot;:&quot;horizontal&quot;}\" data-widget_type=\"wpr-nav-menu.default\">\n\t\t\t\t<div class=\"elementor-widget-container\">\n\t\t\t\t\t<nav class=\"wpr-nav-menu-container wpr-nav-menu-horizontal\" data-trigger=\"hover\" data-consider-header=\"\" data-scroll-speed=\"500\"><ul id=\"menu-1-1a6e8a3\" class=\"wpr-nav-menu\"><li class=\"menu-item menu-item-type-post_type menu-item-object-page menu-item-home menu-item-124\"><a href=\"https:\/\/cosabe.edu.bo\/apps\/luz-verde\/\" class=\"wpr-menu-item wpr-pointer-item\">Inicio<\/a><\/li>\n<li class=\"menu-item menu-item-type-post_type menu-item-object-page menu-item-631\"><a href=\"https:\/\/cosabe.edu.bo\/apps\/luz-verde\/index.php\/historia\/\" class=\"wpr-menu-item wpr-pointer-item\">Historia<\/a><\/li>\n<li class=\"menu-item menu-item-type-post_type menu-item-object-page menu-item-632\"><a href=\"https:\/\/cosabe.edu.bo\/apps\/luz-verde\/index.php\/arte\/\" class=\"wpr-menu-item wpr-pointer-item\">D&#8217;arte<\/a><\/li>\n<li class=\"menu-item menu-item-type-post_type menu-item-object-page menu-item-637\"><a href=\"https:\/\/cosabe.edu.bo\/apps\/luz-verde\/index.php\/codigoabiertoindex\/\" class=\"wpr-menu-item wpr-pointer-item\">C\u00f3digo abierto<\/a><\/li>\n<li class=\"menu-item menu-item-type-post_type menu-item-object-page menu-item-633\"><a href=\"https:\/\/cosabe.edu.bo\/apps\/luz-verde\/index.php\/cracks\/\" class=\"wpr-menu-item wpr-pointer-item\">Cracks<\/a><\/li>\n<li class=\"menu-item menu-item-type-post_type menu-item-object-page menu-item-636\"><a href=\"https:\/\/cosabe.edu.bo\/apps\/luz-verde\/index.php\/editorial\/\" class=\"wpr-menu-item wpr-pointer-item\">Editorial<\/a><\/li>\n<li class=\"menu-item menu-item-type-post_type menu-item-object-page menu-item-638\"><a href=\"https:\/\/cosabe.edu.bo\/apps\/luz-verde\/index.php\/luzpedagogica\/\" class=\"wpr-menu-item wpr-pointer-item\">Luz pedag\u00f3gica<\/a><\/li>\n<li class=\"menu-item menu-item-type-post_type menu-item-object-page menu-item-634\"><a href=\"https:\/\/cosabe.edu.bo\/apps\/luz-verde\/index.php\/padresconectados\/\" class=\"wpr-menu-item wpr-pointer-item\">Padres conectados<\/a><\/li>\n<li class=\"menu-item menu-item-type-post_type menu-item-object-page menu-item-635\"><a href=\"https:\/\/cosabe.edu.bo\/apps\/luz-verde\/index.php\/radar\/\" class=\"wpr-menu-item wpr-pointer-item\">Radar<\/a><\/li>\n<\/ul><\/nav><nav class=\"wpr-mobile-nav-menu-container\"><div class=\"wpr-mobile-toggle-wrap\"><div class=\"wpr-mobile-toggle\"><span class=\"wpr-mobile-toggle-line\"><\/span><span class=\"wpr-mobile-toggle-line\"><\/span><span class=\"wpr-mobile-toggle-line\"><\/span><\/div><\/div><ul id=\"mobile-menu-2-1a6e8a3\" class=\"wpr-mobile-nav-menu\"><li class=\"menu-item menu-item-type-post_type menu-item-object-page menu-item-home menu-item-124\"><a href=\"https:\/\/cosabe.edu.bo\/apps\/luz-verde\/\" class=\"wpr-mobile-menu-item\">Inicio<\/a><\/li>\n<li class=\"menu-item menu-item-type-post_type menu-item-object-page menu-item-631\"><a href=\"https:\/\/cosabe.edu.bo\/apps\/luz-verde\/index.php\/historia\/\" class=\"wpr-mobile-menu-item\">Historia<\/a><\/li>\n<li class=\"menu-item menu-item-type-post_type menu-item-object-page menu-item-632\"><a href=\"https:\/\/cosabe.edu.bo\/apps\/luz-verde\/index.php\/arte\/\" class=\"wpr-mobile-menu-item\">D&#8217;arte<\/a><\/li>\n<li class=\"menu-item menu-item-type-post_type menu-item-object-page menu-item-637\"><a href=\"https:\/\/cosabe.edu.bo\/apps\/luz-verde\/index.php\/codigoabiertoindex\/\" class=\"wpr-mobile-menu-item\">C\u00f3digo abierto<\/a><\/li>\n<li class=\"menu-item menu-item-type-post_type menu-item-object-page menu-item-633\"><a href=\"https:\/\/cosabe.edu.bo\/apps\/luz-verde\/index.php\/cracks\/\" class=\"wpr-mobile-menu-item\">Cracks<\/a><\/li>\n<li class=\"menu-item menu-item-type-post_type menu-item-object-page menu-item-636\"><a href=\"https:\/\/cosabe.edu.bo\/apps\/luz-verde\/index.php\/editorial\/\" class=\"wpr-mobile-menu-item\">Editorial<\/a><\/li>\n<li class=\"menu-item menu-item-type-post_type menu-item-object-page menu-item-638\"><a href=\"https:\/\/cosabe.edu.bo\/apps\/luz-verde\/index.php\/luzpedagogica\/\" class=\"wpr-mobile-menu-item\">Luz pedag\u00f3gica<\/a><\/li>\n<li class=\"menu-item menu-item-type-post_type menu-item-object-page menu-item-634\"><a href=\"https:\/\/cosabe.edu.bo\/apps\/luz-verde\/index.php\/padresconectados\/\" class=\"wpr-mobile-menu-item\">Padres conectados<\/a><\/li>\n<li class=\"menu-item menu-item-type-post_type menu-item-object-page menu-item-635\"><a href=\"https:\/\/cosabe.edu.bo\/apps\/luz-verde\/index.php\/radar\/\" class=\"wpr-mobile-menu-item\">Radar<\/a><\/li>\n<\/ul><\/nav>\t\t\t\t<\/div>\n\t\t\t\t<\/div>\n\t\t\t\t\t<\/div>\n\t\t\t\t<\/div>\n\t\t<div class=\"elementor-element elementor-element-iRcJH61 e-flex e-con-boxed wpr-particle-no wpr-jarallax-no wpr-parallax-no wpr-sticky-section-no wpr-column-slider-no wpr-equal-height-no e-con e-parent\" data-id=\"iRcJH61\" data-element_type=\"container\" data-e-type=\"container\">\n\t\t\t\t\t<div class=\"e-con-inner\">\n\t\t<div class=\"elementor-element elementor-element-S4R03ZI e-con-full e-flex wpr-particle-no wpr-jarallax-no wpr-parallax-no wpr-sticky-section-no wpr-column-slider-no wpr-equal-height-no e-con e-child\" data-id=\"S4R03ZI\" data-element_type=\"container\" data-e-type=\"container\">\n\t\t<div class=\"elementor-element elementor-element-bf51c95 e-con-full e-flex wpr-particle-no wpr-jarallax-no wpr-parallax-no wpr-sticky-section-no wpr-column-slider-no wpr-equal-height-no e-con e-child\" data-id=\"bf51c95\" data-element_type=\"container\" data-e-type=\"container\">\n\t\t\t\t<div class=\"elementor-element elementor-element-b84470c elementor-widget elementor-widget-heading\" data-id=\"b84470c\" data-element_type=\"widget\" data-e-type=\"widget\" data-widget_type=\"heading.default\">\n\t\t\t\t<div class=\"elementor-widget-container\">\n\t\t\t\t\t<h2 class=\"elementor-heading-title elementor-size-default\">San Bernardo presenta a Sofia y refuerza su liderazgo en la transformaci\u00f3n educativa \n<\/h2>\t\t\t\t<\/div>\n\t\t\t\t<\/div>\n\t\t<div class=\"elementor-element elementor-element-c87da49 e-con-full e-flex wpr-particle-no wpr-jarallax-no wpr-parallax-no wpr-sticky-section-no wpr-column-slider-no wpr-equal-height-no e-con e-child\" data-id=\"c87da49\" data-element_type=\"container\" data-e-type=\"container\">\n\t\t\t\t<div class=\"elementor-element elementor-element-6b3f33b elementor-widget elementor-widget-image\" data-id=\"6b3f33b\" data-element_type=\"widget\" data-e-type=\"widget\" data-widget_type=\"image.default\">\n\t\t\t\t<div class=\"elementor-widget-container\">\n\t\t\t\t\t\t\t\t\t\t\t\t\t\t\t<img fetchpriority=\"high\" decoding=\"async\" width=\"667\" height=\"338\" src=\"https:\/\/cosabe.edu.bo\/apps\/luz-verde\/wp-content\/uploads\/2025\/12\/Imagen-de-WhatsApp-2025-12-04-a-las-16.40.00_4c101a0d.jpg\" class=\"attachment-medium_large size-medium_large wp-image-955\" alt=\"\" srcset=\"https:\/\/cosabe.edu.bo\/apps\/luz-verde\/wp-content\/uploads\/2025\/12\/Imagen-de-WhatsApp-2025-12-04-a-las-16.40.00_4c101a0d.jpg 667w, https:\/\/cosabe.edu.bo\/apps\/luz-verde\/wp-content\/uploads\/2025\/12\/Imagen-de-WhatsApp-2025-12-04-a-las-16.40.00_4c101a0d-300x152.jpg 300w\" sizes=\"(max-width: 667px) 100vw, 667px\" \/>\t\t\t\t\t\t\t\t\t\t\t\t\t\t\t<\/div>\n\t\t\t\t<\/div>\n\t\t\t\t<\/div>\n\t\t<div class=\"elementor-element elementor-element-cb63092 e-con-full e-flex wpr-particle-no wpr-jarallax-no wpr-parallax-no wpr-sticky-section-no wpr-column-slider-no wpr-equal-height-no e-con e-child\" data-id=\"cb63092\" data-element_type=\"container\" data-e-type=\"container\">\n\t\t<div class=\"elementor-element elementor-element-e81a8ed e-con-full e-flex wpr-particle-no wpr-jarallax-no wpr-parallax-no wpr-sticky-section-no wpr-column-slider-no wpr-equal-height-no e-con e-child\" data-id=\"e81a8ed\" data-element_type=\"container\" data-e-type=\"container\">\n\t\t\t\t<div class=\"elementor-element elementor-element-129d80a elementor-widget elementor-widget-text-editor\" data-id=\"129d80a\" data-element_type=\"widget\" data-e-type=\"widget\" data-widget_type=\"text-editor.default\">\n\t\t\t\t<div class=\"elementor-widget-container\">\n\t\t\t\t\t\t\t\t\t<p><audio class=\"audio-for-speech\"><\/audio><\/p><div class=\"translate-tooltip-mtz blue sm-root translate hidden_translate\"><div class=\"header-wrapper\"><div class=\"header-controls\">\u00a0<\/div><\/div><\/div><div class=\"translate-tooltip-mtz blue sm-root translate hidden_translate\"><div class=\"header-wrapper\"><div class=\"header-controls\"><strong><em>Por: <b><i>SBComunica<\/i><\/b><\/em><\/strong><\/div><\/div><\/div><p>La Sociedad San Bernardo present\u00f3 a <strong>Sof\u00eda<\/strong>, su nueva asistente virtual, que acompa\u00f1ar\u00e1 a estudiantes, docentes y familias de los colegios San Bernardo y Andaluc\u00eda, ofreciendo orientaci\u00f3n, apoyo pedag\u00f3gico y contenidos educativos innovadores. La conferencia de prensa fue dirigida por <strong>Gonzalo \u00c1vila<\/strong>, presidente del Directorio de la Sociedad, quien destac\u00f3 la importancia de la innovaci\u00f3n tecnol\u00f3gica en el proceso educativo.<\/p><p>Sof\u00eda fue presentada como una aliada en el aprendizaje, brindando informaci\u00f3n de manera inmediata y contribuyendo a una experiencia educativa personalizada y motivadora. \u201cEstoy aqu\u00ed para acompa\u00f1ar el proceso educativo con innovaci\u00f3n, alegr\u00eda y compromiso, asegurando que cada d\u00eda sea una oportunidad para aprender, crecer y so\u00f1ar\u201d, afirm\u00f3 la asistente virtual.<\/p><p>La Directora General del colegio San Bernardo, Danitza Monta\u00f1o, aclar\u00f3 que la asistente virtual no es un reemplazo a los maestros sino un acompa\u00f1amiento en tareas puntuales o temas que requieran complementaci\u00f3n. A la vez destac\u00f3 el esfuerzo de un equipo de estudiantes de 4to de Secundaria del colegio San Bernardo que crearon un ChatBot educativo para complementar este proyecto de IA que se aplicar\u00e1 desde la gesti\u00f3n 2026.<\/p><p>El chatbot tiene el objetivo de mejorar la experiencia estudiantil y brindar asistencia continua. La herramienta integra <strong>gamificaci\u00f3n<\/strong> con rachas, puntajes y rankings, genera evaluaciones de simulaci\u00f3n, flashcards y ofrece explicaciones instant\u00e1neas para resolver dudas al momento. Est\u00e1 construida sobre la infraestructura de <strong>Firebase Studio<\/strong> y sistemas de inteligencia artificial, garantizando interacciones inteligentes, seguras y escalables.<\/p><p>Lo destacable del proyecto es que los estudiantes trabajaron toda la programaci\u00f3n desde cero como establece la competencia educativa. Este proyecto que estuvo a la cabeza del presidente del Directorio de la Sociedad San Bernardo, Gonzalo \u00c1vila, cont\u00f3 tambi\u00e9n con la participaci\u00f3n de los profesores de tecnolog\u00eda Luis Ortega, Erlan Mendoza, de la responsable de comunicaci\u00f3n Valentina Reinoso y de los directores de San Bernardo y de Andaluc\u00eda, Danitza Monta\u00f1o y Javier Conzelmann respectivamente.<\/p><p>Con este proyecto, la Sociedad San Bernardo reafirma su apuesta por <strong>la innovaci\u00f3n y la tecnolog\u00eda al servicio de la educaci\u00f3n<\/strong>, consolidando un modelo que busca motivar, guiar y transformar la forma de aprender en sus comunidades educativas.<\/p>\t\t\t\t\t\t\t\t<\/div>\n\t\t\t\t<\/div>\n\t\t\t\t<\/div>\n\t\t\t\t<\/div>\n\t\t\t\t<\/div>\n\t\t\t\t<\/div>\n\t\t\t\t\t<\/div>\n\t\t\t\t<\/div>\n\t\t<div class=\"elementor-element elementor-element-5cc5f82 e-flex e-con-boxed wpr-particle-no wpr-jarallax-no wpr-parallax-no wpr-sticky-section-no wpr-column-slider-no wpr-equal-height-no e-con e-parent\" data-id=\"5cc5f82\" data-element_type=\"container\" data-e-type=\"container\">\n\t\t\t\t\t<div class=\"e-con-inner\">\n\t\t\t\t<div class=\"elementor-element elementor-element-5108662 elementor-widget elementor-widget-text-editor\" data-id=\"5108662\" data-element_type=\"widget\" data-e-type=\"widget\" data-widget_type=\"text-editor.default\">\n\t\t\t\t<div class=\"elementor-widget-container\">\n\t\t\t\t\t\t\t\t\t<p>Todos los derechos reservados para el Colegio San Bernardo de Tarija &#8211; Sb Comunica<\/p>\t\t\t\t\t\t\t\t<\/div>\n\t\t\t\t<\/div>\n\t\t\t\t\t<\/div>\n\t\t\t\t<\/div>\n\t\t\t\t<\/div>\n\t\t","protected":false},"excerpt":{"rendered":"<p>Inicio Historia D&#8217;arte C\u00f3digo abierto Cracks Editorial Luz pedag\u00f3gica Padres conectados Radar Inicio Historia D&#8217;arte C\u00f3digo abierto Cracks Editorial Luz pedag\u00f3gica Padres conectados Radar San Bernardo presenta a Sofia y refuerza su liderazgo en la transformaci\u00f3n educativa \u00a0Por: SBComunica La Sociedad San Bernardo present\u00f3 a Sof\u00eda, su nueva asistente virtual, que acompa\u00f1ar\u00e1 a estudiantes, docentes y familias de los colegios San Bernardo y Andaluc\u00eda, ofreciendo orientaci\u00f3n, apoyo pedag\u00f3gico y contenidos educativos innovadores. La conferencia de prensa fue dirigida por Gonzalo \u00c1vila, presidente del Directorio de la Sociedad, quien destac\u00f3 la importancia de la innovaci\u00f3n tecnol\u00f3gica en el proceso educativo. Sof\u00eda fue presentada como una aliada en el aprendizaje, brindando informaci\u00f3n de manera inmediata y contribuyendo a una experiencia educativa personalizada y motivadora. \u201cEstoy aqu\u00ed para acompa\u00f1ar el proceso educativo con innovaci\u00f3n, alegr\u00eda y compromiso, asegurando que cada d\u00eda sea una oportunidad para aprender, crecer y so\u00f1ar\u201d, afirm\u00f3 la asistente virtual. La Directora General del colegio San Bernardo, Danitza Monta\u00f1o, aclar\u00f3 que la asistente virtual no es un reemplazo a los maestros sino un acompa\u00f1amiento en tareas puntuales o temas que requieran complementaci\u00f3n. A la vez destac\u00f3 el esfuerzo de un equipo de estudiantes de 4to de Secundaria del colegio San Bernardo que crearon un ChatBot educativo para complementar este proyecto de IA que se aplicar\u00e1 desde la gesti\u00f3n 2026. El chatbot tiene el objetivo de mejorar la experiencia estudiantil y brindar asistencia continua. La herramienta integra gamificaci\u00f3n con rachas, puntajes y rankings, genera evaluaciones de simulaci\u00f3n, flashcards y ofrece explicaciones instant\u00e1neas para resolver dudas al momento. Est\u00e1 construida sobre la infraestructura de Firebase Studio y sistemas de inteligencia artificial, garantizando interacciones inteligentes, seguras y escalables. Lo destacable del proyecto es que los estudiantes trabajaron toda la programaci\u00f3n desde cero como establece la competencia educativa. Este proyecto que estuvo a la cabeza del presidente del Directorio de la Sociedad San Bernardo, Gonzalo \u00c1vila, cont\u00f3 tambi\u00e9n con la participaci\u00f3n de los profesores de tecnolog\u00eda Luis Ortega, Erlan Mendoza, de la responsable de comunicaci\u00f3n Valentina Reinoso y de los directores de San Bernardo y de Andaluc\u00eda, Danitza Monta\u00f1o y Javier Conzelmann respectivamente. Con este proyecto, la Sociedad San Bernardo reafirma su apuesta por la innovaci\u00f3n y la tecnolog\u00eda al servicio de la educaci\u00f3n, consolidando un modelo que busca motivar, guiar y transformar la forma de aprender en sus comunidades educativas. Todos los derechos reservados para el Colegio San Bernardo de Tarija &#8211; Sb Comunica<\/p>\n","protected":false},"author":1,"featured_media":0,"parent":532,"menu_order":0,"comment_status":"closed","ping_status":"closed","template":"elementor_canvas","meta":{"footnotes":""},"class_list":["post-947","page","type-page","status-publish","hentry"],"_links":{"self":[{"href":"https:\/\/cosabe.edu.bo\/apps\/luz-verde\/index.php\/wp-json\/wp\/v2\/pages\/947","targetHints":{"allow":["GET"]}}],"collection":[{"href":"https:\/\/cosabe.edu.bo\/apps\/luz-verde\/index.php\/wp-json\/wp\/v2\/pages"}],"about":[{"href":"https:\/\/cosabe.edu.bo\/apps\/luz-verde\/index.php\/wp-json\/wp\/v2\/types\/page"}],"author":[{"embeddable":true,"href":"https:\/\/cosabe.edu.bo\/apps\/luz-verde\/index.php\/wp-json\/wp\/v2\/users\/1"}],"replies":[{"embeddable":true,"href":"https:\/\/cosabe.edu.bo\/apps\/luz-verde\/index.php\/wp-json\/wp\/v2\/comments?post=947"}],"version-history":[{"count":7,"href":"https:\/\/cosabe.edu.bo\/apps\/luz-verde\/index.php\/wp-json\/wp\/v2\/pages\/947\/revisions"}],"predecessor-version":[{"id":958,"href":"https:\/\/cosabe.edu.bo\/apps\/luz-verde\/index.php\/wp-json\/wp\/v2\/pages\/947\/revisions\/958"}],"up":[{"embeddable":true,"href":"https:\/\/cosabe.edu.bo\/apps\/luz-verde\/index.php\/wp-json\/wp\/v2\/pages\/532"}],"wp:attachment":[{"href":"https:\/\/cosabe.edu.bo\/apps\/luz-verde\/index.php\/wp-json\/wp\/v2\/media?parent=947"}],"curies":[{"name":"wp","href":"https:\/\/api.w.org\/{rel}","templated":true}]}}