{"id":788,"date":"2025-07-03T15:54:15","date_gmt":"2025-07-03T19:54:15","guid":{"rendered":"https:\/\/cosabe.edu.bo\/apps\/luz-verde\/?page_id=788"},"modified":"2025-07-03T15:56:36","modified_gmt":"2025-07-03T19:56:36","slug":"radar_nota4-2-2","status":"publish","type":"page","link":"https:\/\/cosabe.edu.bo\/apps\/luz-verde\/index.php\/radar\/radar_nota4-2-2\/","title":{"rendered":"San Bernardo responde al futuro con un taller de ingl\u00e9s personalizado y pr\u00e1ctico"},"content":{"rendered":"\t\t<div data-elementor-type=\"wp-page\" data-elementor-id=\"788\" class=\"elementor elementor-788\">\n\t\t\t\t<div class=\"elementor-element elementor-element-a2cbc7e e-flex e-con-boxed wpr-particle-no wpr-jarallax-no wpr-parallax-no wpr-sticky-section-no wpr-column-slider-no wpr-equal-height-no e-con e-parent\" data-id=\"a2cbc7e\" data-element_type=\"container\" data-e-type=\"container\">\n\t\t\t\t\t<div class=\"e-con-inner\">\n\t\t\t\t<div class=\"elementor-element elementor-element-1a6e8a3 wpr-main-menu-align-left wpr-main-menu-align--tabletleft wpr-main-menu-align--mobileleft wpr-pointer-underline wpr-pointer-line-fx wpr-pointer-fx-fade wpr-sub-icon-caret-down wpr-sub-menu-fx-fade wpr-nav-menu-bp-mobile wpr-mobile-menu-full-width wpr-mobile-menu-item-align-center wpr-mobile-toggle-v1 wpr-sub-divider-yes wpr-mobile-divider-yes elementor-widget elementor-widget-wpr-nav-menu\" data-id=\"1a6e8a3\" data-element_type=\"widget\" data-e-type=\"widget\" data-settings=\"{&quot;menu_layout&quot;:&quot;horizontal&quot;}\" data-widget_type=\"wpr-nav-menu.default\">\n\t\t\t\t<div class=\"elementor-widget-container\">\n\t\t\t\t\t<nav class=\"wpr-nav-menu-container wpr-nav-menu-horizontal\" data-trigger=\"hover\" data-consider-header=\"\" data-scroll-speed=\"500\"><ul id=\"menu-1-1a6e8a3\" class=\"wpr-nav-menu\"><li class=\"menu-item menu-item-type-post_type menu-item-object-page menu-item-home menu-item-124\"><a href=\"https:\/\/cosabe.edu.bo\/apps\/luz-verde\/\" class=\"wpr-menu-item wpr-pointer-item\">Inicio<\/a><\/li>\n<li class=\"menu-item menu-item-type-post_type menu-item-object-page menu-item-631\"><a href=\"https:\/\/cosabe.edu.bo\/apps\/luz-verde\/index.php\/historia\/\" class=\"wpr-menu-item wpr-pointer-item\">Historia<\/a><\/li>\n<li class=\"menu-item menu-item-type-post_type menu-item-object-page menu-item-632\"><a href=\"https:\/\/cosabe.edu.bo\/apps\/luz-verde\/index.php\/arte\/\" class=\"wpr-menu-item wpr-pointer-item\">D&#8217;arte<\/a><\/li>\n<li class=\"menu-item menu-item-type-post_type menu-item-object-page menu-item-637\"><a href=\"https:\/\/cosabe.edu.bo\/apps\/luz-verde\/index.php\/codigoabiertoindex\/\" class=\"wpr-menu-item wpr-pointer-item\">C\u00f3digo abierto<\/a><\/li>\n<li class=\"menu-item menu-item-type-post_type menu-item-object-page menu-item-633\"><a href=\"https:\/\/cosabe.edu.bo\/apps\/luz-verde\/index.php\/cracks\/\" class=\"wpr-menu-item wpr-pointer-item\">Cracks<\/a><\/li>\n<li class=\"menu-item menu-item-type-post_type menu-item-object-page menu-item-636\"><a href=\"https:\/\/cosabe.edu.bo\/apps\/luz-verde\/index.php\/editorial\/\" class=\"wpr-menu-item wpr-pointer-item\">Editorial<\/a><\/li>\n<li class=\"menu-item menu-item-type-post_type menu-item-object-page menu-item-638\"><a href=\"https:\/\/cosabe.edu.bo\/apps\/luz-verde\/index.php\/luzpedagogica\/\" class=\"wpr-menu-item wpr-pointer-item\">Luz pedag\u00f3gica<\/a><\/li>\n<li class=\"menu-item menu-item-type-post_type menu-item-object-page menu-item-634\"><a href=\"https:\/\/cosabe.edu.bo\/apps\/luz-verde\/index.php\/padresconectados\/\" class=\"wpr-menu-item wpr-pointer-item\">Padres conectados<\/a><\/li>\n<li class=\"menu-item menu-item-type-post_type menu-item-object-page menu-item-635\"><a href=\"https:\/\/cosabe.edu.bo\/apps\/luz-verde\/index.php\/radar\/\" class=\"wpr-menu-item wpr-pointer-item\">Radar<\/a><\/li>\n<\/ul><\/nav><nav class=\"wpr-mobile-nav-menu-container\"><div class=\"wpr-mobile-toggle-wrap\"><div class=\"wpr-mobile-toggle\"><span class=\"wpr-mobile-toggle-line\"><\/span><span class=\"wpr-mobile-toggle-line\"><\/span><span class=\"wpr-mobile-toggle-line\"><\/span><\/div><\/div><ul id=\"mobile-menu-2-1a6e8a3\" class=\"wpr-mobile-nav-menu\"><li class=\"menu-item menu-item-type-post_type menu-item-object-page menu-item-home menu-item-124\"><a href=\"https:\/\/cosabe.edu.bo\/apps\/luz-verde\/\" class=\"wpr-mobile-menu-item\">Inicio<\/a><\/li>\n<li class=\"menu-item menu-item-type-post_type menu-item-object-page menu-item-631\"><a href=\"https:\/\/cosabe.edu.bo\/apps\/luz-verde\/index.php\/historia\/\" class=\"wpr-mobile-menu-item\">Historia<\/a><\/li>\n<li class=\"menu-item menu-item-type-post_type menu-item-object-page menu-item-632\"><a href=\"https:\/\/cosabe.edu.bo\/apps\/luz-verde\/index.php\/arte\/\" class=\"wpr-mobile-menu-item\">D&#8217;arte<\/a><\/li>\n<li class=\"menu-item menu-item-type-post_type menu-item-object-page menu-item-637\"><a href=\"https:\/\/cosabe.edu.bo\/apps\/luz-verde\/index.php\/codigoabiertoindex\/\" class=\"wpr-mobile-menu-item\">C\u00f3digo abierto<\/a><\/li>\n<li class=\"menu-item menu-item-type-post_type menu-item-object-page menu-item-633\"><a href=\"https:\/\/cosabe.edu.bo\/apps\/luz-verde\/index.php\/cracks\/\" class=\"wpr-mobile-menu-item\">Cracks<\/a><\/li>\n<li class=\"menu-item menu-item-type-post_type menu-item-object-page menu-item-636\"><a href=\"https:\/\/cosabe.edu.bo\/apps\/luz-verde\/index.php\/editorial\/\" class=\"wpr-mobile-menu-item\">Editorial<\/a><\/li>\n<li class=\"menu-item menu-item-type-post_type menu-item-object-page menu-item-638\"><a href=\"https:\/\/cosabe.edu.bo\/apps\/luz-verde\/index.php\/luzpedagogica\/\" class=\"wpr-mobile-menu-item\">Luz pedag\u00f3gica<\/a><\/li>\n<li class=\"menu-item menu-item-type-post_type menu-item-object-page menu-item-634\"><a href=\"https:\/\/cosabe.edu.bo\/apps\/luz-verde\/index.php\/padresconectados\/\" class=\"wpr-mobile-menu-item\">Padres conectados<\/a><\/li>\n<li class=\"menu-item menu-item-type-post_type menu-item-object-page menu-item-635\"><a href=\"https:\/\/cosabe.edu.bo\/apps\/luz-verde\/index.php\/radar\/\" class=\"wpr-mobile-menu-item\">Radar<\/a><\/li>\n<\/ul><\/nav>\t\t\t\t<\/div>\n\t\t\t\t<\/div>\n\t\t\t\t\t<\/div>\n\t\t\t\t<\/div>\n\t\t<div class=\"elementor-element elementor-element-iRcJH61 e-flex e-con-boxed wpr-particle-no wpr-jarallax-no wpr-parallax-no wpr-sticky-section-no wpr-column-slider-no wpr-equal-height-no e-con e-parent\" data-id=\"iRcJH61\" data-element_type=\"container\" data-e-type=\"container\">\n\t\t\t\t\t<div class=\"e-con-inner\">\n\t\t<div class=\"elementor-element elementor-element-S4R03ZI e-con-full e-flex wpr-particle-no wpr-jarallax-no wpr-parallax-no wpr-sticky-section-no wpr-column-slider-no wpr-equal-height-no e-con e-child\" data-id=\"S4R03ZI\" data-element_type=\"container\" data-e-type=\"container\">\n\t\t<div class=\"elementor-element elementor-element-bf51c95 e-con-full e-flex wpr-particle-no wpr-jarallax-no wpr-parallax-no wpr-sticky-section-no wpr-column-slider-no wpr-equal-height-no e-con e-child\" data-id=\"bf51c95\" data-element_type=\"container\" data-e-type=\"container\">\n\t\t\t\t<div class=\"elementor-element elementor-element-b84470c elementor-widget elementor-widget-heading\" data-id=\"b84470c\" data-element_type=\"widget\" data-e-type=\"widget\" data-widget_type=\"heading.default\">\n\t\t\t\t<div class=\"elementor-widget-container\">\n\t\t\t\t\t<h2 class=\"elementor-heading-title elementor-size-default\">San Bernardo responde al futuro con un taller de ingl\u00e9s personalizado y pr\u00e1ctico<\/h2>\t\t\t\t<\/div>\n\t\t\t\t<\/div>\n\t\t\t\t<div class=\"elementor-element elementor-element-4139eff elementor-widget elementor-widget-image\" data-id=\"4139eff\" data-element_type=\"widget\" data-e-type=\"widget\" data-widget_type=\"image.default\">\n\t\t\t\t<div class=\"elementor-widget-container\">\n\t\t\t\t\t\t\t\t\t\t\t\t\t\t\t<img decoding=\"async\" src=\"https:\/\/cosabe.edu.bo\/apps\/luz-verde\/wp-content\/uploads\/2025\/06\/screenlab.png\" title=\"\" alt=\"\" loading=\"lazy\" \/>\t\t\t\t\t\t\t\t\t\t\t\t\t\t\t<\/div>\n\t\t\t\t<\/div>\n\t\t<div class=\"elementor-element elementor-element-cb63092 e-con-full e-flex wpr-particle-no wpr-jarallax-no wpr-parallax-no wpr-sticky-section-no wpr-column-slider-no wpr-equal-height-no e-con e-child\" data-id=\"cb63092\" data-element_type=\"container\" data-e-type=\"container\">\n\t\t<div class=\"elementor-element elementor-element-e81a8ed e-con-full e-flex wpr-particle-no wpr-jarallax-no wpr-parallax-no wpr-sticky-section-no wpr-column-slider-no wpr-equal-height-no e-con e-child\" data-id=\"e81a8ed\" data-element_type=\"container\" data-e-type=\"container\">\n\t\t<div class=\"elementor-element elementor-element-e3d29db e-con-full e-flex wpr-particle-no wpr-jarallax-no wpr-parallax-no wpr-sticky-section-no wpr-column-slider-no wpr-equal-height-no e-con e-child\" data-id=\"e3d29db\" data-element_type=\"container\" data-e-type=\"container\">\n\t\t\t\t<div class=\"elementor-element elementor-element-9e8f4e4 elementor-widget elementor-widget-image\" data-id=\"9e8f4e4\" data-element_type=\"widget\" data-e-type=\"widget\" data-widget_type=\"image.default\">\n\t\t\t\t<div class=\"elementor-widget-container\">\n\t\t\t\t\t\t\t\t\t\t\t\t\t\t\t<img fetchpriority=\"high\" decoding=\"async\" width=\"1024\" height=\"768\" src=\"https:\/\/cosabe.edu.bo\/apps\/luz-verde\/wp-content\/uploads\/2025\/07\/ingles-1-1024x768.jpg\" class=\"attachment-large size-large wp-image-790\" alt=\"\" srcset=\"https:\/\/cosabe.edu.bo\/apps\/luz-verde\/wp-content\/uploads\/2025\/07\/ingles-1-1024x768.jpg 1024w, https:\/\/cosabe.edu.bo\/apps\/luz-verde\/wp-content\/uploads\/2025\/07\/ingles-1-300x225.jpg 300w, https:\/\/cosabe.edu.bo\/apps\/luz-verde\/wp-content\/uploads\/2025\/07\/ingles-1-768x576.jpg 768w, https:\/\/cosabe.edu.bo\/apps\/luz-verde\/wp-content\/uploads\/2025\/07\/ingles-1-1536x1152.jpg 1536w, https:\/\/cosabe.edu.bo\/apps\/luz-verde\/wp-content\/uploads\/2025\/07\/ingles-1-2048x1536.jpg 2048w\" sizes=\"(max-width: 1024px) 100vw, 1024px\" \/>\t\t\t\t\t\t\t\t\t\t\t\t\t\t\t<\/div>\n\t\t\t\t<\/div>\n\t\t\t\t<\/div>\n\t\t\t\t<div class=\"elementor-element elementor-element-129d80a elementor-widget elementor-widget-text-editor\" data-id=\"129d80a\" data-element_type=\"widget\" data-e-type=\"widget\" data-widget_type=\"text-editor.default\">\n\t\t\t\t<div class=\"elementor-widget-container\">\n\t\t\t\t\t\t\t\t\t<p><em>Con un enfoque pr\u00e1ctico y personalizado, el colegio San Bernardo inaugura English Workshop, un programa que fortalece las competencias en ingl\u00e9s de sus estudiantes, adapt\u00e1ndose a los retos del mundo actual<\/em><\/p><p><strong>SBComunica<\/strong><\/p><p>En respuesta a las demandas de un mundo cada vez m\u00e1s exigente y globalizado, el colegio San Bernardo ha inaugurado este a\u00f1o su innovador programa <strong>English Workshop<\/strong>, un taller personalizado, din\u00e1mico y pr\u00e1ctico que comenz\u00f3 a implementarse desde marzo en los niveles de <strong>primaria y secundaria<\/strong>, en horarios alternos.<\/p><p>Este programa surge con el objetivo de brindar a los estudiantes herramientas efectivas para desarrollar sus habilidades comunicativas en ingl\u00e9s, mediante metodolog\u00edas modernas que priorizan el aprendizaje significativo y la participaci\u00f3n activa.<\/p><p><strong>\u201cEn el colegio San Bernardo buscamos lo mejor para nuestros estudiantes, nos adaptamos a sus necesidades y les ofrecemos oportunidades para crecer en todos los aspectos\u201d<\/strong>, se\u00f1ala el coordinador de ingl\u00e9s de la Red San Bernardo, Juan Pablo Lea Plaza.<\/p><p>Lo m\u00e1s destacado de <strong>English Workshop<\/strong> es su enfoque personalizado, que permite que cada estudiante aprenda a su propio ritmo, en un ambiente l\u00fadico, motivador y con aplicaci\u00f3n pr\u00e1ctica del idioma. Adem\u00e1s, <strong>las calificaciones obtenidas en este taller se convalidan con la materia de ingl\u00e9s<\/strong>, fortaleciendo su valor acad\u00e9mico.<\/p><p>La iniciativa ya ha tenido una buena acogida y marcha exitosamente en ambas secciones. Con entusiasmo, el colegio reafirma su compromiso de formar estudiantes preparados para el futuro: <strong>\u201cYour future starts here!\u201d<\/strong><\/p>\t\t\t\t\t\t\t\t<\/div>\n\t\t\t\t<\/div>\n\t\t<div class=\"elementor-element elementor-element-28cea8a e-con-full e-grid wpr-particle-no wpr-jarallax-no wpr-parallax-no wpr-sticky-section-no wpr-column-slider-no wpr-equal-height-no e-con e-child\" data-id=\"28cea8a\" data-element_type=\"container\" data-e-type=\"container\">\n\t\t\t\t<div class=\"elementor-element elementor-element-8ea1225 elementor-widget elementor-widget-image\" data-id=\"8ea1225\" data-element_type=\"widget\" data-e-type=\"widget\" data-widget_type=\"image.default\">\n\t\t\t\t<div class=\"elementor-widget-container\">\n\t\t\t\t\t\t\t\t\t\t\t\t\t\t\t<img decoding=\"async\" width=\"617\" height=\"453\" src=\"https:\/\/cosabe.edu.bo\/apps\/luz-verde\/wp-content\/uploads\/2025\/07\/SUB-NOTA-1.jpg\" class=\"attachment-medium_large size-medium_large wp-image-791\" alt=\"\" srcset=\"https:\/\/cosabe.edu.bo\/apps\/luz-verde\/wp-content\/uploads\/2025\/07\/SUB-NOTA-1.jpg 617w, https:\/\/cosabe.edu.bo\/apps\/luz-verde\/wp-content\/uploads\/2025\/07\/SUB-NOTA-1-300x220.jpg 300w\" sizes=\"(max-width: 617px) 100vw, 617px\" \/>\t\t\t\t\t\t\t\t\t\t\t\t\t\t\t<\/div>\n\t\t\t\t<\/div>\n\t\t\t\t<\/div>\n\t\t\t\t<\/div>\n\t\t\t\t<\/div>\n\t\t\t\t<\/div>\n\t\t\t\t<\/div>\n\t\t<div class=\"elementor-element elementor-element-a071783 e-con-full e-flex wpr-particle-no wpr-jarallax-no wpr-parallax-no wpr-sticky-section-no wpr-column-slider-no wpr-equal-height-no e-con e-child\" data-id=\"a071783\" data-element_type=\"container\" data-e-type=\"container\">\n\t\t\t\t<div class=\"elementor-element elementor-element-590ebc5 elementor-widget elementor-widget-text-editor\" data-id=\"590ebc5\" data-element_type=\"widget\" data-e-type=\"widget\" data-widget_type=\"text-editor.default\">\n\t\t\t\t<div class=\"elementor-widget-container\">\n\t\t\t\t\t\t\t\t\t<p><strong>San Bernardo lanza su Escuela Virtual de Padres para fortalecer la educaci\u00f3n en familia<\/strong><\/p><p>SBComunica<\/p><p>Conscientes de que la educaci\u00f3n es un trabajo en equipo entre colegio y hogar, el colegio San Bernardo lanz\u00f3 la \u00faltima semana de junio su Escuela Virtual de Padres, un espacio pensado para brindar orientaci\u00f3n, herramientas y acompa\u00f1amiento a las familias en la formaci\u00f3n de sus hijos.<\/p><p>Este proyecto nace con el prop\u00f3sito de asesorar a los padres de familia en diversas tem\u00e1ticas educativas, fortaleciendo el rol formativo del hogar y promoviendo una crianza consciente, amorosa y basada en valores. A trav\u00e9s de este programa se compartir\u00e1n de manera peri\u00f3dica videos con expertos, infograf\u00edas, talleres virtuales y consejos pr\u00e1cticos que aborden los retos del d\u00eda a d\u00eda en la educaci\u00f3n de los ni\u00f1os y adolescentes.<\/p><p>La Escuela Virtual de Padres ha iniciado con un tema clave: \u201c\u00bfC\u00f3mo poner reglas a un adolescente?\u201d, un contenido que ofrece estrategias \u00fatiles para establecer l\u00edmites saludables con respeto, empat\u00eda y firmeza, elementos esenciales para una convivencia arm\u00f3nica y el desarrollo integral de los hijos.<\/p><p>\u201cQueremos caminar junto a los padres en este proceso. La Escuela Virtual de Padres es una forma de escucharnos, apoyarnos y crecer juntos como comunidad educativa\u201d, indic\u00f3 la directora general del colegio, Danitza Monta\u00f1o.<\/p><p>La responsable del gabinete psicol\u00f3gico, Paola Ortu\u00f1o, a\u00f1adi\u00f3 que el colegio San Bernardo reafirma as\u00ed su compromiso con una educaci\u00f3n integral que trasciende las aulas y llega a cada hogar, porque educar con amor tambi\u00e9n es aprender juntos.<\/p>\t\t\t\t\t\t\t\t<\/div>\n\t\t\t\t<\/div>\n\t\t\t\t<\/div>\n\t\t\t\t\t<\/div>\n\t\t\t\t<\/div>\n\t\t<div class=\"elementor-element elementor-element-5cc5f82 e-flex e-con-boxed wpr-particle-no wpr-jarallax-no wpr-parallax-no wpr-sticky-section-no wpr-column-slider-no wpr-equal-height-no e-con e-parent\" data-id=\"5cc5f82\" data-element_type=\"container\" data-e-type=\"container\">\n\t\t\t\t\t<div class=\"e-con-inner\">\n\t\t\t\t<div class=\"elementor-element elementor-element-5108662 elementor-widget elementor-widget-text-editor\" data-id=\"5108662\" data-element_type=\"widget\" data-e-type=\"widget\" data-widget_type=\"text-editor.default\">\n\t\t\t\t<div class=\"elementor-widget-container\">\n\t\t\t\t\t\t\t\t\t<p>Todos los derechos reservados para el Colegio San Bernardo de Tarija &#8211; Sb Comunica<\/p>\t\t\t\t\t\t\t\t<\/div>\n\t\t\t\t<\/div>\n\t\t\t\t\t<\/div>\n\t\t\t\t<\/div>\n\t\t\t\t<\/div>\n\t\t","protected":false},"excerpt":{"rendered":"<p>Inicio Historia D&#8217;arte C\u00f3digo abierto Cracks Editorial Luz pedag\u00f3gica Padres conectados Radar Inicio Historia D&#8217;arte C\u00f3digo abierto Cracks Editorial Luz pedag\u00f3gica Padres conectados Radar San Bernardo responde al futuro con un taller de ingl\u00e9s personalizado y pr\u00e1ctico Con un enfoque pr\u00e1ctico y personalizado, el colegio San Bernardo inaugura English Workshop, un programa que fortalece las competencias en ingl\u00e9s de sus estudiantes, adapt\u00e1ndose a los retos del mundo actual SBComunica En respuesta a las demandas de un mundo cada vez m\u00e1s exigente y globalizado, el colegio San Bernardo ha inaugurado este a\u00f1o su innovador programa English Workshop, un taller personalizado, din\u00e1mico y pr\u00e1ctico que comenz\u00f3 a implementarse desde marzo en los niveles de primaria y secundaria, en horarios alternos. Este programa surge con el objetivo de brindar a los estudiantes herramientas efectivas para desarrollar sus habilidades comunicativas en ingl\u00e9s, mediante metodolog\u00edas modernas que priorizan el aprendizaje significativo y la participaci\u00f3n activa. \u201cEn el colegio San Bernardo buscamos lo mejor para nuestros estudiantes, nos adaptamos a sus necesidades y les ofrecemos oportunidades para crecer en todos los aspectos\u201d, se\u00f1ala el coordinador de ingl\u00e9s de la Red San Bernardo, Juan Pablo Lea Plaza. Lo m\u00e1s destacado de English Workshop es su enfoque personalizado, que permite que cada estudiante aprenda a su propio ritmo, en un ambiente l\u00fadico, motivador y con aplicaci\u00f3n pr\u00e1ctica del idioma. Adem\u00e1s, las calificaciones obtenidas en este taller se convalidan con la materia de ingl\u00e9s, fortaleciendo su valor acad\u00e9mico. La iniciativa ya ha tenido una buena acogida y marcha exitosamente en ambas secciones. Con entusiasmo, el colegio reafirma su compromiso de formar estudiantes preparados para el futuro: \u201cYour future starts here!\u201d San Bernardo lanza su Escuela Virtual de Padres para fortalecer la educaci\u00f3n en familia SBComunica Conscientes de que la educaci\u00f3n es un trabajo en equipo entre colegio y hogar, el colegio San Bernardo lanz\u00f3 la \u00faltima semana de junio su Escuela Virtual de Padres, un espacio pensado para brindar orientaci\u00f3n, herramientas y acompa\u00f1amiento a las familias en la formaci\u00f3n de sus hijos. Este proyecto nace con el prop\u00f3sito de asesorar a los padres de familia en diversas tem\u00e1ticas educativas, fortaleciendo el rol formativo del hogar y promoviendo una crianza consciente, amorosa y basada en valores. A trav\u00e9s de este programa se compartir\u00e1n de manera peri\u00f3dica videos con expertos, infograf\u00edas, talleres virtuales y consejos pr\u00e1cticos que aborden los retos del d\u00eda a d\u00eda en la educaci\u00f3n de los ni\u00f1os y adolescentes. La Escuela Virtual de Padres ha iniciado con un tema clave: \u201c\u00bfC\u00f3mo poner reglas a un adolescente?\u201d, un contenido que ofrece estrategias \u00fatiles para establecer l\u00edmites saludables con respeto, empat\u00eda y firmeza, elementos esenciales para una convivencia arm\u00f3nica y el desarrollo integral de los hijos. \u201cQueremos caminar junto a los padres en este proceso. La Escuela Virtual de Padres es una forma de escucharnos, apoyarnos y crecer juntos como comunidad educativa\u201d, indic\u00f3 la directora general del colegio, Danitza Monta\u00f1o. La responsable del gabinete psicol\u00f3gico, Paola Ortu\u00f1o, a\u00f1adi\u00f3 que el colegio San Bernardo reafirma as\u00ed su compromiso con una educaci\u00f3n integral que trasciende las aulas y llega a cada hogar, porque educar con amor tambi\u00e9n es aprender juntos. Todos los derechos reservados para el Colegio San Bernardo de Tarija &#8211; Sb Comunica<\/p>\n","protected":false},"author":1,"featured_media":0,"parent":532,"menu_order":0,"comment_status":"closed","ping_status":"closed","template":"elementor_canvas","meta":{"footnotes":""},"class_list":["post-788","page","type-page","status-publish","hentry"],"_links":{"self":[{"href":"https:\/\/cosabe.edu.bo\/apps\/luz-verde\/index.php\/wp-json\/wp\/v2\/pages\/788","targetHints":{"allow":["GET"]}}],"collection":[{"href":"https:\/\/cosabe.edu.bo\/apps\/luz-verde\/index.php\/wp-json\/wp\/v2\/pages"}],"about":[{"href":"https:\/\/cosabe.edu.bo\/apps\/luz-verde\/index.php\/wp-json\/wp\/v2\/types\/page"}],"author":[{"embeddable":true,"href":"https:\/\/cosabe.edu.bo\/apps\/luz-verde\/index.php\/wp-json\/wp\/v2\/users\/1"}],"replies":[{"embeddable":true,"href":"https:\/\/cosabe.edu.bo\/apps\/luz-verde\/index.php\/wp-json\/wp\/v2\/comments?post=788"}],"version-history":[{"count":4,"href":"https:\/\/cosabe.edu.bo\/apps\/luz-verde\/index.php\/wp-json\/wp\/v2\/pages\/788\/revisions"}],"predecessor-version":[{"id":794,"href":"https:\/\/cosabe.edu.bo\/apps\/luz-verde\/index.php\/wp-json\/wp\/v2\/pages\/788\/revisions\/794"}],"up":[{"embeddable":true,"href":"https:\/\/cosabe.edu.bo\/apps\/luz-verde\/index.php\/wp-json\/wp\/v2\/pages\/532"}],"wp:attachment":[{"href":"https:\/\/cosabe.edu.bo\/apps\/luz-verde\/index.php\/wp-json\/wp\/v2\/media?parent=788"}],"curies":[{"name":"wp","href":"https:\/\/api.w.org\/{rel}","templated":true}]}}