{"id":780,"date":"2025-07-03T15:48:25","date_gmt":"2025-07-03T19:48:25","guid":{"rendered":"https:\/\/cosabe.edu.bo\/apps\/luz-verde\/?page_id=780"},"modified":"2025-07-03T15:51:56","modified_gmt":"2025-07-03T19:51:56","slug":"radar_nota4-2","status":"publish","type":"page","link":"https:\/\/cosabe.edu.bo\/apps\/luz-verde\/index.php\/radar\/radar_nota4-2\/","title":{"rendered":"\u201cYo Puedo\u201d: estudiantes que ense\u00f1an para aprender y transformar"},"content":{"rendered":"\t\t<div data-elementor-type=\"wp-page\" data-elementor-id=\"780\" class=\"elementor elementor-780\">\n\t\t\t\t<div class=\"elementor-element elementor-element-a2cbc7e e-flex e-con-boxed wpr-particle-no wpr-jarallax-no wpr-parallax-no wpr-sticky-section-no wpr-column-slider-no wpr-equal-height-no e-con e-parent\" data-id=\"a2cbc7e\" data-element_type=\"container\" data-e-type=\"container\">\n\t\t\t\t\t<div class=\"e-con-inner\">\n\t\t\t\t<div class=\"elementor-element elementor-element-1a6e8a3 wpr-main-menu-align-left wpr-main-menu-align--tabletleft wpr-main-menu-align--mobileleft wpr-pointer-underline wpr-pointer-line-fx wpr-pointer-fx-fade wpr-sub-icon-caret-down wpr-sub-menu-fx-fade wpr-nav-menu-bp-mobile wpr-mobile-menu-full-width wpr-mobile-menu-item-align-center wpr-mobile-toggle-v1 wpr-sub-divider-yes wpr-mobile-divider-yes elementor-widget elementor-widget-wpr-nav-menu\" data-id=\"1a6e8a3\" data-element_type=\"widget\" data-e-type=\"widget\" data-settings=\"{&quot;menu_layout&quot;:&quot;horizontal&quot;}\" data-widget_type=\"wpr-nav-menu.default\">\n\t\t\t\t<div class=\"elementor-widget-container\">\n\t\t\t\t\t<nav class=\"wpr-nav-menu-container wpr-nav-menu-horizontal\" data-trigger=\"hover\" data-consider-header=\"\" data-scroll-speed=\"500\"><ul id=\"menu-1-1a6e8a3\" class=\"wpr-nav-menu\"><li class=\"menu-item menu-item-type-post_type menu-item-object-page menu-item-home menu-item-124\"><a href=\"https:\/\/cosabe.edu.bo\/apps\/luz-verde\/\" class=\"wpr-menu-item wpr-pointer-item\">Inicio<\/a><\/li>\n<li class=\"menu-item menu-item-type-post_type menu-item-object-page menu-item-631\"><a href=\"https:\/\/cosabe.edu.bo\/apps\/luz-verde\/index.php\/historia\/\" class=\"wpr-menu-item wpr-pointer-item\">Historia<\/a><\/li>\n<li class=\"menu-item menu-item-type-post_type menu-item-object-page menu-item-632\"><a href=\"https:\/\/cosabe.edu.bo\/apps\/luz-verde\/index.php\/arte\/\" class=\"wpr-menu-item wpr-pointer-item\">D&#8217;arte<\/a><\/li>\n<li class=\"menu-item menu-item-type-post_type menu-item-object-page menu-item-637\"><a href=\"https:\/\/cosabe.edu.bo\/apps\/luz-verde\/index.php\/codigoabiertoindex\/\" class=\"wpr-menu-item wpr-pointer-item\">C\u00f3digo abierto<\/a><\/li>\n<li class=\"menu-item menu-item-type-post_type menu-item-object-page menu-item-633\"><a href=\"https:\/\/cosabe.edu.bo\/apps\/luz-verde\/index.php\/cracks\/\" class=\"wpr-menu-item wpr-pointer-item\">Cracks<\/a><\/li>\n<li class=\"menu-item menu-item-type-post_type menu-item-object-page menu-item-636\"><a href=\"https:\/\/cosabe.edu.bo\/apps\/luz-verde\/index.php\/editorial\/\" class=\"wpr-menu-item wpr-pointer-item\">Editorial<\/a><\/li>\n<li class=\"menu-item menu-item-type-post_type menu-item-object-page menu-item-638\"><a href=\"https:\/\/cosabe.edu.bo\/apps\/luz-verde\/index.php\/luzpedagogica\/\" class=\"wpr-menu-item wpr-pointer-item\">Luz pedag\u00f3gica<\/a><\/li>\n<li class=\"menu-item menu-item-type-post_type menu-item-object-page menu-item-634\"><a href=\"https:\/\/cosabe.edu.bo\/apps\/luz-verde\/index.php\/padresconectados\/\" class=\"wpr-menu-item wpr-pointer-item\">Padres conectados<\/a><\/li>\n<li class=\"menu-item menu-item-type-post_type menu-item-object-page menu-item-635\"><a href=\"https:\/\/cosabe.edu.bo\/apps\/luz-verde\/index.php\/radar\/\" class=\"wpr-menu-item wpr-pointer-item\">Radar<\/a><\/li>\n<\/ul><\/nav><nav class=\"wpr-mobile-nav-menu-container\"><div class=\"wpr-mobile-toggle-wrap\"><div class=\"wpr-mobile-toggle\"><span class=\"wpr-mobile-toggle-line\"><\/span><span class=\"wpr-mobile-toggle-line\"><\/span><span class=\"wpr-mobile-toggle-line\"><\/span><\/div><\/div><ul id=\"mobile-menu-2-1a6e8a3\" class=\"wpr-mobile-nav-menu\"><li class=\"menu-item menu-item-type-post_type menu-item-object-page menu-item-home menu-item-124\"><a href=\"https:\/\/cosabe.edu.bo\/apps\/luz-verde\/\" class=\"wpr-mobile-menu-item\">Inicio<\/a><\/li>\n<li class=\"menu-item menu-item-type-post_type menu-item-object-page menu-item-631\"><a href=\"https:\/\/cosabe.edu.bo\/apps\/luz-verde\/index.php\/historia\/\" class=\"wpr-mobile-menu-item\">Historia<\/a><\/li>\n<li class=\"menu-item menu-item-type-post_type menu-item-object-page menu-item-632\"><a href=\"https:\/\/cosabe.edu.bo\/apps\/luz-verde\/index.php\/arte\/\" class=\"wpr-mobile-menu-item\">D&#8217;arte<\/a><\/li>\n<li class=\"menu-item menu-item-type-post_type menu-item-object-page menu-item-637\"><a href=\"https:\/\/cosabe.edu.bo\/apps\/luz-verde\/index.php\/codigoabiertoindex\/\" class=\"wpr-mobile-menu-item\">C\u00f3digo abierto<\/a><\/li>\n<li class=\"menu-item menu-item-type-post_type menu-item-object-page menu-item-633\"><a href=\"https:\/\/cosabe.edu.bo\/apps\/luz-verde\/index.php\/cracks\/\" class=\"wpr-mobile-menu-item\">Cracks<\/a><\/li>\n<li class=\"menu-item menu-item-type-post_type menu-item-object-page menu-item-636\"><a href=\"https:\/\/cosabe.edu.bo\/apps\/luz-verde\/index.php\/editorial\/\" class=\"wpr-mobile-menu-item\">Editorial<\/a><\/li>\n<li class=\"menu-item menu-item-type-post_type menu-item-object-page menu-item-638\"><a href=\"https:\/\/cosabe.edu.bo\/apps\/luz-verde\/index.php\/luzpedagogica\/\" class=\"wpr-mobile-menu-item\">Luz pedag\u00f3gica<\/a><\/li>\n<li class=\"menu-item menu-item-type-post_type menu-item-object-page menu-item-634\"><a href=\"https:\/\/cosabe.edu.bo\/apps\/luz-verde\/index.php\/padresconectados\/\" class=\"wpr-mobile-menu-item\">Padres conectados<\/a><\/li>\n<li class=\"menu-item menu-item-type-post_type menu-item-object-page menu-item-635\"><a href=\"https:\/\/cosabe.edu.bo\/apps\/luz-verde\/index.php\/radar\/\" class=\"wpr-mobile-menu-item\">Radar<\/a><\/li>\n<\/ul><\/nav>\t\t\t\t<\/div>\n\t\t\t\t<\/div>\n\t\t\t\t\t<\/div>\n\t\t\t\t<\/div>\n\t\t<div class=\"elementor-element elementor-element-iRcJH61 e-flex e-con-boxed wpr-particle-no wpr-jarallax-no wpr-parallax-no wpr-sticky-section-no wpr-column-slider-no wpr-equal-height-no e-con e-parent\" data-id=\"iRcJH61\" data-element_type=\"container\" data-e-type=\"container\">\n\t\t\t\t\t<div class=\"e-con-inner\">\n\t\t<div class=\"elementor-element elementor-element-S4R03ZI e-con-full e-flex wpr-particle-no wpr-jarallax-no wpr-parallax-no wpr-sticky-section-no wpr-column-slider-no wpr-equal-height-no e-con e-child\" data-id=\"S4R03ZI\" data-element_type=\"container\" data-e-type=\"container\">\n\t\t<div class=\"elementor-element elementor-element-bf51c95 e-con-full e-flex wpr-particle-no wpr-jarallax-no wpr-parallax-no wpr-sticky-section-no wpr-column-slider-no wpr-equal-height-no e-con e-child\" data-id=\"bf51c95\" data-element_type=\"container\" data-e-type=\"container\">\n\t\t\t\t<div class=\"elementor-element elementor-element-b84470c elementor-widget elementor-widget-heading\" data-id=\"b84470c\" data-element_type=\"widget\" data-e-type=\"widget\" data-widget_type=\"heading.default\">\n\t\t\t\t<div class=\"elementor-widget-container\">\n\t\t\t\t\t<h2 class=\"elementor-heading-title elementor-size-default\">\u201cYo Puedo\u201d: estudiantes que ense\u00f1an para aprender y transformar<\/h2>\t\t\t\t<\/div>\n\t\t\t\t<\/div>\n\t\t\t\t<div class=\"elementor-element elementor-element-4139eff elementor-widget elementor-widget-image\" data-id=\"4139eff\" data-element_type=\"widget\" data-e-type=\"widget\" data-widget_type=\"image.default\">\n\t\t\t\t<div class=\"elementor-widget-container\">\n\t\t\t\t\t\t\t\t\t\t\t\t\t\t\t<img decoding=\"async\" src=\"https:\/\/cosabe.edu.bo\/apps\/luz-verde\/wp-content\/uploads\/2025\/06\/screenlab.png\" title=\"\" alt=\"\" loading=\"lazy\" \/>\t\t\t\t\t\t\t\t\t\t\t\t\t\t\t<\/div>\n\t\t\t\t<\/div>\n\t\t<div class=\"elementor-element elementor-element-cb63092 e-con-full e-flex wpr-particle-no wpr-jarallax-no wpr-parallax-no wpr-sticky-section-no wpr-column-slider-no wpr-equal-height-no e-con e-child\" data-id=\"cb63092\" data-element_type=\"container\" data-e-type=\"container\">\n\t\t<div class=\"elementor-element elementor-element-e81a8ed e-con-full e-flex wpr-particle-no wpr-jarallax-no wpr-parallax-no wpr-sticky-section-no wpr-column-slider-no wpr-equal-height-no e-con e-child\" data-id=\"e81a8ed\" data-element_type=\"container\" data-e-type=\"container\">\n\t\t<div class=\"elementor-element elementor-element-e3d29db e-con-full e-flex wpr-particle-no wpr-jarallax-no wpr-parallax-no wpr-sticky-section-no wpr-column-slider-no wpr-equal-height-no e-con e-child\" data-id=\"e3d29db\" data-element_type=\"container\" data-e-type=\"container\">\n\t\t\t\t<div class=\"elementor-element elementor-element-9e8f4e4 elementor-widget elementor-widget-image\" data-id=\"9e8f4e4\" data-element_type=\"widget\" data-e-type=\"widget\" data-widget_type=\"image.default\">\n\t\t\t\t<div class=\"elementor-widget-container\">\n\t\t\t\t\t\t\t\t\t\t\t\t\t\t\t<img fetchpriority=\"high\" decoding=\"async\" width=\"1024\" height=\"643\" src=\"https:\/\/cosabe.edu.bo\/apps\/luz-verde\/wp-content\/uploads\/2025\/07\/YO-PUEDO-1024x643.jpg\" class=\"attachment-large size-large wp-image-782\" alt=\"\" srcset=\"https:\/\/cosabe.edu.bo\/apps\/luz-verde\/wp-content\/uploads\/2025\/07\/YO-PUEDO-1024x643.jpg 1024w, https:\/\/cosabe.edu.bo\/apps\/luz-verde\/wp-content\/uploads\/2025\/07\/YO-PUEDO-300x188.jpg 300w, https:\/\/cosabe.edu.bo\/apps\/luz-verde\/wp-content\/uploads\/2025\/07\/YO-PUEDO-768x482.jpg 768w, https:\/\/cosabe.edu.bo\/apps\/luz-verde\/wp-content\/uploads\/2025\/07\/YO-PUEDO.jpg 1034w\" sizes=\"(max-width: 1024px) 100vw, 1024px\" \/>\t\t\t\t\t\t\t\t\t\t\t\t\t\t\t<\/div>\n\t\t\t\t<\/div>\n\t\t\t\t<\/div>\n\t\t\t\t<div class=\"elementor-element elementor-element-129d80a elementor-widget elementor-widget-text-editor\" data-id=\"129d80a\" data-element_type=\"widget\" data-e-type=\"widget\" data-widget_type=\"text-editor.default\">\n\t\t\t\t<div class=\"elementor-widget-container\">\n\t\t\t\t\t\t\t\t\t<p><em>Con la consigna \u201csi puedo ense\u00f1arlo, lo aprend\u00ed\u201d, estudiantes de primaria del Colegio San Bernardo graban videos educativos para compartir su conocimiento con otros ni\u00f1os, fortaleciendo su aprendizaje y contribuyendo a la educaci\u00f3n de m\u00e1s estudiantes <\/em><\/p><p><strong>SBComunica<\/strong><\/p><p>Con el objetivo de fortalecer el aprendizaje significativo y fomentar la solidaridad educativa, el colegio San Bernardo ha puesto en marcha el programa \u201cYo Puedo\u201d, una innovadora propuesta que convierte a los estudiantes de primaria en protagonistas de su propio proceso de aprendizaje.<\/p><p>El principio que gu\u00eda este proyecto es claro: \u201csi puedo ense\u00f1arlo, lo aprend\u00ed\u201d. Bajo esta premisa, los ni\u00f1os graban videos explicativos sobre lecciones que han aprendido en clase, asignadas previamente por sus profesores. Cada video es una muestra de comprensi\u00f3n, responsabilidad y creatividad.<\/p><p>Estos contenidos, una vez aprobados, son publicados en el canal educativo de YouTube del colegio, convirti\u00e9ndose en recursos valiosos no s\u00f3lo para los compa\u00f1eros del San Bernardo, sino tambi\u00e9n para estudiantes de otras unidades educativas que acceden libremente a los videos.<\/p><p>\u201cYo Puedo no s\u00f3lo fortalece el aprendizaje individual, sino que promueve la empat\u00eda, el trabajo colaborativo y el deseo de ayudar a otros. Es una forma de multiplicar el conocimiento y compartirlo con el mundo\u201d, indic\u00f3 el director de Primaria, Marco Su\u00e1rez.<\/p><p>La directora general del colegio, Danitza Monta\u00f1o, agreg\u00f3 que este proyecto ya est\u00e1 en marcha y se perfila como una herramienta poderosa que une tecnolog\u00eda, pedagog\u00eda y vocaci\u00f3n de servicio. Porque cuando un estudiante ense\u00f1a, no s\u00f3lo demuestra lo que sabe: inspira a otros a creer que ellos tambi\u00e9n pueden.<\/p><p>\u00a0<\/p>\t\t\t\t\t\t\t\t<\/div>\n\t\t\t\t<\/div>\n\t\t<div class=\"elementor-element elementor-element-28cea8a e-con-full e-grid wpr-particle-no wpr-jarallax-no wpr-parallax-no wpr-sticky-section-no wpr-column-slider-no wpr-equal-height-no e-con e-child\" data-id=\"28cea8a\" data-element_type=\"container\" data-e-type=\"container\">\n\t\t\t\t<div class=\"elementor-element elementor-element-fdf2597 elementor-widget elementor-widget-image\" data-id=\"fdf2597\" data-element_type=\"widget\" data-e-type=\"widget\" data-widget_type=\"image.default\">\n\t\t\t\t<div class=\"elementor-widget-container\">\n\t\t\t\t\t\t\t\t\t\t\t\t\t\t\t<img decoding=\"async\" width=\"300\" height=\"251\" src=\"https:\/\/cosabe.edu.bo\/apps\/luz-verde\/wp-content\/uploads\/2025\/07\/sub-nota-2-300x251.jpg\" class=\"attachment-medium size-medium wp-image-784\" alt=\"\" srcset=\"https:\/\/cosabe.edu.bo\/apps\/luz-verde\/wp-content\/uploads\/2025\/07\/sub-nota-2-300x251.jpg 300w, https:\/\/cosabe.edu.bo\/apps\/luz-verde\/wp-content\/uploads\/2025\/07\/sub-nota-2-768x644.jpg 768w, https:\/\/cosabe.edu.bo\/apps\/luz-verde\/wp-content\/uploads\/2025\/07\/sub-nota-2.jpg 940w\" sizes=\"(max-width: 300px) 100vw, 300px\" \/>\t\t\t\t\t\t\t\t\t\t\t\t\t\t\t<\/div>\n\t\t\t\t<\/div>\n\t\t\t\t<div class=\"elementor-element elementor-element-8ea1225 elementor-widget elementor-widget-image\" data-id=\"8ea1225\" data-element_type=\"widget\" data-e-type=\"widget\" data-widget_type=\"image.default\">\n\t\t\t\t<div class=\"elementor-widget-container\">\n\t\t\t\t\t\t\t\t\t\t\t\t\t\t\t<img decoding=\"async\" width=\"300\" height=\"251\" src=\"https:\/\/cosabe.edu.bo\/apps\/luz-verde\/wp-content\/uploads\/2025\/07\/SUB-NOTA-300x251.jpg\" class=\"attachment-medium size-medium wp-image-783\" alt=\"\" srcset=\"https:\/\/cosabe.edu.bo\/apps\/luz-verde\/wp-content\/uploads\/2025\/07\/SUB-NOTA-300x251.jpg 300w, https:\/\/cosabe.edu.bo\/apps\/luz-verde\/wp-content\/uploads\/2025\/07\/SUB-NOTA-768x644.jpg 768w, https:\/\/cosabe.edu.bo\/apps\/luz-verde\/wp-content\/uploads\/2025\/07\/SUB-NOTA.jpg 940w\" sizes=\"(max-width: 300px) 100vw, 300px\" \/>\t\t\t\t\t\t\t\t\t\t\t\t\t\t\t<\/div>\n\t\t\t\t<\/div>\n\t\t\t\t<\/div>\n\t\t\t\t<\/div>\n\t\t\t\t<\/div>\n\t\t\t\t<\/div>\n\t\t\t\t<\/div>\n\t\t<div class=\"elementor-element elementor-element-a071783 e-con-full e-flex wpr-particle-no wpr-jarallax-no wpr-parallax-no wpr-sticky-section-no wpr-column-slider-no wpr-equal-height-no e-con e-child\" data-id=\"a071783\" data-element_type=\"container\" data-e-type=\"container\">\n\t\t\t\t<div class=\"elementor-element elementor-element-590ebc5 elementor-widget elementor-widget-text-editor\" data-id=\"590ebc5\" data-element_type=\"widget\" data-e-type=\"widget\" data-widget_type=\"text-editor.default\">\n\t\t\t\t<div class=\"elementor-widget-container\">\n\t\t\t\t\t\t\t\t\t<p><strong>Jueves de alegr\u00eda y aprendizaje integral en el nivel inicial<\/strong><\/p><p><strong>SBComunica<\/strong><\/p><p>Cada jueves, los m\u00e1s peque\u00f1os del colegio San Bernardo viven una experiencia diferente y enriquecedora. Se trata de los \u201cJueves del Nivel Inicial\u201d, una iniciativa pedag\u00f3gica pensada para brindar a los ni\u00f1os una formaci\u00f3n integral a trav\u00e9s del juego, el arte, el movimiento y la imaginaci\u00f3n.<\/p><p>Estos d\u00edas especiales se convierten en una verdadera fiesta del aprendizaje: funciones de t\u00edteres, ejercicios f\u00edsicos, pintura, din\u00e1micas l\u00fadicas y juegos did\u00e1cticos son parte de las actividades que se desarrollan fuera del aula, en espacios abiertos y ambientes creativos.<\/p><p>El objetivo es claro: ofrecer a los ni\u00f1os y ni\u00f1as experiencias que estimulen su desarrollo emocional, motriz, social y cognitivo, saliendo de la rutina del aula y permitiendo que aprendan de forma activa y divertida.<\/p><p>\u201cCreemos firmemente que el aprendizaje en la infancia debe ser una experiencia alegre y significativa. Cada jueves reforzamos valores, habilidades y conocimientos a trav\u00e9s de actividades que despiertan la curiosidad y fortalecen el v\u00ednculo con sus pares y maestros\u201d, explicaron las maestras.<\/p>\t\t\t\t\t\t\t\t<\/div>\n\t\t\t\t<\/div>\n\t\t\t\t<\/div>\n\t\t\t\t\t<\/div>\n\t\t\t\t<\/div>\n\t\t<div class=\"elementor-element elementor-element-5cc5f82 e-flex e-con-boxed wpr-particle-no wpr-jarallax-no wpr-parallax-no wpr-sticky-section-no wpr-column-slider-no wpr-equal-height-no e-con e-parent\" data-id=\"5cc5f82\" data-element_type=\"container\" data-e-type=\"container\">\n\t\t\t\t\t<div class=\"e-con-inner\">\n\t\t\t\t<div class=\"elementor-element elementor-element-5108662 elementor-widget elementor-widget-text-editor\" data-id=\"5108662\" data-element_type=\"widget\" data-e-type=\"widget\" data-widget_type=\"text-editor.default\">\n\t\t\t\t<div class=\"elementor-widget-container\">\n\t\t\t\t\t\t\t\t\t<p>Todos los derechos reservados para el Colegio San Bernardo de Tarija &#8211; Sb Comunica<\/p>\t\t\t\t\t\t\t\t<\/div>\n\t\t\t\t<\/div>\n\t\t\t\t\t<\/div>\n\t\t\t\t<\/div>\n\t\t\t\t<\/div>\n\t\t","protected":false},"excerpt":{"rendered":"<p>Inicio Historia D&#8217;arte C\u00f3digo abierto Cracks Editorial Luz pedag\u00f3gica Padres conectados Radar Inicio Historia D&#8217;arte C\u00f3digo abierto Cracks Editorial Luz pedag\u00f3gica Padres conectados Radar \u201cYo Puedo\u201d: estudiantes que ense\u00f1an para aprender y transformar Con la consigna \u201csi puedo ense\u00f1arlo, lo aprend\u00ed\u201d, estudiantes de primaria del Colegio San Bernardo graban videos educativos para compartir su conocimiento con otros ni\u00f1os, fortaleciendo su aprendizaje y contribuyendo a la educaci\u00f3n de m\u00e1s estudiantes SBComunica Con el objetivo de fortalecer el aprendizaje significativo y fomentar la solidaridad educativa, el colegio San Bernardo ha puesto en marcha el programa \u201cYo Puedo\u201d, una innovadora propuesta que convierte a los estudiantes de primaria en protagonistas de su propio proceso de aprendizaje. El principio que gu\u00eda este proyecto es claro: \u201csi puedo ense\u00f1arlo, lo aprend\u00ed\u201d. Bajo esta premisa, los ni\u00f1os graban videos explicativos sobre lecciones que han aprendido en clase, asignadas previamente por sus profesores. Cada video es una muestra de comprensi\u00f3n, responsabilidad y creatividad. Estos contenidos, una vez aprobados, son publicados en el canal educativo de YouTube del colegio, convirti\u00e9ndose en recursos valiosos no s\u00f3lo para los compa\u00f1eros del San Bernardo, sino tambi\u00e9n para estudiantes de otras unidades educativas que acceden libremente a los videos. \u201cYo Puedo no s\u00f3lo fortalece el aprendizaje individual, sino que promueve la empat\u00eda, el trabajo colaborativo y el deseo de ayudar a otros. Es una forma de multiplicar el conocimiento y compartirlo con el mundo\u201d, indic\u00f3 el director de Primaria, Marco Su\u00e1rez. La directora general del colegio, Danitza Monta\u00f1o, agreg\u00f3 que este proyecto ya est\u00e1 en marcha y se perfila como una herramienta poderosa que une tecnolog\u00eda, pedagog\u00eda y vocaci\u00f3n de servicio. Porque cuando un estudiante ense\u00f1a, no s\u00f3lo demuestra lo que sabe: inspira a otros a creer que ellos tambi\u00e9n pueden. \u00a0 Jueves de alegr\u00eda y aprendizaje integral en el nivel inicial SBComunica Cada jueves, los m\u00e1s peque\u00f1os del colegio San Bernardo viven una experiencia diferente y enriquecedora. Se trata de los \u201cJueves del Nivel Inicial\u201d, una iniciativa pedag\u00f3gica pensada para brindar a los ni\u00f1os una formaci\u00f3n integral a trav\u00e9s del juego, el arte, el movimiento y la imaginaci\u00f3n. Estos d\u00edas especiales se convierten en una verdadera fiesta del aprendizaje: funciones de t\u00edteres, ejercicios f\u00edsicos, pintura, din\u00e1micas l\u00fadicas y juegos did\u00e1cticos son parte de las actividades que se desarrollan fuera del aula, en espacios abiertos y ambientes creativos. El objetivo es claro: ofrecer a los ni\u00f1os y ni\u00f1as experiencias que estimulen su desarrollo emocional, motriz, social y cognitivo, saliendo de la rutina del aula y permitiendo que aprendan de forma activa y divertida. \u201cCreemos firmemente que el aprendizaje en la infancia debe ser una experiencia alegre y significativa. Cada jueves reforzamos valores, habilidades y conocimientos a trav\u00e9s de actividades que despiertan la curiosidad y fortalecen el v\u00ednculo con sus pares y maestros\u201d, explicaron las maestras. Todos los derechos reservados para el Colegio San Bernardo de Tarija &#8211; Sb Comunica<\/p>\n","protected":false},"author":1,"featured_media":0,"parent":532,"menu_order":0,"comment_status":"closed","ping_status":"closed","template":"elementor_canvas","meta":{"footnotes":""},"class_list":["post-780","page","type-page","status-publish","hentry"],"_links":{"self":[{"href":"https:\/\/cosabe.edu.bo\/apps\/luz-verde\/index.php\/wp-json\/wp\/v2\/pages\/780","targetHints":{"allow":["GET"]}}],"collection":[{"href":"https:\/\/cosabe.edu.bo\/apps\/luz-verde\/index.php\/wp-json\/wp\/v2\/pages"}],"about":[{"href":"https:\/\/cosabe.edu.bo\/apps\/luz-verde\/index.php\/wp-json\/wp\/v2\/types\/page"}],"author":[{"embeddable":true,"href":"https:\/\/cosabe.edu.bo\/apps\/luz-verde\/index.php\/wp-json\/wp\/v2\/users\/1"}],"replies":[{"embeddable":true,"href":"https:\/\/cosabe.edu.bo\/apps\/luz-verde\/index.php\/wp-json\/wp\/v2\/comments?post=780"}],"version-history":[{"count":4,"href":"https:\/\/cosabe.edu.bo\/apps\/luz-verde\/index.php\/wp-json\/wp\/v2\/pages\/780\/revisions"}],"predecessor-version":[{"id":787,"href":"https:\/\/cosabe.edu.bo\/apps\/luz-verde\/index.php\/wp-json\/wp\/v2\/pages\/780\/revisions\/787"}],"up":[{"embeddable":true,"href":"https:\/\/cosabe.edu.bo\/apps\/luz-verde\/index.php\/wp-json\/wp\/v2\/pages\/532"}],"wp:attachment":[{"href":"https:\/\/cosabe.edu.bo\/apps\/luz-verde\/index.php\/wp-json\/wp\/v2\/media?parent=780"}],"curies":[{"name":"wp","href":"https:\/\/api.w.org\/{rel}","templated":true}]}}