{"id":585,"date":"2025-06-25T18:19:56","date_gmt":"2025-06-25T22:19:56","guid":{"rendered":"https:\/\/cosabe.edu.bo\/apps\/luz-verde\/?page_id=585"},"modified":"2025-07-03T16:07:59","modified_gmt":"2025-07-03T20:07:59","slug":"arte","status":"publish","type":"page","link":"https:\/\/cosabe.edu.bo\/apps\/luz-verde\/index.php\/arte\/","title":{"rendered":"arte"},"content":{"rendered":"\t\t<div data-elementor-type=\"wp-page\" data-elementor-id=\"585\" class=\"elementor elementor-585\">\n\t\t\t\t<div class=\"elementor-element elementor-element-0499a73 e-flex e-con-boxed wpr-particle-no wpr-jarallax-no wpr-parallax-no wpr-sticky-section-no wpr-column-slider-no wpr-equal-height-no e-con e-parent\" data-id=\"0499a73\" data-element_type=\"container\" data-e-type=\"container\">\n\t\t\t\t\t<div class=\"e-con-inner\">\n\t\t\t\t<div class=\"elementor-element elementor-element-1e85fdd wpr-pointer-none wpr-main-menu-align-left wpr-main-menu-align--tabletleft wpr-main-menu-align--mobileleft wpr-sub-icon-caret-down wpr-sub-menu-fx-fade wpr-nav-menu-bp-mobile wpr-mobile-menu-full-width wpr-mobile-menu-item-align-center wpr-mobile-toggle-v1 wpr-sub-divider-yes wpr-mobile-divider-yes elementor-widget elementor-widget-wpr-nav-menu\" data-id=\"1e85fdd\" data-element_type=\"widget\" data-e-type=\"widget\" data-settings=\"{&quot;menu_layout&quot;:&quot;horizontal&quot;}\" data-widget_type=\"wpr-nav-menu.default\">\n\t\t\t\t<div class=\"elementor-widget-container\">\n\t\t\t\t\t<nav class=\"wpr-nav-menu-container wpr-nav-menu-horizontal\" data-trigger=\"hover\" data-consider-header=\"\" data-scroll-speed=\"500\"><ul id=\"menu-1-1e85fdd\" class=\"wpr-nav-menu\"><li class=\"menu-item menu-item-type-post_type menu-item-object-page menu-item-home menu-item-124\"><a href=\"https:\/\/cosabe.edu.bo\/apps\/luz-verde\/\" class=\"wpr-menu-item wpr-pointer-item\">Inicio<\/a><\/li>\n<li class=\"menu-item menu-item-type-post_type menu-item-object-page menu-item-631\"><a href=\"https:\/\/cosabe.edu.bo\/apps\/luz-verde\/index.php\/historia\/\" class=\"wpr-menu-item wpr-pointer-item\">Historia<\/a><\/li>\n<li class=\"menu-item menu-item-type-post_type menu-item-object-page menu-item-632\"><a href=\"https:\/\/cosabe.edu.bo\/apps\/luz-verde\/index.php\/arte\/\" class=\"wpr-menu-item wpr-pointer-item\">D&#8217;arte<\/a><\/li>\n<li class=\"menu-item menu-item-type-post_type menu-item-object-page menu-item-637\"><a href=\"https:\/\/cosabe.edu.bo\/apps\/luz-verde\/index.php\/codigoabiertoindex\/\" class=\"wpr-menu-item wpr-pointer-item\">C\u00f3digo abierto<\/a><\/li>\n<li class=\"menu-item menu-item-type-post_type menu-item-object-page menu-item-633\"><a href=\"https:\/\/cosabe.edu.bo\/apps\/luz-verde\/index.php\/cracks\/\" class=\"wpr-menu-item wpr-pointer-item\">Cracks<\/a><\/li>\n<li class=\"menu-item menu-item-type-post_type menu-item-object-page menu-item-636\"><a href=\"https:\/\/cosabe.edu.bo\/apps\/luz-verde\/index.php\/editorial\/\" class=\"wpr-menu-item wpr-pointer-item\">Editorial<\/a><\/li>\n<li class=\"menu-item menu-item-type-post_type menu-item-object-page menu-item-638\"><a href=\"https:\/\/cosabe.edu.bo\/apps\/luz-verde\/index.php\/luzpedagogica\/\" class=\"wpr-menu-item wpr-pointer-item\">Luz pedag\u00f3gica<\/a><\/li>\n<li class=\"menu-item menu-item-type-post_type menu-item-object-page menu-item-634\"><a href=\"https:\/\/cosabe.edu.bo\/apps\/luz-verde\/index.php\/padresconectados\/\" class=\"wpr-menu-item wpr-pointer-item\">Padres conectados<\/a><\/li>\n<li class=\"menu-item menu-item-type-post_type menu-item-object-page menu-item-635\"><a href=\"https:\/\/cosabe.edu.bo\/apps\/luz-verde\/index.php\/radar\/\" class=\"wpr-menu-item wpr-pointer-item\">Radar<\/a><\/li>\n<\/ul><\/nav><nav class=\"wpr-mobile-nav-menu-container\"><div class=\"wpr-mobile-toggle-wrap\"><div class=\"wpr-mobile-toggle\"><span class=\"wpr-mobile-toggle-line\"><\/span><span class=\"wpr-mobile-toggle-line\"><\/span><span class=\"wpr-mobile-toggle-line\"><\/span><\/div><\/div><ul id=\"mobile-menu-2-1e85fdd\" class=\"wpr-mobile-nav-menu\"><li class=\"menu-item menu-item-type-post_type menu-item-object-page menu-item-home menu-item-124\"><a href=\"https:\/\/cosabe.edu.bo\/apps\/luz-verde\/\" class=\"wpr-mobile-menu-item\">Inicio<\/a><\/li>\n<li class=\"menu-item menu-item-type-post_type menu-item-object-page menu-item-631\"><a href=\"https:\/\/cosabe.edu.bo\/apps\/luz-verde\/index.php\/historia\/\" class=\"wpr-mobile-menu-item\">Historia<\/a><\/li>\n<li class=\"menu-item menu-item-type-post_type menu-item-object-page menu-item-632\"><a href=\"https:\/\/cosabe.edu.bo\/apps\/luz-verde\/index.php\/arte\/\" class=\"wpr-mobile-menu-item\">D&#8217;arte<\/a><\/li>\n<li class=\"menu-item menu-item-type-post_type menu-item-object-page menu-item-637\"><a href=\"https:\/\/cosabe.edu.bo\/apps\/luz-verde\/index.php\/codigoabiertoindex\/\" class=\"wpr-mobile-menu-item\">C\u00f3digo abierto<\/a><\/li>\n<li class=\"menu-item menu-item-type-post_type menu-item-object-page menu-item-633\"><a href=\"https:\/\/cosabe.edu.bo\/apps\/luz-verde\/index.php\/cracks\/\" class=\"wpr-mobile-menu-item\">Cracks<\/a><\/li>\n<li class=\"menu-item menu-item-type-post_type menu-item-object-page menu-item-636\"><a href=\"https:\/\/cosabe.edu.bo\/apps\/luz-verde\/index.php\/editorial\/\" class=\"wpr-mobile-menu-item\">Editorial<\/a><\/li>\n<li class=\"menu-item menu-item-type-post_type menu-item-object-page menu-item-638\"><a href=\"https:\/\/cosabe.edu.bo\/apps\/luz-verde\/index.php\/luzpedagogica\/\" class=\"wpr-mobile-menu-item\">Luz pedag\u00f3gica<\/a><\/li>\n<li class=\"menu-item menu-item-type-post_type menu-item-object-page menu-item-634\"><a href=\"https:\/\/cosabe.edu.bo\/apps\/luz-verde\/index.php\/padresconectados\/\" class=\"wpr-mobile-menu-item\">Padres conectados<\/a><\/li>\n<li class=\"menu-item menu-item-type-post_type menu-item-object-page menu-item-635\"><a href=\"https:\/\/cosabe.edu.bo\/apps\/luz-verde\/index.php\/radar\/\" class=\"wpr-mobile-menu-item\">Radar<\/a><\/li>\n<\/ul><\/nav>\t\t\t\t<\/div>\n\t\t\t\t<\/div>\n\t\t\t\t\t<\/div>\n\t\t\t\t<\/div>\n\t\t\t\t<section class=\"elementor-section elementor-top-section elementor-element elementor-element-58dd89530 elementor-section-full_width elementor-section-height-default elementor-section-height-default wpr-particle-no wpr-jarallax-no wpr-parallax-no wpr-sticky-section-no wpr-column-slider-no wpr-equal-height-no\" data-id=\"58dd89530\" data-element_type=\"section\" data-e-type=\"section\" data-settings=\"{&quot;background_background&quot;:&quot;classic&quot;}\">\n\t\t\t\t\t\t\t<div class=\"elementor-background-overlay\"><\/div>\n\t\t\t\t\t\t\t<div class=\"elementor-container elementor-column-gap-default\">\n\t\t\t\t\t<div class=\"elementor-column elementor-col-100 elementor-top-column elementor-element elementor-element-a9d18ff\" data-id=\"a9d18ff\" data-element_type=\"column\" data-e-type=\"column\">\n\t\t\t<div class=\"elementor-widget-wrap elementor-element-populated\">\n\t\t\t\t<div class=\"elementor-element elementor-element-55f3617 e-flex e-con-boxed wpr-particle-no wpr-jarallax-no wpr-parallax-no wpr-sticky-section-no wpr-column-slider-no wpr-equal-height-no e-con e-parent\" data-id=\"55f3617\" data-element_type=\"container\" data-e-type=\"container\">\n\t\t\t\t\t<div class=\"e-con-inner\">\n\t\t\t\t<div class=\"elementor-element elementor-element-a165fcb elementor-widget elementor-widget-heading\" data-id=\"a165fcb\" data-element_type=\"widget\" data-e-type=\"widget\" data-widget_type=\"heading.default\">\n\t\t\t\t<div class=\"elementor-widget-container\">\n\t\t\t\t\t<h2 class=\"elementor-heading-title elementor-size-default\">D'arte<\/h2>\t\t\t\t<\/div>\n\t\t\t\t<\/div>\n\t\t\t\t\t<\/div>\n\t\t\t\t<\/div>\n\t\t\t\t\t<\/div>\n\t\t<\/div>\n\t\t\t\t\t<\/div>\n\t\t<\/section>\n\t\t\t\t<section class=\"elementor-section elementor-top-section elementor-element elementor-element-732ecc48 elementor-section-height-min-height elementor-section-boxed elementor-section-height-default elementor-section-items-middle wpr-particle-no wpr-jarallax-no wpr-parallax-no wpr-sticky-section-no wpr-column-slider-no wpr-equal-height-no\" data-id=\"732ecc48\" data-element_type=\"section\" data-e-type=\"section\" data-settings=\"{&quot;background_background&quot;:&quot;classic&quot;}\">\n\t\t\t\t\t\t<div class=\"elementor-container elementor-column-gap-wide\">\n\t\t\t\t\t<div class=\"elementor-column elementor-col-100 elementor-top-column elementor-element elementor-element-8bdf7a4\" data-id=\"8bdf7a4\" data-element_type=\"column\" data-e-type=\"column\">\n\t\t\t<div class=\"elementor-widget-wrap elementor-element-populated\">\n\t\t\t\t\t\t<div class=\"elementor-element elementor-element-9ea50 elementor-widget elementor-widget-heading\" data-id=\"9ea50\" data-element_type=\"widget\" data-e-type=\"widget\" data-widget_type=\"heading.default\">\n\t\t\t\t<div class=\"elementor-widget-container\">\n\t\t\t\t\t<h2 class=\"elementor-heading-title elementor-size-default\">Magia, sue\u00f1os y creaci\u00f3n<\/h2>\t\t\t\t<\/div>\n\t\t\t\t<\/div>\n\t\t\t\t<div class=\"elementor-element elementor-element-5979a2c4 elementor-widget__width-initial elementor-widget elementor-widget-text-editor\" data-id=\"5979a2c4\" data-element_type=\"widget\" data-e-type=\"widget\" data-widget_type=\"text-editor.default\">\n\t\t\t\t<div class=\"elementor-widget-container\">\n\t\t\t\t\t\t\t\t\t<p>En cada trazo, una historia. En cada nota, una emoci\u00f3n. En cada escena, un mensaje. \u00a1Bienvenidos a <em data-start=\"326\" data-end=\"338\">ExpresArte<\/em>, la secci\u00f3n del peri\u00f3dico <em data-start=\"365\" data-end=\"376\">Luz Verde<\/em> donde el arte toma la palabra!<\/p>\t\t\t\t\t\t\t\t<\/div>\n\t\t\t\t<\/div>\n\t\t\t\t\t<\/div>\n\t\t<\/div>\n\t\t\t\t\t<\/div>\n\t\t<\/section>\n\t\t\t\t<section class=\"elementor-section elementor-top-section elementor-element elementor-element-e722612 elementor-section-boxed elementor-section-height-default elementor-section-height-default wpr-particle-no wpr-jarallax-no wpr-parallax-no wpr-sticky-section-no wpr-column-slider-no wpr-equal-height-no\" data-id=\"e722612\" data-element_type=\"section\" data-e-type=\"section\">\n\t\t\t\t\t\t<div class=\"elementor-container elementor-column-gap-default\">\n\t\t\t\t\t<div class=\"elementor-column elementor-col-100 elementor-top-column elementor-element elementor-element-328be6a3\" data-id=\"328be6a3\" data-element_type=\"column\" data-e-type=\"column\">\n\t\t\t<div class=\"elementor-widget-wrap elementor-element-populated\">\n\t\t\t\t\t\t<section class=\"elementor-section elementor-inner-section elementor-element elementor-element-4b35dc59 elementor-section-boxed elementor-section-height-default elementor-section-height-default wpr-particle-no wpr-jarallax-no wpr-parallax-no wpr-sticky-section-no wpr-column-slider-no wpr-equal-height-no\" data-id=\"4b35dc59\" data-element_type=\"section\" data-e-type=\"section\">\n\t\t\t\t\t\t<div class=\"elementor-container elementor-column-gap-default\">\n\t\t\t\t\t<div class=\"elementor-column elementor-col-50 elementor-inner-column elementor-element elementor-element-7ae08bcd\" data-id=\"7ae08bcd\" data-element_type=\"column\" data-e-type=\"column\">\n\t\t\t<div class=\"elementor-widget-wrap elementor-element-populated\">\n\t\t\t\t\t\t<div class=\"elementor-element elementor-element-5b13d5b elementor-widget__width-initial elementor-widget elementor-widget-image\" data-id=\"5b13d5b\" data-element_type=\"widget\" data-e-type=\"widget\" data-widget_type=\"image.default\">\n\t\t\t\t<div class=\"elementor-widget-container\">\n\t\t\t\t\t\t\t\t\t\t\t\t\t\t\t\t<a href=\"https:\/\/cosabe.edu.bo\/apps\/luz-verde\/index.php\/enelaulade_nota1\/\">\n\t\t\t\t\t\t\t<img fetchpriority=\"high\" decoding=\"async\" width=\"225\" height=\"300\" src=\"https:\/\/cosabe.edu.bo\/apps\/luz-verde\/wp-content\/uploads\/2025\/06\/c735ecd8-c4c5-452d-86ec-25eae9bbe914-225x300.jpg\" class=\"attachment-medium size-medium wp-image-335\" alt=\"\" srcset=\"https:\/\/cosabe.edu.bo\/apps\/luz-verde\/wp-content\/uploads\/2025\/06\/c735ecd8-c4c5-452d-86ec-25eae9bbe914-225x300.jpg 225w, https:\/\/cosabe.edu.bo\/apps\/luz-verde\/wp-content\/uploads\/2025\/06\/c735ecd8-c4c5-452d-86ec-25eae9bbe914-768x1024.jpg 768w, https:\/\/cosabe.edu.bo\/apps\/luz-verde\/wp-content\/uploads\/2025\/06\/c735ecd8-c4c5-452d-86ec-25eae9bbe914-1152x1536.jpg 1152w, https:\/\/cosabe.edu.bo\/apps\/luz-verde\/wp-content\/uploads\/2025\/06\/c735ecd8-c4c5-452d-86ec-25eae9bbe914.jpg 1200w\" sizes=\"(max-width: 225px) 100vw, 225px\" \/>\t\t\t\t\t\t\t\t<\/a>\n\t\t\t\t\t\t\t\t\t\t\t\t\t\t\t<\/div>\n\t\t\t\t<\/div>\n\t\t\t\t<div class=\"elementor-element elementor-element-602be7c3 elementor-widget elementor-widget-heading\" data-id=\"602be7c3\" data-element_type=\"widget\" data-e-type=\"widget\" data-widget_type=\"heading.default\">\n\t\t\t\t<div class=\"elementor-widget-container\">\n\t\t\t\t\t<h2 class=\"elementor-heading-title elementor-size-default\"><a href=\"https:\/\/cosabe.edu.bo\/apps\/luz-verde\/index.php\/arte\/arte_nota2\/\">Perspectiva en el arte: Cuando el dibujo cobra profundidad<\/a><\/h2>\t\t\t\t<\/div>\n\t\t\t\t<\/div>\n\t\t\t\t<div class=\"elementor-element elementor-element-467c798c elementor-widget elementor-widget-text-editor\" data-id=\"467c798c\" data-element_type=\"widget\" data-e-type=\"widget\" data-widget_type=\"text-editor.default\">\n\t\t\t\t<div class=\"elementor-widget-container\">\n\t\t\t\t\t\t\t\t\t<p><strong><em>Por Natalia Gaite Orozas<\/em><\/strong><\/p><p>En el colegio San Bernardo de Tarija, los l\u00e1pices y las hojas se transforman en portales visuales. Los estudiantes de 4to B y C de secundaria exploran la magia de la <strong>perspectiva<\/strong>, una t\u00e9cnica que da profundidad al dibujo y convierte simples trazos en escenas tridimensionales.<\/p>\t\t\t\t\t\t\t\t<\/div>\n\t\t\t\t<\/div>\n\t\t\t\t<div class=\"elementor-element elementor-element-2d64466 elementor-align-right elementor-widget elementor-widget-button\" data-id=\"2d64466\" data-element_type=\"widget\" data-e-type=\"widget\" data-widget_type=\"button.default\">\n\t\t\t\t<div class=\"elementor-widget-container\">\n\t\t\t\t\t\t\t\t\t<div class=\"elementor-button-wrapper\">\n\t\t\t\t\t<a class=\"elementor-button elementor-button-link elementor-size-sm elementor-animation-pulse-grow\" href=\"https:\/\/cosabe.edu.bo\/apps\/luz-verde\/index.php\/arte\/arte_nota2\/\">\n\t\t\t\t\t\t<span class=\"elementor-button-content-wrapper\">\n\t\t\t\t\t\t\t\t\t<span class=\"elementor-button-text\">Abrir nota<\/span>\n\t\t\t\t\t<\/span>\n\t\t\t\t\t<\/a>\n\t\t\t\t<\/div>\n\t\t\t\t\t\t\t\t<\/div>\n\t\t\t\t<\/div>\n\t\t\t\t\t<\/div>\n\t\t<\/div>\n\t\t\t\t<div class=\"elementor-column elementor-col-50 elementor-inner-column elementor-element elementor-element-d4e76bf\" data-id=\"d4e76bf\" data-element_type=\"column\" data-e-type=\"column\">\n\t\t\t<div class=\"elementor-widget-wrap elementor-element-populated\">\n\t\t\t\t\t\t<div class=\"elementor-element elementor-element-ede6bc0 elementor-widget__width-initial elementor-widget elementor-widget-image\" data-id=\"ede6bc0\" data-element_type=\"widget\" data-e-type=\"widget\" data-widget_type=\"image.default\">\n\t\t\t\t<div class=\"elementor-widget-container\">\n\t\t\t\t\t\t\t\t\t\t\t\t\t\t\t\t<a href=\"https:\/\/cosabe.edu.bo\/apps\/luz-verde\/index.php\/enelaulade_nota1\/\">\n\t\t\t\t\t\t\t<img decoding=\"async\" width=\"300\" height=\"225\" src=\"https:\/\/cosabe.edu.bo\/apps\/luz-verde\/wp-content\/uploads\/2025\/07\/IMG_0998-300x225.jpg\" class=\"attachment-medium size-medium wp-image-795\" alt=\"\" srcset=\"https:\/\/cosabe.edu.bo\/apps\/luz-verde\/wp-content\/uploads\/2025\/07\/IMG_0998-300x225.jpg 300w, https:\/\/cosabe.edu.bo\/apps\/luz-verde\/wp-content\/uploads\/2025\/07\/IMG_0998-1024x768.jpg 1024w, https:\/\/cosabe.edu.bo\/apps\/luz-verde\/wp-content\/uploads\/2025\/07\/IMG_0998-768x576.jpg 768w, https:\/\/cosabe.edu.bo\/apps\/luz-verde\/wp-content\/uploads\/2025\/07\/IMG_0998-1536x1152.jpg 1536w, https:\/\/cosabe.edu.bo\/apps\/luz-verde\/wp-content\/uploads\/2025\/07\/IMG_0998-2048x1536.jpg 2048w\" sizes=\"(max-width: 300px) 100vw, 300px\" \/>\t\t\t\t\t\t\t\t<\/a>\n\t\t\t\t\t\t\t\t\t\t\t\t\t\t\t<\/div>\n\t\t\t\t<\/div>\n\t\t\t\t<div class=\"elementor-element elementor-element-14634ab elementor-widget elementor-widget-heading\" data-id=\"14634ab\" data-element_type=\"widget\" data-e-type=\"widget\" data-widget_type=\"heading.default\">\n\t\t\t\t<div class=\"elementor-widget-container\">\n\t\t\t\t\t<h2 class=\"elementor-heading-title elementor-size-default\"><a href=\"https:\/\/cosabe.edu.bo\/apps\/luz-verde\/?page_id=808&#038;preview=true\">Abril en Tarija San Bernardino: una muestra de amor, identidad y gran talento<\/a><\/h2>\t\t\t\t<\/div>\n\t\t\t\t<\/div>\n\t\t\t\t<div class=\"elementor-element elementor-element-2967c2d elementor-widget elementor-widget-text-editor\" data-id=\"2967c2d\" data-element_type=\"widget\" data-e-type=\"widget\" data-widget_type=\"text-editor.default\">\n\t\t\t\t<div class=\"elementor-widget-container\">\n\t\t\t\t\t\t\t\t\t<p><em>Estudiantes del nivel primario del colegio San Bernardo celebraron el mes aniversario de Tarija con una presentaci\u00f3n art\u00edstica en el Patio del Cabildo, reafirmando su amor por la tierra chapaca a trav\u00e9s de la danza, la poes\u00eda, el canto y el arte<\/em><\/p><p><strong>SBComunica<\/strong><\/p>\t\t\t\t\t\t\t\t<\/div>\n\t\t\t\t<\/div>\n\t\t\t\t<div class=\"elementor-element elementor-element-6d06218 elementor-align-right elementor-widget elementor-widget-button\" data-id=\"6d06218\" data-element_type=\"widget\" data-e-type=\"widget\" data-widget_type=\"button.default\">\n\t\t\t\t<div class=\"elementor-widget-container\">\n\t\t\t\t\t\t\t\t\t<div class=\"elementor-button-wrapper\">\n\t\t\t\t\t<a class=\"elementor-button elementor-button-link elementor-size-sm elementor-animation-pulse-grow\" href=\"https:\/\/cosabe.edu.bo\/apps\/luz-verde\/?page_id=808&#038;preview=true\">\n\t\t\t\t\t\t<span class=\"elementor-button-content-wrapper\">\n\t\t\t\t\t\t\t\t\t<span class=\"elementor-button-text\">Abrir nota<\/span>\n\t\t\t\t\t<\/span>\n\t\t\t\t\t<\/a>\n\t\t\t\t<\/div>\n\t\t\t\t\t\t\t\t<\/div>\n\t\t\t\t<\/div>\n\t\t\t\t\t<\/div>\n\t\t<\/div>\n\t\t\t\t\t<\/div>\n\t\t<\/section>\n\t\t\t\t\t<\/div>\n\t\t<\/div>\n\t\t\t\t\t<\/div>\n\t\t<\/section>\n\t\t\t\t<section class=\"elementor-section elementor-top-section elementor-element elementor-element-9954409 elementor-section-height-min-height elementor-section-boxed elementor-section-height-default elementor-section-items-middle wpr-particle-no wpr-jarallax-no wpr-parallax-no wpr-sticky-section-no wpr-column-slider-no wpr-equal-height-no\" data-id=\"9954409\" data-element_type=\"section\" data-e-type=\"section\" data-settings=\"{&quot;background_background&quot;:&quot;classic&quot;}\">\n\t\t\t\t\t\t<div class=\"elementor-container elementor-column-gap-wide\">\n\t\t\t\t\t<div class=\"elementor-column elementor-col-100 elementor-top-column elementor-element elementor-element-f5d3560\" data-id=\"f5d3560\" data-element_type=\"column\" data-e-type=\"column\">\n\t\t\t<div class=\"elementor-widget-wrap elementor-element-populated\">\n\t\t\t\t\t\t<div class=\"elementor-element elementor-element-9e074d5 elementor-widget elementor-widget-heading\" data-id=\"9e074d5\" data-element_type=\"widget\" data-e-type=\"widget\" data-widget_type=\"heading.default\">\n\t\t\t\t<div class=\"elementor-widget-container\">\n\t\t\t\t\t<h2 class=\"elementor-heading-title elementor-size-default\">Luz Verde - Todos los derechos reservados para el Colegio San Bernardo de Tarija - Sitio desarrollado por GAP<\/h2>\t\t\t\t<\/div>\n\t\t\t\t<\/div>\n\t\t\t\t\t<\/div>\n\t\t<\/div>\n\t\t\t\t\t<\/div>\n\t\t<\/section>\n\t\t\t\t<\/div>\n\t\t","protected":false},"excerpt":{"rendered":"<p>Inicio Historia D&#8217;arte C\u00f3digo abierto Cracks Editorial Luz pedag\u00f3gica Padres conectados Radar Inicio Historia D&#8217;arte C\u00f3digo abierto Cracks Editorial Luz pedag\u00f3gica Padres conectados Radar D&#8217;arte Magia, sue\u00f1os y creaci\u00f3n En cada trazo, una historia. En cada nota, una emoci\u00f3n. En cada escena, un mensaje. \u00a1Bienvenidos a ExpresArte, la secci\u00f3n del peri\u00f3dico Luz Verde donde el arte toma la palabra! Perspectiva en el arte: Cuando el dibujo cobra profundidad Por Natalia Gaite Orozas En el colegio San Bernardo de Tarija, los l\u00e1pices y las hojas se transforman en portales visuales. Los estudiantes de 4to B y C de secundaria exploran la magia de la perspectiva, una t\u00e9cnica que da profundidad al dibujo y convierte simples trazos en escenas tridimensionales. Abrir nota Abril en Tarija San Bernardino: una muestra de amor, identidad y gran talento Estudiantes del nivel primario del colegio San Bernardo celebraron el mes aniversario de Tarija con una presentaci\u00f3n art\u00edstica en el Patio del Cabildo, reafirmando su amor por la tierra chapaca a trav\u00e9s de la danza, la poes\u00eda, el canto y el arte SBComunica Abrir nota Luz Verde &#8211; Todos los derechos reservados para el Colegio San Bernardo de Tarija &#8211; Sitio desarrollado por GAP<\/p>\n","protected":false},"author":1,"featured_media":0,"parent":0,"menu_order":0,"comment_status":"closed","ping_status":"closed","template":"elementor_canvas","meta":{"footnotes":""},"class_list":["post-585","page","type-page","status-publish","hentry"],"_links":{"self":[{"href":"https:\/\/cosabe.edu.bo\/apps\/luz-verde\/index.php\/wp-json\/wp\/v2\/pages\/585","targetHints":{"allow":["GET"]}}],"collection":[{"href":"https:\/\/cosabe.edu.bo\/apps\/luz-verde\/index.php\/wp-json\/wp\/v2\/pages"}],"about":[{"href":"https:\/\/cosabe.edu.bo\/apps\/luz-verde\/index.php\/wp-json\/wp\/v2\/types\/page"}],"author":[{"embeddable":true,"href":"https:\/\/cosabe.edu.bo\/apps\/luz-verde\/index.php\/wp-json\/wp\/v2\/users\/1"}],"replies":[{"embeddable":true,"href":"https:\/\/cosabe.edu.bo\/apps\/luz-verde\/index.php\/wp-json\/wp\/v2\/comments?post=585"}],"version-history":[{"count":25,"href":"https:\/\/cosabe.edu.bo\/apps\/luz-verde\/index.php\/wp-json\/wp\/v2\/pages\/585\/revisions"}],"predecessor-version":[{"id":821,"href":"https:\/\/cosabe.edu.bo\/apps\/luz-verde\/index.php\/wp-json\/wp\/v2\/pages\/585\/revisions\/821"}],"wp:attachment":[{"href":"https:\/\/cosabe.edu.bo\/apps\/luz-verde\/index.php\/wp-json\/wp\/v2\/media?parent=585"}],"curies":[{"name":"wp","href":"https:\/\/api.w.org\/{rel}","templated":true}]}}