{"id":392,"date":"2025-06-25T14:52:50","date_gmt":"2025-06-25T18:52:50","guid":{"rendered":"https:\/\/cosabe.edu.bo\/apps\/luz-verde\/?page_id=392"},"modified":"2025-07-01T14:57:29","modified_gmt":"2025-07-01T18:57:29","slug":"luzpedagogica","status":"publish","type":"page","link":"https:\/\/cosabe.edu.bo\/apps\/luz-verde\/index.php\/luzpedagogica\/","title":{"rendered":"luz-pedagogica"},"content":{"rendered":"\t\t<div data-elementor-type=\"wp-page\" data-elementor-id=\"392\" class=\"elementor elementor-392\">\n\t\t\t\t<div class=\"elementor-element elementor-element-0499a73 e-flex e-con-boxed wpr-particle-no wpr-jarallax-no wpr-parallax-no wpr-sticky-section-no wpr-column-slider-no wpr-equal-height-no e-con e-parent\" data-id=\"0499a73\" data-element_type=\"container\" data-e-type=\"container\">\n\t\t\t\t\t<div class=\"e-con-inner\">\n\t\t\t\t<div class=\"elementor-element elementor-element-1e85fdd wpr-pointer-none wpr-main-menu-align-left wpr-main-menu-align--tabletleft wpr-main-menu-align--mobileleft wpr-sub-icon-caret-down wpr-sub-menu-fx-fade wpr-nav-menu-bp-mobile wpr-mobile-menu-full-width wpr-mobile-menu-item-align-center wpr-mobile-toggle-v1 wpr-sub-divider-yes wpr-mobile-divider-yes elementor-widget elementor-widget-wpr-nav-menu\" data-id=\"1e85fdd\" data-element_type=\"widget\" data-e-type=\"widget\" data-settings=\"{&quot;menu_layout&quot;:&quot;horizontal&quot;}\" data-widget_type=\"wpr-nav-menu.default\">\n\t\t\t\t<div class=\"elementor-widget-container\">\n\t\t\t\t\t<nav class=\"wpr-nav-menu-container wpr-nav-menu-horizontal\" data-trigger=\"hover\" data-consider-header=\"\" data-scroll-speed=\"500\"><ul id=\"menu-1-1e85fdd\" class=\"wpr-nav-menu\"><li class=\"menu-item menu-item-type-post_type menu-item-object-page menu-item-home menu-item-124\"><a href=\"https:\/\/cosabe.edu.bo\/apps\/luz-verde\/\" class=\"wpr-menu-item wpr-pointer-item\">Inicio<\/a><\/li>\n<li class=\"menu-item menu-item-type-post_type menu-item-object-page menu-item-631\"><a href=\"https:\/\/cosabe.edu.bo\/apps\/luz-verde\/index.php\/historia\/\" class=\"wpr-menu-item wpr-pointer-item\">Historia<\/a><\/li>\n<li class=\"menu-item menu-item-type-post_type menu-item-object-page menu-item-632\"><a href=\"https:\/\/cosabe.edu.bo\/apps\/luz-verde\/index.php\/arte\/\" class=\"wpr-menu-item wpr-pointer-item\">D&#8217;arte<\/a><\/li>\n<li class=\"menu-item menu-item-type-post_type menu-item-object-page menu-item-637\"><a href=\"https:\/\/cosabe.edu.bo\/apps\/luz-verde\/index.php\/codigoabiertoindex\/\" class=\"wpr-menu-item wpr-pointer-item\">C\u00f3digo abierto<\/a><\/li>\n<li class=\"menu-item menu-item-type-post_type menu-item-object-page menu-item-633\"><a href=\"https:\/\/cosabe.edu.bo\/apps\/luz-verde\/index.php\/cracks\/\" class=\"wpr-menu-item wpr-pointer-item\">Cracks<\/a><\/li>\n<li class=\"menu-item menu-item-type-post_type menu-item-object-page menu-item-636\"><a href=\"https:\/\/cosabe.edu.bo\/apps\/luz-verde\/index.php\/editorial\/\" class=\"wpr-menu-item wpr-pointer-item\">Editorial<\/a><\/li>\n<li class=\"menu-item menu-item-type-post_type menu-item-object-page menu-item-638\"><a href=\"https:\/\/cosabe.edu.bo\/apps\/luz-verde\/index.php\/luzpedagogica\/\" class=\"wpr-menu-item wpr-pointer-item\">Luz pedag\u00f3gica<\/a><\/li>\n<li class=\"menu-item menu-item-type-post_type menu-item-object-page menu-item-634\"><a href=\"https:\/\/cosabe.edu.bo\/apps\/luz-verde\/index.php\/padresconectados\/\" class=\"wpr-menu-item wpr-pointer-item\">Padres conectados<\/a><\/li>\n<li class=\"menu-item menu-item-type-post_type menu-item-object-page menu-item-635\"><a href=\"https:\/\/cosabe.edu.bo\/apps\/luz-verde\/index.php\/radar\/\" class=\"wpr-menu-item wpr-pointer-item\">Radar<\/a><\/li>\n<\/ul><\/nav><nav class=\"wpr-mobile-nav-menu-container\"><div class=\"wpr-mobile-toggle-wrap\"><div class=\"wpr-mobile-toggle\"><span class=\"wpr-mobile-toggle-line\"><\/span><span class=\"wpr-mobile-toggle-line\"><\/span><span class=\"wpr-mobile-toggle-line\"><\/span><\/div><\/div><ul id=\"mobile-menu-2-1e85fdd\" class=\"wpr-mobile-nav-menu\"><li class=\"menu-item menu-item-type-post_type menu-item-object-page menu-item-home menu-item-124\"><a href=\"https:\/\/cosabe.edu.bo\/apps\/luz-verde\/\" class=\"wpr-mobile-menu-item\">Inicio<\/a><\/li>\n<li class=\"menu-item menu-item-type-post_type menu-item-object-page menu-item-631\"><a href=\"https:\/\/cosabe.edu.bo\/apps\/luz-verde\/index.php\/historia\/\" class=\"wpr-mobile-menu-item\">Historia<\/a><\/li>\n<li class=\"menu-item menu-item-type-post_type menu-item-object-page menu-item-632\"><a href=\"https:\/\/cosabe.edu.bo\/apps\/luz-verde\/index.php\/arte\/\" class=\"wpr-mobile-menu-item\">D&#8217;arte<\/a><\/li>\n<li class=\"menu-item menu-item-type-post_type menu-item-object-page menu-item-637\"><a href=\"https:\/\/cosabe.edu.bo\/apps\/luz-verde\/index.php\/codigoabiertoindex\/\" class=\"wpr-mobile-menu-item\">C\u00f3digo abierto<\/a><\/li>\n<li class=\"menu-item menu-item-type-post_type menu-item-object-page menu-item-633\"><a href=\"https:\/\/cosabe.edu.bo\/apps\/luz-verde\/index.php\/cracks\/\" class=\"wpr-mobile-menu-item\">Cracks<\/a><\/li>\n<li class=\"menu-item menu-item-type-post_type menu-item-object-page menu-item-636\"><a href=\"https:\/\/cosabe.edu.bo\/apps\/luz-verde\/index.php\/editorial\/\" class=\"wpr-mobile-menu-item\">Editorial<\/a><\/li>\n<li class=\"menu-item menu-item-type-post_type menu-item-object-page menu-item-638\"><a href=\"https:\/\/cosabe.edu.bo\/apps\/luz-verde\/index.php\/luzpedagogica\/\" class=\"wpr-mobile-menu-item\">Luz pedag\u00f3gica<\/a><\/li>\n<li class=\"menu-item menu-item-type-post_type menu-item-object-page menu-item-634\"><a href=\"https:\/\/cosabe.edu.bo\/apps\/luz-verde\/index.php\/padresconectados\/\" class=\"wpr-mobile-menu-item\">Padres conectados<\/a><\/li>\n<li class=\"menu-item menu-item-type-post_type menu-item-object-page menu-item-635\"><a href=\"https:\/\/cosabe.edu.bo\/apps\/luz-verde\/index.php\/radar\/\" class=\"wpr-mobile-menu-item\">Radar<\/a><\/li>\n<\/ul><\/nav>\t\t\t\t<\/div>\n\t\t\t\t<\/div>\n\t\t\t\t\t<\/div>\n\t\t\t\t<\/div>\n\t\t\t\t<section class=\"elementor-section elementor-top-section elementor-element elementor-element-58dd89530 elementor-section-boxed elementor-section-height-default elementor-section-height-default wpr-particle-no wpr-jarallax-no wpr-parallax-no wpr-sticky-section-no wpr-column-slider-no wpr-equal-height-no\" data-id=\"58dd89530\" data-element_type=\"section\" data-e-type=\"section\" data-settings=\"{&quot;background_background&quot;:&quot;slideshow&quot;,&quot;background_slideshow_gallery&quot;:[{&quot;id&quot;:135,&quot;url&quot;:&quot;https:\\\/\\\/cosabe.edu.bo\\\/apps\\\/luz-verde\\\/wp-content\\\/uploads\\\/2025\\\/05\\\/1.png&quot;},{&quot;id&quot;:139,&quot;url&quot;:&quot;https:\\\/\\\/cosabe.edu.bo\\\/apps\\\/luz-verde\\\/wp-content\\\/uploads\\\/2025\\\/05\\\/2.png&quot;}],&quot;background_slideshow_transition_duration&quot;:400,&quot;background_slideshow_loop&quot;:&quot;yes&quot;,&quot;background_slideshow_slide_duration&quot;:5000,&quot;background_slideshow_slide_transition&quot;:&quot;fade&quot;}\">\n\t\t\t\t\t\t\t<div class=\"elementor-background-overlay\"><\/div>\n\t\t\t\t\t\t\t<div class=\"elementor-container elementor-column-gap-default\">\n\t\t\t\t\t<div class=\"elementor-column elementor-col-100 elementor-top-column elementor-element elementor-element-2ea89e42\" data-id=\"2ea89e42\" data-element_type=\"column\" data-e-type=\"column\">\n\t\t\t<div class=\"elementor-widget-wrap elementor-element-populated\">\n\t\t\t\t\t\t<div class=\"elementor-element elementor-element-6cfbffa5 elementor-widget elementor-widget-heading\" data-id=\"6cfbffa5\" data-element_type=\"widget\" data-e-type=\"widget\" data-widget_type=\"heading.default\">\n\t\t\t\t<div class=\"elementor-widget-container\">\n\t\t\t\t\t<span class=\"elementor-heading-title elementor-size-default\">Luz  pedag\u00f3gica<\/span>\t\t\t\t<\/div>\n\t\t\t\t<\/div>\n\t\t\t\t\t<\/div>\n\t\t<\/div>\n\t\t\t\t\t<\/div>\n\t\t<\/section>\n\t\t\t\t<section class=\"elementor-section elementor-top-section elementor-element elementor-element-e722612 elementor-section-boxed elementor-section-height-default elementor-section-height-default wpr-particle-no wpr-jarallax-no wpr-parallax-no wpr-sticky-section-no wpr-column-slider-no wpr-equal-height-no\" data-id=\"e722612\" data-element_type=\"section\" data-e-type=\"section\">\n\t\t\t\t\t\t<div class=\"elementor-container elementor-column-gap-default\">\n\t\t\t\t\t<div class=\"elementor-column elementor-col-100 elementor-top-column elementor-element elementor-element-328be6a3\" data-id=\"328be6a3\" data-element_type=\"column\" data-e-type=\"column\">\n\t\t\t<div class=\"elementor-widget-wrap elementor-element-populated\">\n\t\t\t\t\t\t<section class=\"elementor-section elementor-inner-section elementor-element elementor-element-4b35dc59 elementor-section-boxed elementor-section-height-default elementor-section-height-default wpr-particle-no wpr-jarallax-no wpr-parallax-no wpr-sticky-section-no wpr-column-slider-no wpr-equal-height-no\" data-id=\"4b35dc59\" data-element_type=\"section\" data-e-type=\"section\">\n\t\t\t\t\t\t<div class=\"elementor-container elementor-column-gap-default\">\n\t\t\t\t\t<div class=\"elementor-column elementor-col-100 elementor-inner-column elementor-element elementor-element-7ae08bcd\" data-id=\"7ae08bcd\" data-element_type=\"column\" data-e-type=\"column\">\n\t\t\t<div class=\"elementor-widget-wrap elementor-element-populated\">\n\t\t\t\t\t\t<div class=\"elementor-element elementor-element-5b13d5b elementor-widget elementor-widget-image\" data-id=\"5b13d5b\" data-element_type=\"widget\" data-e-type=\"widget\" data-widget_type=\"image.default\">\n\t\t\t\t<div class=\"elementor-widget-container\">\n\t\t\t\t\t\t\t\t\t\t\t\t\t\t\t<img fetchpriority=\"high\" decoding=\"async\" width=\"300\" height=\"251\" src=\"https:\/\/cosabe.edu.bo\/apps\/luz-verde\/wp-content\/uploads\/2025\/06\/NINOS-300x251.jpg\" class=\"attachment-medium size-medium wp-image-215\" alt=\"\" srcset=\"https:\/\/cosabe.edu.bo\/apps\/luz-verde\/wp-content\/uploads\/2025\/06\/NINOS-300x251.jpg 300w, https:\/\/cosabe.edu.bo\/apps\/luz-verde\/wp-content\/uploads\/2025\/06\/NINOS-768x644.jpg 768w, https:\/\/cosabe.edu.bo\/apps\/luz-verde\/wp-content\/uploads\/2025\/06\/NINOS.jpg 940w\" sizes=\"(max-width: 300px) 100vw, 300px\" \/>\t\t\t\t\t\t\t\t\t\t\t\t\t\t\t<\/div>\n\t\t\t\t<\/div>\n\t\t\t\t<div class=\"elementor-element elementor-element-602be7c3 elementor-widget elementor-widget-heading\" data-id=\"602be7c3\" data-element_type=\"widget\" data-e-type=\"widget\" data-widget_type=\"heading.default\">\n\t\t\t\t<div class=\"elementor-widget-container\">\n\t\t\t\t\t<h5 class=\"elementor-heading-title elementor-size-default\">Familia y escuela un solo equipo<\/h5>\t\t\t\t<\/div>\n\t\t\t\t<\/div>\n\t\t\t\t<div class=\"elementor-element elementor-element-467c798c elementor-widget__width-initial elementor-widget elementor-widget-text-editor\" data-id=\"467c798c\" data-element_type=\"widget\" data-e-type=\"widget\" data-widget_type=\"text-editor.default\">\n\t\t\t\t<div class=\"elementor-widget-container\">\n\t\t\t\t\t\t\t\t\t<p><strong>Autor: MSc. Marco Gonzalo Su\u00e1rez Vidaurre.<\/strong><\/p><p>Una de los aspectos fundamentales al momento de analizar o simplemente conversar sobre educaci\u00f3n, es el rol de la familia en la educaci\u00f3n escolar de los ni\u00f1os y ni\u00f1as.<\/p>\t\t\t\t\t\t\t\t<\/div>\n\t\t\t\t<\/div>\n\t\t\t\t<div class=\"elementor-element elementor-element-19744d0 elementor-align-right elementor-widget elementor-widget-button\" data-id=\"19744d0\" data-element_type=\"widget\" data-e-type=\"widget\" data-widget_type=\"button.default\">\n\t\t\t\t<div class=\"elementor-widget-container\">\n\t\t\t\t\t\t\t\t\t<div class=\"elementor-button-wrapper\">\n\t\t\t\t\t<a class=\"elementor-button elementor-button-link elementor-size-sm elementor-animation-buzz\" href=\"https:\/\/cosabe.edu.bo\/apps\/luz-verde\/index.php\/luzpedagogica_nota1\/\">\n\t\t\t\t\t\t<span class=\"elementor-button-content-wrapper\">\n\t\t\t\t\t\t\t\t\t<span class=\"elementor-button-text\">Abrir nota<\/span>\n\t\t\t\t\t<\/span>\n\t\t\t\t\t<\/a>\n\t\t\t\t<\/div>\n\t\t\t\t\t\t\t\t<\/div>\n\t\t\t\t<\/div>\n\t\t\t\t\t<\/div>\n\t\t<\/div>\n\t\t\t\t\t<\/div>\n\t\t<\/section>\n\t\t\t\t\t<\/div>\n\t\t<\/div>\n\t\t\t\t\t<\/div>\n\t\t<\/section>\n\t\t\t\t<\/div>\n\t\t","protected":false},"excerpt":{"rendered":"<p>Inicio Historia D&#8217;arte C\u00f3digo abierto Cracks Editorial Luz pedag\u00f3gica Padres conectados Radar Inicio Historia D&#8217;arte C\u00f3digo abierto Cracks Editorial Luz pedag\u00f3gica Padres conectados Radar Luz pedag\u00f3gica Familia y escuela un solo equipo Autor: MSc. Marco Gonzalo Su\u00e1rez Vidaurre. Una de los aspectos fundamentales al momento de analizar o simplemente conversar sobre educaci\u00f3n, es el rol de la familia en la educaci\u00f3n escolar de los ni\u00f1os y ni\u00f1as. Abrir nota<\/p>\n","protected":false},"author":1,"featured_media":0,"parent":0,"menu_order":0,"comment_status":"closed","ping_status":"closed","template":"elementor_canvas","meta":{"footnotes":""},"class_list":["post-392","page","type-page","status-publish","hentry"],"_links":{"self":[{"href":"https:\/\/cosabe.edu.bo\/apps\/luz-verde\/index.php\/wp-json\/wp\/v2\/pages\/392","targetHints":{"allow":["GET"]}}],"collection":[{"href":"https:\/\/cosabe.edu.bo\/apps\/luz-verde\/index.php\/wp-json\/wp\/v2\/pages"}],"about":[{"href":"https:\/\/cosabe.edu.bo\/apps\/luz-verde\/index.php\/wp-json\/wp\/v2\/types\/page"}],"author":[{"embeddable":true,"href":"https:\/\/cosabe.edu.bo\/apps\/luz-verde\/index.php\/wp-json\/wp\/v2\/users\/1"}],"replies":[{"embeddable":true,"href":"https:\/\/cosabe.edu.bo\/apps\/luz-verde\/index.php\/wp-json\/wp\/v2\/comments?post=392"}],"version-history":[{"count":22,"href":"https:\/\/cosabe.edu.bo\/apps\/luz-verde\/index.php\/wp-json\/wp\/v2\/pages\/392\/revisions"}],"predecessor-version":[{"id":758,"href":"https:\/\/cosabe.edu.bo\/apps\/luz-verde\/index.php\/wp-json\/wp\/v2\/pages\/392\/revisions\/758"}],"wp:attachment":[{"href":"https:\/\/cosabe.edu.bo\/apps\/luz-verde\/index.php\/wp-json\/wp\/v2\/media?parent=392"}],"curies":[{"name":"wp","href":"https:\/\/api.w.org\/{rel}","templated":true}]}}