{"id":213,"date":"2025-06-23T17:42:10","date_gmt":"2025-06-23T21:42:10","guid":{"rendered":"https:\/\/cosabe.edu.bo\/apps\/luz-verde\/?page_id=213"},"modified":"2025-06-26T16:50:36","modified_gmt":"2025-06-26T20:50:36","slug":"codigoabierto_nota1","status":"publish","type":"page","link":"https:\/\/cosabe.edu.bo\/apps\/luz-verde\/index.php\/codigoabiertoindex\/codigoabierto_nota1\/","title":{"rendered":"Internet + Educaci\u00f3n = Una f\u00f3rmula con poder (si se usa bien)"},"content":{"rendered":"\t\t<div data-elementor-type=\"wp-page\" data-elementor-id=\"213\" class=\"elementor elementor-213\">\n\t\t\t\t<div class=\"elementor-element elementor-element-a2cbc7e e-flex e-con-boxed wpr-particle-no wpr-jarallax-no wpr-parallax-no wpr-sticky-section-no wpr-column-slider-no wpr-equal-height-no e-con e-parent\" data-id=\"a2cbc7e\" data-element_type=\"container\" data-e-type=\"container\">\n\t\t\t\t\t<div class=\"e-con-inner\">\n\t\t\t\t<div class=\"elementor-element elementor-element-1a6e8a3 wpr-main-menu-align-left wpr-main-menu-align--tabletleft wpr-main-menu-align--mobileleft wpr-pointer-underline wpr-pointer-line-fx wpr-pointer-fx-fade wpr-sub-icon-caret-down wpr-sub-menu-fx-fade wpr-nav-menu-bp-mobile wpr-mobile-menu-full-width wpr-mobile-menu-item-align-center wpr-mobile-toggle-v1 wpr-sub-divider-yes wpr-mobile-divider-yes elementor-widget elementor-widget-wpr-nav-menu\" data-id=\"1a6e8a3\" data-element_type=\"widget\" data-e-type=\"widget\" data-settings=\"{&quot;menu_layout&quot;:&quot;horizontal&quot;}\" data-widget_type=\"wpr-nav-menu.default\">\n\t\t\t\t<div class=\"elementor-widget-container\">\n\t\t\t\t\t<nav class=\"wpr-nav-menu-container wpr-nav-menu-horizontal\" data-trigger=\"hover\" data-consider-header=\"\" data-scroll-speed=\"500\"><ul id=\"menu-1-1a6e8a3\" class=\"wpr-nav-menu\"><li class=\"menu-item menu-item-type-post_type menu-item-object-page menu-item-home menu-item-124\"><a href=\"https:\/\/cosabe.edu.bo\/apps\/luz-verde\/\" class=\"wpr-menu-item wpr-pointer-item\">Inicio<\/a><\/li>\n<li class=\"menu-item menu-item-type-post_type menu-item-object-page menu-item-631\"><a href=\"https:\/\/cosabe.edu.bo\/apps\/luz-verde\/index.php\/historia\/\" class=\"wpr-menu-item wpr-pointer-item\">Historia<\/a><\/li>\n<li class=\"menu-item menu-item-type-post_type menu-item-object-page menu-item-632\"><a href=\"https:\/\/cosabe.edu.bo\/apps\/luz-verde\/index.php\/arte\/\" class=\"wpr-menu-item wpr-pointer-item\">D&#8217;arte<\/a><\/li>\n<li class=\"menu-item menu-item-type-post_type menu-item-object-page menu-item-637\"><a href=\"https:\/\/cosabe.edu.bo\/apps\/luz-verde\/index.php\/codigoabiertoindex\/\" class=\"wpr-menu-item wpr-pointer-item\">C\u00f3digo abierto<\/a><\/li>\n<li class=\"menu-item menu-item-type-post_type menu-item-object-page menu-item-633\"><a href=\"https:\/\/cosabe.edu.bo\/apps\/luz-verde\/index.php\/cracks\/\" class=\"wpr-menu-item wpr-pointer-item\">Cracks<\/a><\/li>\n<li class=\"menu-item menu-item-type-post_type menu-item-object-page menu-item-636\"><a href=\"https:\/\/cosabe.edu.bo\/apps\/luz-verde\/index.php\/editorial\/\" class=\"wpr-menu-item wpr-pointer-item\">Editorial<\/a><\/li>\n<li class=\"menu-item menu-item-type-post_type menu-item-object-page menu-item-638\"><a href=\"https:\/\/cosabe.edu.bo\/apps\/luz-verde\/index.php\/luzpedagogica\/\" class=\"wpr-menu-item wpr-pointer-item\">Luz pedag\u00f3gica<\/a><\/li>\n<li class=\"menu-item menu-item-type-post_type menu-item-object-page menu-item-634\"><a href=\"https:\/\/cosabe.edu.bo\/apps\/luz-verde\/index.php\/padresconectados\/\" class=\"wpr-menu-item wpr-pointer-item\">Padres conectados<\/a><\/li>\n<li class=\"menu-item menu-item-type-post_type menu-item-object-page menu-item-635\"><a href=\"https:\/\/cosabe.edu.bo\/apps\/luz-verde\/index.php\/radar\/\" class=\"wpr-menu-item wpr-pointer-item\">Radar<\/a><\/li>\n<\/ul><\/nav><nav class=\"wpr-mobile-nav-menu-container\"><div class=\"wpr-mobile-toggle-wrap\"><div class=\"wpr-mobile-toggle\"><span class=\"wpr-mobile-toggle-line\"><\/span><span class=\"wpr-mobile-toggle-line\"><\/span><span class=\"wpr-mobile-toggle-line\"><\/span><\/div><\/div><ul id=\"mobile-menu-2-1a6e8a3\" class=\"wpr-mobile-nav-menu\"><li class=\"menu-item menu-item-type-post_type menu-item-object-page menu-item-home menu-item-124\"><a href=\"https:\/\/cosabe.edu.bo\/apps\/luz-verde\/\" class=\"wpr-mobile-menu-item\">Inicio<\/a><\/li>\n<li class=\"menu-item menu-item-type-post_type menu-item-object-page menu-item-631\"><a href=\"https:\/\/cosabe.edu.bo\/apps\/luz-verde\/index.php\/historia\/\" class=\"wpr-mobile-menu-item\">Historia<\/a><\/li>\n<li class=\"menu-item menu-item-type-post_type menu-item-object-page menu-item-632\"><a href=\"https:\/\/cosabe.edu.bo\/apps\/luz-verde\/index.php\/arte\/\" class=\"wpr-mobile-menu-item\">D&#8217;arte<\/a><\/li>\n<li class=\"menu-item menu-item-type-post_type menu-item-object-page menu-item-637\"><a href=\"https:\/\/cosabe.edu.bo\/apps\/luz-verde\/index.php\/codigoabiertoindex\/\" class=\"wpr-mobile-menu-item\">C\u00f3digo abierto<\/a><\/li>\n<li class=\"menu-item menu-item-type-post_type menu-item-object-page menu-item-633\"><a href=\"https:\/\/cosabe.edu.bo\/apps\/luz-verde\/index.php\/cracks\/\" class=\"wpr-mobile-menu-item\">Cracks<\/a><\/li>\n<li class=\"menu-item menu-item-type-post_type menu-item-object-page menu-item-636\"><a href=\"https:\/\/cosabe.edu.bo\/apps\/luz-verde\/index.php\/editorial\/\" class=\"wpr-mobile-menu-item\">Editorial<\/a><\/li>\n<li class=\"menu-item menu-item-type-post_type menu-item-object-page menu-item-638\"><a href=\"https:\/\/cosabe.edu.bo\/apps\/luz-verde\/index.php\/luzpedagogica\/\" class=\"wpr-mobile-menu-item\">Luz pedag\u00f3gica<\/a><\/li>\n<li class=\"menu-item menu-item-type-post_type menu-item-object-page menu-item-634\"><a href=\"https:\/\/cosabe.edu.bo\/apps\/luz-verde\/index.php\/padresconectados\/\" class=\"wpr-mobile-menu-item\">Padres conectados<\/a><\/li>\n<li class=\"menu-item menu-item-type-post_type menu-item-object-page menu-item-635\"><a href=\"https:\/\/cosabe.edu.bo\/apps\/luz-verde\/index.php\/radar\/\" class=\"wpr-mobile-menu-item\">Radar<\/a><\/li>\n<\/ul><\/nav>\t\t\t\t<\/div>\n\t\t\t\t<\/div>\n\t\t\t\t\t<\/div>\n\t\t\t\t<\/div>\n\t\t<div class=\"elementor-element elementor-element-iRcJH61 e-flex e-con-boxed wpr-particle-no wpr-jarallax-no wpr-parallax-no wpr-sticky-section-no wpr-column-slider-no wpr-equal-height-no e-con e-parent\" data-id=\"iRcJH61\" data-element_type=\"container\" data-e-type=\"container\">\n\t\t\t\t\t<div class=\"e-con-inner\">\n\t\t<div class=\"elementor-element elementor-element-S4R03ZI e-con-full e-flex wpr-particle-no wpr-jarallax-no wpr-parallax-no wpr-sticky-section-no wpr-column-slider-no wpr-equal-height-no e-con e-child\" data-id=\"S4R03ZI\" data-element_type=\"container\" data-e-type=\"container\">\n\t\t<div class=\"elementor-element elementor-element-bf51c95 e-con-full e-flex wpr-particle-no wpr-jarallax-no wpr-parallax-no wpr-sticky-section-no wpr-column-slider-no wpr-equal-height-no e-con e-child\" data-id=\"bf51c95\" data-element_type=\"container\" data-e-type=\"container\">\n\t\t\t\t<div class=\"elementor-element elementor-element-b84470c elementor-widget elementor-widget-heading\" data-id=\"b84470c\" data-element_type=\"widget\" data-e-type=\"widget\" data-widget_type=\"heading.default\">\n\t\t\t\t<div class=\"elementor-widget-container\">\n\t\t\t\t\t<h2 class=\"elementor-heading-title elementor-size-default\">Internet + Educaci\u00f3n = Una f\u00f3rmula con poder (si se usa bien)<\/h2>\t\t\t\t<\/div>\n\t\t\t\t<\/div>\n\t\t\t\t<div class=\"elementor-element elementor-element-4139eff elementor-widget elementor-widget-image\" data-id=\"4139eff\" data-element_type=\"widget\" data-e-type=\"widget\" data-widget_type=\"image.default\">\n\t\t\t\t<div class=\"elementor-widget-container\">\n\t\t\t\t\t\t\t\t\t\t\t\t\t\t\t<img fetchpriority=\"high\" decoding=\"async\" width=\"1280\" height=\"720\" src=\"https:\/\/cosabe.edu.bo\/apps\/luz-verde\/wp-content\/uploads\/2025\/06\/Duolingo.jpg\" class=\"attachment-full size-full wp-image-279\" alt=\"\" srcset=\"https:\/\/cosabe.edu.bo\/apps\/luz-verde\/wp-content\/uploads\/2025\/06\/Duolingo.jpg 1280w, https:\/\/cosabe.edu.bo\/apps\/luz-verde\/wp-content\/uploads\/2025\/06\/Duolingo-300x169.jpg 300w, https:\/\/cosabe.edu.bo\/apps\/luz-verde\/wp-content\/uploads\/2025\/06\/Duolingo-1024x576.jpg 1024w, https:\/\/cosabe.edu.bo\/apps\/luz-verde\/wp-content\/uploads\/2025\/06\/Duolingo-768x432.jpg 768w\" sizes=\"(max-width: 1280px) 100vw, 1280px\" \/>\t\t\t\t\t\t\t\t\t\t\t\t\t\t\t<\/div>\n\t\t\t\t<\/div>\n\t\t<div class=\"elementor-element elementor-element-cb63092 e-con-full e-flex wpr-particle-no wpr-jarallax-no wpr-parallax-no wpr-sticky-section-no wpr-column-slider-no wpr-equal-height-no e-con e-child\" data-id=\"cb63092\" data-element_type=\"container\" data-e-type=\"container\">\n\t\t<div class=\"elementor-element elementor-element-e81a8ed e-con-full e-flex wpr-particle-no wpr-jarallax-no wpr-parallax-no wpr-sticky-section-no wpr-column-slider-no wpr-equal-height-no e-con e-child\" data-id=\"e81a8ed\" data-element_type=\"container\" data-e-type=\"container\">\n\t\t\t\t<div class=\"elementor-element elementor-element-129d80a elementor-widget elementor-widget-text-editor\" data-id=\"129d80a\" data-element_type=\"widget\" data-e-type=\"widget\" data-widget_type=\"text-editor.default\">\n\t\t\t\t<div class=\"elementor-widget-container\">\n\t\t\t\t\t\t\t\t\t<p><em>Departamento de Tecnolog\u00eda \u2013 Escuela Virtual de Padres<\/em><\/p><p>Imagina que el conocimiento fuera una puerta\u2026 e internet, la llave.<br \/>Hoy, cualquier joven con un celular puede aprender sobre galaxias, resolver problemas matem\u00e1ticos, practicar ingl\u00e9s o descubrir c\u00f3mo escribir un cuento. Lo que antes s\u00f3lo se ense\u00f1aba en un aula, ahora est\u00e1 al alcance de un clic.<\/p><p>Pero ojo: no todo lo que brilla en la red es verdad. As\u00ed como en la vida real hay rumores o medias verdades, en internet tambi\u00e9n hay contenido falso, malintencionado o confuso. Por eso, una de las habilidades m\u00e1s importantes del siglo XXI no es s\u00f3lo \u201csaber buscar\u201d, sino <strong>saber distinguir<\/strong> lo que es \u00fatil, confiable y seguro.<\/p><p><strong>Aliados digitales del aprendizaje<\/strong><\/p><p>La tecnolog\u00eda puede transformar la educaci\u00f3n en una experiencia divertida, flexible y personalizada. Algunas herramientas muy \u00fatiles son:<\/p><ul><li><strong>Google Classroom<\/strong>, que organiza tareas, fechas y archivos como una carpeta escolar virtual.<\/li><li><strong>Duolingo<\/strong>, para aprender idiomas como si fuera un juego.<\/li><li><strong>Notion o Google Keep<\/strong>, que ayudan a tomar apuntes y planificar.<\/li><li><strong>YouTube educativo<\/strong>, con canales que explican temas escolares con claridad.<\/li><li><strong>Modelos de IA como GPT educativo<\/strong>, que sirven como apoyo para repasar, aclarar dudas o generar ideas (\u00a1no hacen la tarea, pero ayudan a pensar!).<\/li><li>Y adem\u00e1s: apps para crear m\u00fasica, cuentos, historietas, simuladores, juegos mentales\u2026 un mundo entero para explorar.<\/li><\/ul><p>La clave no est\u00e1 en usar todas estas herramientas, sino en saber <strong>cu\u00e1les funcionan mejor para cada estilo de aprendizaje<\/strong>.<\/p><p><strong>Cuando internet distrae o da\u00f1a<\/strong><\/p><p>Aun con todas sus ventajas, un uso incorrecto de la red puede ser perjudicial. Algunos riesgos frecuentes son:<\/p><ul><li><strong>Desinformaci\u00f3n<\/strong>, al compartir datos falsos que perjudican el rendimiento escolar.<\/li><li><strong>Distracciones<\/strong>, que cortan el ritmo de estudio y reducen la concentraci\u00f3n.<\/li><li><strong>Ciberacoso<\/strong>, que puede herir emocionalmente. Siempre es necesario hablarlo con un adulto.<\/li><li><strong>P\u00e9rdida de privacidad<\/strong>, cuando se comparten datos o im\u00e1genes personales con desconocidos.<\/li><\/ul><p><strong>Navegar con cabeza y con coraz\u00f3n<\/strong><\/p><p>Los colegios pueden (y deben) ense\u00f1ar a usar la tecnolog\u00eda con criterio. Pero los chicos tambi\u00e9n pueden ser agentes de cambio: ayudar a sus familias a usar bien las herramientas digitales, compartir lo que aprenden, fomentar buenas pr\u00e1cticas.<\/p><p>Internet no es bueno ni malo. <strong>Es una herramienta<\/strong>. Como un cuchillo que puede cortar frutas\u2026 o hacer da\u00f1o, todo depende de <strong>c\u00f3mo y para qu\u00e9 se usa<\/strong>.<\/p><p>Por eso, antes de hacer clic, es \u00fatil hacerse estas preguntas:<\/p><p>\u201c\u00bfEsto me aporta algo positivo? \u00bfEstoy creciendo? \u00bfEstoy respetando a los dem\u00e1s?\u201d<\/p><p>En un mundo cada vez m\u00e1s conectado, educar no es solo ense\u00f1ar contenidos. Tambi\u00e9n es ense\u00f1ar a elegir, a reflexionar\u2026 y a <strong>usar la tecnolog\u00eda para aprender, crear y cuidar<\/strong>.<\/p>\t\t\t\t\t\t\t\t<\/div>\n\t\t\t\t<\/div>\n\t\t\t\t<\/div>\n\t\t\t\t<\/div>\n\t\t\t\t<\/div>\n\t\t\t\t<\/div>\n\t\t\t\t\t<\/div>\n\t\t\t\t<\/div>\n\t\t<div class=\"elementor-element elementor-element-5cc5f82 e-flex e-con-boxed wpr-particle-no wpr-jarallax-no wpr-parallax-no wpr-sticky-section-no wpr-column-slider-no wpr-equal-height-no e-con e-parent\" data-id=\"5cc5f82\" data-element_type=\"container\" data-e-type=\"container\">\n\t\t\t\t\t<div class=\"e-con-inner\">\n\t\t\t\t<div class=\"elementor-element elementor-element-5108662 elementor-widget elementor-widget-text-editor\" data-id=\"5108662\" data-element_type=\"widget\" data-e-type=\"widget\" data-widget_type=\"text-editor.default\">\n\t\t\t\t<div class=\"elementor-widget-container\">\n\t\t\t\t\t\t\t\t\t<p>Todos los derechos reservados para el Colegio San Bernardo de Tarija &#8211; Sb Comunica<\/p>\t\t\t\t\t\t\t\t<\/div>\n\t\t\t\t<\/div>\n\t\t\t\t\t<\/div>\n\t\t\t\t<\/div>\n\t\t\t\t<\/div>\n\t\t","protected":false},"excerpt":{"rendered":"<p>Inicio Noticias Galeria Inicio Noticias Galeria Internet + Educaci\u00f3n = Una f\u00f3rmula con poder (si se usa bien) Departamento de Tecnolog\u00eda \u2013 Escuela Virtual de Padres Imagina que el conocimiento fuera una puerta\u2026 e internet, la llave.Hoy, cualquier joven con un celular puede aprender sobre galaxias, resolver problemas matem\u00e1ticos, practicar ingl\u00e9s o descubrir c\u00f3mo escribir un cuento. Lo que antes s\u00f3lo se ense\u00f1aba en un aula, ahora est\u00e1 al alcance de un clic. Pero ojo: no todo lo que brilla en la red es verdad. As\u00ed como en la vida real hay rumores o medias verdades, en internet tambi\u00e9n hay contenido falso, malintencionado o confuso. Por eso, una de las habilidades m\u00e1s importantes del siglo XXI no es s\u00f3lo \u201csaber buscar\u201d, sino saber distinguir lo que es \u00fatil, confiable y seguro. Aliados digitales del aprendizaje La tecnolog\u00eda puede transformar la educaci\u00f3n en una experiencia divertida, flexible y personalizada. Algunas herramientas muy \u00fatiles son: Google Classroom, que organiza tareas, fechas y archivos como una carpeta escolar virtual. Duolingo, para aprender idiomas como si fuera un juego. Notion o Google Keep, que ayudan a tomar apuntes y planificar. YouTube educativo, con canales que explican temas escolares con claridad. Modelos de IA como GPT educativo, que sirven como apoyo para repasar, aclarar dudas o generar ideas (\u00a1no hacen la tarea, pero ayudan a pensar!). Y adem\u00e1s: apps para crear m\u00fasica, cuentos, historietas, simuladores, juegos mentales\u2026 un mundo entero para explorar. La clave no est\u00e1 en usar todas estas herramientas, sino en saber cu\u00e1les funcionan mejor para cada estilo de aprendizaje. Cuando internet distrae o da\u00f1a Aun con todas sus ventajas, un uso incorrecto de la red puede ser perjudicial. Algunos riesgos frecuentes son: Desinformaci\u00f3n, al compartir datos falsos que perjudican el rendimiento escolar. Distracciones, que cortan el ritmo de estudio y reducen la concentraci\u00f3n. Ciberacoso, que puede herir emocionalmente. Siempre es necesario hablarlo con un adulto. P\u00e9rdida de privacidad, cuando se comparten datos o im\u00e1genes personales con desconocidos. Navegar con cabeza y con coraz\u00f3n Los colegios pueden (y deben) ense\u00f1ar a usar la tecnolog\u00eda con criterio. Pero los chicos tambi\u00e9n pueden ser agentes de cambio: ayudar a sus familias a usar bien las herramientas digitales, compartir lo que aprenden, fomentar buenas pr\u00e1cticas. Internet no es bueno ni malo. Es una herramienta. Como un cuchillo que puede cortar frutas\u2026 o hacer da\u00f1o, todo depende de c\u00f3mo y para qu\u00e9 se usa. Por eso, antes de hacer clic, es \u00fatil hacerse estas preguntas: \u201c\u00bfEsto me aporta algo positivo? \u00bfEstoy creciendo? \u00bfEstoy respetando a los dem\u00e1s?\u201d En un mundo cada vez m\u00e1s conectado, educar no es solo ense\u00f1ar contenidos. Tambi\u00e9n es ense\u00f1ar a elegir, a reflexionar\u2026 y a usar la tecnolog\u00eda para aprender, crear y cuidar. Todos los derechos reservados para el Colegio San Bernardo de Tarija &#8211; Sb Comunica<\/p>\n","protected":false},"author":1,"featured_media":0,"parent":397,"menu_order":0,"comment_status":"closed","ping_status":"closed","template":"elementor_canvas","meta":{"footnotes":""},"class_list":["post-213","page","type-page","status-publish","hentry"],"_links":{"self":[{"href":"https:\/\/cosabe.edu.bo\/apps\/luz-verde\/index.php\/wp-json\/wp\/v2\/pages\/213","targetHints":{"allow":["GET"]}}],"collection":[{"href":"https:\/\/cosabe.edu.bo\/apps\/luz-verde\/index.php\/wp-json\/wp\/v2\/pages"}],"about":[{"href":"https:\/\/cosabe.edu.bo\/apps\/luz-verde\/index.php\/wp-json\/wp\/v2\/types\/page"}],"author":[{"embeddable":true,"href":"https:\/\/cosabe.edu.bo\/apps\/luz-verde\/index.php\/wp-json\/wp\/v2\/users\/1"}],"replies":[{"embeddable":true,"href":"https:\/\/cosabe.edu.bo\/apps\/luz-verde\/index.php\/wp-json\/wp\/v2\/comments?post=213"}],"version-history":[{"count":7,"href":"https:\/\/cosabe.edu.bo\/apps\/luz-verde\/index.php\/wp-json\/wp\/v2\/pages\/213\/revisions"}],"predecessor-version":[{"id":285,"href":"https:\/\/cosabe.edu.bo\/apps\/luz-verde\/index.php\/wp-json\/wp\/v2\/pages\/213\/revisions\/285"}],"up":[{"embeddable":true,"href":"https:\/\/cosabe.edu.bo\/apps\/luz-verde\/index.php\/wp-json\/wp\/v2\/pages\/397"}],"wp:attachment":[{"href":"https:\/\/cosabe.edu.bo\/apps\/luz-verde\/index.php\/wp-json\/wp\/v2\/media?parent=213"}],"curies":[{"name":"wp","href":"https:\/\/api.w.org\/{rel}","templated":true}]}}