{"id":210,"date":"2025-06-23T17:30:50","date_gmt":"2025-06-23T21:30:50","guid":{"rendered":"https:\/\/cosabe.edu.bo\/apps\/luz-verde\/?page_id=210"},"modified":"2025-06-25T17:41:02","modified_gmt":"2025-06-25T21:41:02","slug":"radar_nota3","status":"publish","type":"page","link":"https:\/\/cosabe.edu.bo\/apps\/luz-verde\/index.php\/radar\/radar_nota3\/","title":{"rendered":"Emotivos homenajes a Mam\u00e1 y Pap\u00e1 en el colegio San Bernardo"},"content":{"rendered":"\t\t<div data-elementor-type=\"wp-page\" data-elementor-id=\"210\" class=\"elementor elementor-210\">\n\t\t\t\t<div class=\"elementor-element elementor-element-a2cbc7e e-flex e-con-boxed wpr-particle-no wpr-jarallax-no wpr-parallax-no wpr-sticky-section-no wpr-column-slider-no wpr-equal-height-no e-con e-parent\" data-id=\"a2cbc7e\" data-element_type=\"container\" data-e-type=\"container\">\n\t\t\t\t\t<div class=\"e-con-inner\">\n\t\t\t\t<div class=\"elementor-element elementor-element-1a6e8a3 wpr-main-menu-align-left wpr-main-menu-align--tabletleft wpr-main-menu-align--mobileleft wpr-pointer-underline wpr-pointer-line-fx wpr-pointer-fx-fade wpr-sub-icon-caret-down wpr-sub-menu-fx-fade wpr-nav-menu-bp-mobile wpr-mobile-menu-full-width wpr-mobile-menu-item-align-center wpr-mobile-toggle-v1 wpr-sub-divider-yes wpr-mobile-divider-yes elementor-widget elementor-widget-wpr-nav-menu\" data-id=\"1a6e8a3\" data-element_type=\"widget\" data-e-type=\"widget\" data-settings=\"{&quot;menu_layout&quot;:&quot;horizontal&quot;}\" data-widget_type=\"wpr-nav-menu.default\">\n\t\t\t\t<div class=\"elementor-widget-container\">\n\t\t\t\t\t<nav class=\"wpr-nav-menu-container wpr-nav-menu-horizontal\" data-trigger=\"hover\" data-consider-header=\"\" data-scroll-speed=\"500\"><ul id=\"menu-1-1a6e8a3\" class=\"wpr-nav-menu\"><li class=\"menu-item menu-item-type-post_type menu-item-object-page menu-item-home menu-item-124\"><a href=\"https:\/\/cosabe.edu.bo\/apps\/luz-verde\/\" class=\"wpr-menu-item wpr-pointer-item\">Inicio<\/a><\/li>\n<li class=\"menu-item menu-item-type-post_type menu-item-object-page menu-item-631\"><a href=\"https:\/\/cosabe.edu.bo\/apps\/luz-verde\/index.php\/historia\/\" class=\"wpr-menu-item wpr-pointer-item\">Historia<\/a><\/li>\n<li class=\"menu-item menu-item-type-post_type menu-item-object-page menu-item-632\"><a href=\"https:\/\/cosabe.edu.bo\/apps\/luz-verde\/index.php\/arte\/\" class=\"wpr-menu-item wpr-pointer-item\">D&#8217;arte<\/a><\/li>\n<li class=\"menu-item menu-item-type-post_type menu-item-object-page menu-item-637\"><a href=\"https:\/\/cosabe.edu.bo\/apps\/luz-verde\/index.php\/codigoabiertoindex\/\" class=\"wpr-menu-item wpr-pointer-item\">C\u00f3digo abierto<\/a><\/li>\n<li class=\"menu-item menu-item-type-post_type menu-item-object-page menu-item-633\"><a href=\"https:\/\/cosabe.edu.bo\/apps\/luz-verde\/index.php\/cracks\/\" class=\"wpr-menu-item wpr-pointer-item\">Cracks<\/a><\/li>\n<li class=\"menu-item menu-item-type-post_type menu-item-object-page menu-item-636\"><a href=\"https:\/\/cosabe.edu.bo\/apps\/luz-verde\/index.php\/editorial\/\" class=\"wpr-menu-item wpr-pointer-item\">Editorial<\/a><\/li>\n<li class=\"menu-item menu-item-type-post_type menu-item-object-page menu-item-638\"><a href=\"https:\/\/cosabe.edu.bo\/apps\/luz-verde\/index.php\/luzpedagogica\/\" class=\"wpr-menu-item wpr-pointer-item\">Luz pedag\u00f3gica<\/a><\/li>\n<li class=\"menu-item menu-item-type-post_type menu-item-object-page menu-item-634\"><a href=\"https:\/\/cosabe.edu.bo\/apps\/luz-verde\/index.php\/padresconectados\/\" class=\"wpr-menu-item wpr-pointer-item\">Padres conectados<\/a><\/li>\n<li class=\"menu-item menu-item-type-post_type menu-item-object-page menu-item-635\"><a href=\"https:\/\/cosabe.edu.bo\/apps\/luz-verde\/index.php\/radar\/\" class=\"wpr-menu-item wpr-pointer-item\">Radar<\/a><\/li>\n<\/ul><\/nav><nav class=\"wpr-mobile-nav-menu-container\"><div class=\"wpr-mobile-toggle-wrap\"><div class=\"wpr-mobile-toggle\"><span class=\"wpr-mobile-toggle-line\"><\/span><span class=\"wpr-mobile-toggle-line\"><\/span><span class=\"wpr-mobile-toggle-line\"><\/span><\/div><\/div><ul id=\"mobile-menu-2-1a6e8a3\" class=\"wpr-mobile-nav-menu\"><li class=\"menu-item menu-item-type-post_type menu-item-object-page menu-item-home menu-item-124\"><a href=\"https:\/\/cosabe.edu.bo\/apps\/luz-verde\/\" class=\"wpr-mobile-menu-item\">Inicio<\/a><\/li>\n<li class=\"menu-item menu-item-type-post_type menu-item-object-page menu-item-631\"><a href=\"https:\/\/cosabe.edu.bo\/apps\/luz-verde\/index.php\/historia\/\" class=\"wpr-mobile-menu-item\">Historia<\/a><\/li>\n<li class=\"menu-item menu-item-type-post_type menu-item-object-page menu-item-632\"><a href=\"https:\/\/cosabe.edu.bo\/apps\/luz-verde\/index.php\/arte\/\" class=\"wpr-mobile-menu-item\">D&#8217;arte<\/a><\/li>\n<li class=\"menu-item menu-item-type-post_type menu-item-object-page menu-item-637\"><a href=\"https:\/\/cosabe.edu.bo\/apps\/luz-verde\/index.php\/codigoabiertoindex\/\" class=\"wpr-mobile-menu-item\">C\u00f3digo abierto<\/a><\/li>\n<li class=\"menu-item menu-item-type-post_type menu-item-object-page menu-item-633\"><a href=\"https:\/\/cosabe.edu.bo\/apps\/luz-verde\/index.php\/cracks\/\" class=\"wpr-mobile-menu-item\">Cracks<\/a><\/li>\n<li class=\"menu-item menu-item-type-post_type menu-item-object-page menu-item-636\"><a href=\"https:\/\/cosabe.edu.bo\/apps\/luz-verde\/index.php\/editorial\/\" class=\"wpr-mobile-menu-item\">Editorial<\/a><\/li>\n<li class=\"menu-item menu-item-type-post_type menu-item-object-page menu-item-638\"><a href=\"https:\/\/cosabe.edu.bo\/apps\/luz-verde\/index.php\/luzpedagogica\/\" class=\"wpr-mobile-menu-item\">Luz pedag\u00f3gica<\/a><\/li>\n<li class=\"menu-item menu-item-type-post_type menu-item-object-page menu-item-634\"><a href=\"https:\/\/cosabe.edu.bo\/apps\/luz-verde\/index.php\/padresconectados\/\" class=\"wpr-mobile-menu-item\">Padres conectados<\/a><\/li>\n<li class=\"menu-item menu-item-type-post_type menu-item-object-page menu-item-635\"><a href=\"https:\/\/cosabe.edu.bo\/apps\/luz-verde\/index.php\/radar\/\" class=\"wpr-mobile-menu-item\">Radar<\/a><\/li>\n<\/ul><\/nav>\t\t\t\t<\/div>\n\t\t\t\t<\/div>\n\t\t\t\t\t<\/div>\n\t\t\t\t<\/div>\n\t\t<div class=\"elementor-element elementor-element-iRcJH61 e-flex e-con-boxed wpr-particle-no wpr-jarallax-no wpr-parallax-no wpr-sticky-section-no wpr-column-slider-no wpr-equal-height-no e-con e-parent\" data-id=\"iRcJH61\" data-element_type=\"container\" data-e-type=\"container\">\n\t\t\t\t\t<div class=\"e-con-inner\">\n\t\t<div class=\"elementor-element elementor-element-S4R03ZI e-con-full e-flex wpr-particle-no wpr-jarallax-no wpr-parallax-no wpr-sticky-section-no wpr-column-slider-no wpr-equal-height-no e-con e-child\" data-id=\"S4R03ZI\" data-element_type=\"container\" data-e-type=\"container\">\n\t\t<div class=\"elementor-element elementor-element-bf51c95 e-con-full e-flex wpr-particle-no wpr-jarallax-no wpr-parallax-no wpr-sticky-section-no wpr-column-slider-no wpr-equal-height-no e-con e-child\" data-id=\"bf51c95\" data-element_type=\"container\" data-e-type=\"container\">\n\t\t\t\t<div class=\"elementor-element elementor-element-b84470c elementor-widget elementor-widget-heading\" data-id=\"b84470c\" data-element_type=\"widget\" data-e-type=\"widget\" data-widget_type=\"heading.default\">\n\t\t\t\t<div class=\"elementor-widget-container\">\n\t\t\t\t\t<h2 class=\"elementor-heading-title elementor-size-default\">Emotivos homenajes a Mam\u00e1 y Pap\u00e1 en el colegio San Bernardo<\/h2>\t\t\t\t<\/div>\n\t\t\t\t<\/div>\n\t\t\t\t<div class=\"elementor-element elementor-element-4cc4118 elementor-arrows-position-inside elementor-pagination-position-outside elementor-widget elementor-widget-image-carousel\" data-id=\"4cc4118\" data-element_type=\"widget\" data-e-type=\"widget\" data-settings=\"{&quot;navigation&quot;:&quot;both&quot;,&quot;autoplay&quot;:&quot;yes&quot;,&quot;pause_on_hover&quot;:&quot;yes&quot;,&quot;pause_on_interaction&quot;:&quot;yes&quot;,&quot;autoplay_speed&quot;:5000,&quot;infinite&quot;:&quot;yes&quot;,&quot;speed&quot;:500}\" data-widget_type=\"image-carousel.default\">\n\t\t\t\t<div class=\"elementor-widget-container\">\n\t\t\t\t\t\t\t<div class=\"elementor-image-carousel-wrapper swiper\" role=\"region\" aria-roledescription=\"carousel\" aria-label=\"Image Carousel\" dir=\"ltr\">\n\t\t\t<div class=\"elementor-image-carousel swiper-wrapper\" aria-live=\"off\">\n\t\t\t\t\t\t\t\t<div class=\"swiper-slide\" role=\"group\" aria-roledescription=\"slide\" aria-label=\"1 of 4\"><figure class=\"swiper-slide-inner\"><img decoding=\"async\" class=\"swiper-slide-image\" src=\"https:\/\/cosabe.edu.bo\/apps\/luz-verde\/wp-content\/uploads\/2025\/06\/IMG_0248-300x225.jpg\" alt=\"IMG_0248\" \/><\/figure><\/div><div class=\"swiper-slide\" role=\"group\" aria-roledescription=\"slide\" aria-label=\"2 of 4\"><figure class=\"swiper-slide-inner\"><img decoding=\"async\" class=\"swiper-slide-image\" src=\"https:\/\/cosabe.edu.bo\/apps\/luz-verde\/wp-content\/uploads\/2025\/06\/IMG_2957-300x225.jpg\" alt=\"IMG_2957\" \/><\/figure><\/div><div class=\"swiper-slide\" role=\"group\" aria-roledescription=\"slide\" aria-label=\"3 of 4\"><figure class=\"swiper-slide-inner\"><img decoding=\"async\" class=\"swiper-slide-image\" src=\"https:\/\/cosabe.edu.bo\/apps\/luz-verde\/wp-content\/uploads\/2025\/06\/IMG_2970-300x225.jpg\" alt=\"IMG_2970\" \/><\/figure><\/div><div class=\"swiper-slide\" role=\"group\" aria-roledescription=\"slide\" aria-label=\"4 of 4\"><figure class=\"swiper-slide-inner\"><img decoding=\"async\" class=\"swiper-slide-image\" src=\"https:\/\/cosabe.edu.bo\/apps\/luz-verde\/wp-content\/uploads\/2025\/06\/500255186_1277313867730366_1863111750787484354_n-300x252.jpg\" alt=\"500255186_1277313867730366_1863111750787484354_n\" \/><\/figure><\/div>\t\t\t<\/div>\n\t\t\t\t\t\t\t\t\t\t\t\t<div class=\"elementor-swiper-button elementor-swiper-button-prev\" role=\"button\" tabindex=\"0\">\n\t\t\t\t\t\t<svg aria-hidden=\"true\" class=\"e-font-icon-svg e-eicon-chevron-left\" viewBox=\"0 0 1000 1000\" xmlns=\"http:\/\/www.w3.org\/2000\/svg\"><path d=\"M646 125C629 125 613 133 604 142L308 442C296 454 292 471 292 487 292 504 296 521 308 533L604 854C617 867 629 875 646 875 663 875 679 871 692 858 704 846 713 829 713 812 713 796 708 779 692 767L438 487 692 225C700 217 708 204 708 187 708 171 704 154 692 142 675 129 663 125 646 125Z\"><\/path><\/svg>\t\t\t\t\t<\/div>\n\t\t\t\t\t<div class=\"elementor-swiper-button elementor-swiper-button-next\" role=\"button\" tabindex=\"0\">\n\t\t\t\t\t\t<svg aria-hidden=\"true\" class=\"e-font-icon-svg e-eicon-chevron-right\" viewBox=\"0 0 1000 1000\" xmlns=\"http:\/\/www.w3.org\/2000\/svg\"><path d=\"M696 533C708 521 713 504 713 487 713 471 708 454 696 446L400 146C388 133 375 125 354 125 338 125 325 129 313 142 300 154 292 171 292 187 292 204 296 221 308 233L563 492 304 771C292 783 288 800 288 817 288 833 296 850 308 863 321 871 338 875 354 875 371 875 388 867 400 854L696 533Z\"><\/path><\/svg>\t\t\t\t\t<\/div>\n\t\t\t\t\n\t\t\t\t\t\t\t\t\t<div class=\"swiper-pagination\"><\/div>\n\t\t\t\t\t\t\t\t\t<\/div>\n\t\t\t\t\t\t<\/div>\n\t\t\t\t<\/div>\n\t\t<div class=\"elementor-element elementor-element-cb63092 e-con-full e-flex wpr-particle-no wpr-jarallax-no wpr-parallax-no wpr-sticky-section-no wpr-column-slider-no wpr-equal-height-no e-con e-child\" data-id=\"cb63092\" data-element_type=\"container\" data-e-type=\"container\">\n\t\t<div class=\"elementor-element elementor-element-e81a8ed e-con-full e-flex wpr-particle-no wpr-jarallax-no wpr-parallax-no wpr-sticky-section-no wpr-column-slider-no wpr-equal-height-no e-con e-child\" data-id=\"e81a8ed\" data-element_type=\"container\" data-e-type=\"container\">\n\t\t\t\t<div class=\"elementor-element elementor-element-129d80a elementor-widget elementor-widget-text-editor\" data-id=\"129d80a\" data-element_type=\"widget\" data-e-type=\"widget\" data-widget_type=\"text-editor.default\">\n\t\t\t\t<div class=\"elementor-widget-container\">\n\t\t\t\t\t\t\t\t\t<p><em>Estudiantes brillan con talento y amor en dos noches inolvidables de celebraci\u00f3n familiar<\/em><\/p><p>El colegio San Bernardo vivi\u00f3 dos veladas llenas de emoci\u00f3n, arte y cari\u00f1o en homenaje a las madres y padres de familia, conmemorando fechas tan especiales como el <strong>D\u00eda del Padre<\/strong>, celebrado en marzo, y el <strong>D\u00eda de la Madre<\/strong>, en mayo. Ambos festivales se llevaron a cabo en las noches previas a sus respectivas fechas, teniendo como escenario el Complejo Educativo San Bernardo.<\/p><p>Cada uno de los cursos, desde el nivel Inicial hasta Secundaria, particip\u00f3 con entusiasmo y dedicaci\u00f3n en la preparaci\u00f3n de <strong>danzas tradicionales, interpretaciones musicales, poemas y n\u00fameros art\u00edsticos<\/strong> que reflejaron no s\u00f3lo su talento, sino tambi\u00e9n el profundo amor y gratitud hacia sus padres.<\/p><p>Los asistentes disfrutaron adem\u00e1s de <strong>sorteos, obsequios y momentos de integraci\u00f3n familiar<\/strong>, que hicieron de ambas celebraciones noches inolvidables. La comunidad educativa, en su conjunto, se uni\u00f3 para rendir homenaje a los pilares fundamentales de cada hogar: mam\u00e1 y pap\u00e1.<\/p><p>\u201cEstas actividades, organizadas con esmero por docentes y estudiantes, forman parte de la propuesta educativa integral del colegio, que busca fortalecer los lazos familiares, fomentar valores y desarrollar habilidades art\u00edsticas en los estudiantes\u201d, indic\u00f3 la directora general de San Bernardo, Danitza Monta\u00f1o.<\/p><p>Agreg\u00f3 que el colegio San Bernardo agradece profundamente a todas las familias por su presencia y apoyo constante, y reafirma su compromiso con una educaci\u00f3n centrada en el amor, el respeto y la celebraci\u00f3n de la vida en comunidad.<\/p><p><em>Estudiantes brillan con talento y amor en dos noches inolvidables de celebraci\u00f3n familiar<\/em><\/p><p>El colegio San Bernardo vivi\u00f3 dos veladas llenas de emoci\u00f3n, arte y cari\u00f1o en homenaje a las madres y padres de familia, conmemorando fechas tan especiales como el <strong>D\u00eda del Padre<\/strong>, celebrado en marzo, y el <strong>D\u00eda de la Madre<\/strong>, en mayo. Ambos festivales se llevaron a cabo en las noches previas a sus respectivas fechas, teniendo como escenario el Complejo Educativo San Bernardo.<\/p><p>Cada uno de los cursos, desde el nivel Inicial hasta Secundaria, particip\u00f3 con entusiasmo y dedicaci\u00f3n en la preparaci\u00f3n de <strong>danzas tradicionales, interpretaciones musicales, poemas y n\u00fameros art\u00edsticos<\/strong> que reflejaron no s\u00f3lo su talento, sino tambi\u00e9n el profundo amor y gratitud hacia sus padres.<\/p><p>Los asistentes disfrutaron adem\u00e1s de <strong>sorteos, obsequios y momentos de integraci\u00f3n familiar<\/strong>, que hicieron de ambas celebraciones noches inolvidables. La comunidad educativa, en su conjunto, se uni\u00f3 para rendir homenaje a los pilares fundamentales de cada hogar: mam\u00e1 y pap\u00e1.<\/p><p>\u201cEstas actividades, organizadas con esmero por docentes y estudiantes, forman parte de la propuesta educativa integral del colegio, que busca fortalecer los lazos familiares, fomentar valores y desarrollar habilidades art\u00edsticas en los estudiantes\u201d, indic\u00f3 la directora general de San Bernardo, Danitza Monta\u00f1o.<\/p><p>Agreg\u00f3 que el colegio San Bernardo agradece profundamente a todas las familias por su presencia y apoyo constante, y reafirma su compromiso con una educaci\u00f3n centrada en el amor, el respeto y la celebraci\u00f3n de la vida en comunidad.<\/p>\t\t\t\t\t\t\t\t<\/div>\n\t\t\t\t<\/div>\n\t\t\t\t<\/div>\n\t\t\t\t<\/div>\n\t\t\t\t<\/div>\n\t\t\t\t<\/div>\n\t\t\t\t\t<\/div>\n\t\t\t\t<\/div>\n\t\t<div class=\"elementor-element elementor-element-5cc5f82 e-flex e-con-boxed wpr-particle-no wpr-jarallax-no wpr-parallax-no wpr-sticky-section-no wpr-column-slider-no wpr-equal-height-no e-con e-parent\" data-id=\"5cc5f82\" data-element_type=\"container\" data-e-type=\"container\">\n\t\t\t\t\t<div class=\"e-con-inner\">\n\t\t\t\t<div class=\"elementor-element elementor-element-5108662 elementor-widget elementor-widget-text-editor\" data-id=\"5108662\" data-element_type=\"widget\" data-e-type=\"widget\" data-widget_type=\"text-editor.default\">\n\t\t\t\t<div class=\"elementor-widget-container\">\n\t\t\t\t\t\t\t\t\t<p>Todos los derechos reservados para el Colegio San Bernardo de Tarija &#8211; Sb Comunica<\/p>\t\t\t\t\t\t\t\t<\/div>\n\t\t\t\t<\/div>\n\t\t\t\t\t<\/div>\n\t\t\t\t<\/div>\n\t\t\t\t<\/div>\n\t\t","protected":false},"excerpt":{"rendered":"<p>Inicio Noticias Galeria Inicio Noticias Galeria Emotivos homenajes a Mam\u00e1 y Pap\u00e1 en el colegio San Bernardo Estudiantes brillan con talento y amor en dos noches inolvidables de celebraci\u00f3n familiar El colegio San Bernardo vivi\u00f3 dos veladas llenas de emoci\u00f3n, arte y cari\u00f1o en homenaje a las madres y padres de familia, conmemorando fechas tan especiales como el D\u00eda del Padre, celebrado en marzo, y el D\u00eda de la Madre, en mayo. Ambos festivales se llevaron a cabo en las noches previas a sus respectivas fechas, teniendo como escenario el Complejo Educativo San Bernardo. Cada uno de los cursos, desde el nivel Inicial hasta Secundaria, particip\u00f3 con entusiasmo y dedicaci\u00f3n en la preparaci\u00f3n de danzas tradicionales, interpretaciones musicales, poemas y n\u00fameros art\u00edsticos que reflejaron no s\u00f3lo su talento, sino tambi\u00e9n el profundo amor y gratitud hacia sus padres. Los asistentes disfrutaron adem\u00e1s de sorteos, obsequios y momentos de integraci\u00f3n familiar, que hicieron de ambas celebraciones noches inolvidables. La comunidad educativa, en su conjunto, se uni\u00f3 para rendir homenaje a los pilares fundamentales de cada hogar: mam\u00e1 y pap\u00e1. \u201cEstas actividades, organizadas con esmero por docentes y estudiantes, forman parte de la propuesta educativa integral del colegio, que busca fortalecer los lazos familiares, fomentar valores y desarrollar habilidades art\u00edsticas en los estudiantes\u201d, indic\u00f3 la directora general de San Bernardo, Danitza Monta\u00f1o. Agreg\u00f3 que el colegio San Bernardo agradece profundamente a todas las familias por su presencia y apoyo constante, y reafirma su compromiso con una educaci\u00f3n centrada en el amor, el respeto y la celebraci\u00f3n de la vida en comunidad. Estudiantes brillan con talento y amor en dos noches inolvidables de celebraci\u00f3n familiar El colegio San Bernardo vivi\u00f3 dos veladas llenas de emoci\u00f3n, arte y cari\u00f1o en homenaje a las madres y padres de familia, conmemorando fechas tan especiales como el D\u00eda del Padre, celebrado en marzo, y el D\u00eda de la Madre, en mayo. Ambos festivales se llevaron a cabo en las noches previas a sus respectivas fechas, teniendo como escenario el Complejo Educativo San Bernardo. Cada uno de los cursos, desde el nivel Inicial hasta Secundaria, particip\u00f3 con entusiasmo y dedicaci\u00f3n en la preparaci\u00f3n de danzas tradicionales, interpretaciones musicales, poemas y n\u00fameros art\u00edsticos que reflejaron no s\u00f3lo su talento, sino tambi\u00e9n el profundo amor y gratitud hacia sus padres. Los asistentes disfrutaron adem\u00e1s de sorteos, obsequios y momentos de integraci\u00f3n familiar, que hicieron de ambas celebraciones noches inolvidables. La comunidad educativa, en su conjunto, se uni\u00f3 para rendir homenaje a los pilares fundamentales de cada hogar: mam\u00e1 y pap\u00e1. \u201cEstas actividades, organizadas con esmero por docentes y estudiantes, forman parte de la propuesta educativa integral del colegio, que busca fortalecer los lazos familiares, fomentar valores y desarrollar habilidades art\u00edsticas en los estudiantes\u201d, indic\u00f3 la directora general de San Bernardo, Danitza Monta\u00f1o. Agreg\u00f3 que el colegio San Bernardo agradece profundamente a todas las familias por su presencia y apoyo constante, y reafirma su compromiso con una educaci\u00f3n centrada en el amor, el respeto y la celebraci\u00f3n de la vida en comunidad. Todos los derechos reservados para el Colegio San Bernardo de Tarija &#8211; Sb Comunica<\/p>\n","protected":false},"author":1,"featured_media":0,"parent":532,"menu_order":0,"comment_status":"closed","ping_status":"closed","template":"elementor_canvas","meta":{"footnotes":""},"class_list":["post-210","page","type-page","status-publish","hentry"],"_links":{"self":[{"href":"https:\/\/cosabe.edu.bo\/apps\/luz-verde\/index.php\/wp-json\/wp\/v2\/pages\/210","targetHints":{"allow":["GET"]}}],"collection":[{"href":"https:\/\/cosabe.edu.bo\/apps\/luz-verde\/index.php\/wp-json\/wp\/v2\/pages"}],"about":[{"href":"https:\/\/cosabe.edu.bo\/apps\/luz-verde\/index.php\/wp-json\/wp\/v2\/types\/page"}],"author":[{"embeddable":true,"href":"https:\/\/cosabe.edu.bo\/apps\/luz-verde\/index.php\/wp-json\/wp\/v2\/users\/1"}],"replies":[{"embeddable":true,"href":"https:\/\/cosabe.edu.bo\/apps\/luz-verde\/index.php\/wp-json\/wp\/v2\/comments?post=210"}],"version-history":[{"count":4,"href":"https:\/\/cosabe.edu.bo\/apps\/luz-verde\/index.php\/wp-json\/wp\/v2\/pages\/210\/revisions"}],"predecessor-version":[{"id":261,"href":"https:\/\/cosabe.edu.bo\/apps\/luz-verde\/index.php\/wp-json\/wp\/v2\/pages\/210\/revisions\/261"}],"up":[{"embeddable":true,"href":"https:\/\/cosabe.edu.bo\/apps\/luz-verde\/index.php\/wp-json\/wp\/v2\/pages\/532"}],"wp:attachment":[{"href":"https:\/\/cosabe.edu.bo\/apps\/luz-verde\/index.php\/wp-json\/wp\/v2\/media?parent=210"}],"curies":[{"name":"wp","href":"https:\/\/api.w.org\/{rel}","templated":true}]}}