{"id":207,"date":"2025-06-23T17:10:03","date_gmt":"2025-06-23T21:10:03","guid":{"rendered":"https:\/\/cosabe.edu.bo\/apps\/luz-verde\/?page_id=207"},"modified":"2025-06-25T17:08:47","modified_gmt":"2025-06-25T21:08:47","slug":"radar_nota1","status":"publish","type":"page","link":"https:\/\/cosabe.edu.bo\/apps\/luz-verde\/index.php\/radar\/radar_nota1\/","title":{"rendered":"Bienvenida de ensue\u00f1o: la Promo 2025 llen\u00f3 de magia el inicio de clases en Primaria"},"content":{"rendered":"\t\t<div data-elementor-type=\"wp-page\" data-elementor-id=\"207\" class=\"elementor elementor-207\">\n\t\t\t\t<div class=\"elementor-element elementor-element-a2cbc7e e-flex e-con-boxed wpr-particle-no wpr-jarallax-no wpr-parallax-no wpr-sticky-section-no wpr-column-slider-no wpr-equal-height-no e-con e-parent\" data-id=\"a2cbc7e\" data-element_type=\"container\" data-e-type=\"container\">\n\t\t\t\t\t<div class=\"e-con-inner\">\n\t\t\t\t<div class=\"elementor-element elementor-element-1a6e8a3 wpr-main-menu-align-left wpr-main-menu-align--tabletleft wpr-main-menu-align--mobileleft wpr-pointer-underline wpr-pointer-line-fx wpr-pointer-fx-fade wpr-sub-icon-caret-down wpr-sub-menu-fx-fade wpr-nav-menu-bp-mobile wpr-mobile-menu-full-width wpr-mobile-menu-item-align-center wpr-mobile-toggle-v1 wpr-sub-divider-yes wpr-mobile-divider-yes elementor-widget elementor-widget-wpr-nav-menu\" data-id=\"1a6e8a3\" data-element_type=\"widget\" data-e-type=\"widget\" data-settings=\"{&quot;menu_layout&quot;:&quot;horizontal&quot;}\" data-widget_type=\"wpr-nav-menu.default\">\n\t\t\t\t<div class=\"elementor-widget-container\">\n\t\t\t\t\t<nav class=\"wpr-nav-menu-container wpr-nav-menu-horizontal\" data-trigger=\"hover\" data-consider-header=\"\" data-scroll-speed=\"500\"><ul id=\"menu-1-1a6e8a3\" class=\"wpr-nav-menu\"><li class=\"menu-item menu-item-type-post_type menu-item-object-page menu-item-home menu-item-124\"><a href=\"https:\/\/cosabe.edu.bo\/apps\/luz-verde\/\" class=\"wpr-menu-item wpr-pointer-item\">Inicio<\/a><\/li>\n<li class=\"menu-item menu-item-type-post_type menu-item-object-page menu-item-631\"><a href=\"https:\/\/cosabe.edu.bo\/apps\/luz-verde\/index.php\/historia\/\" class=\"wpr-menu-item wpr-pointer-item\">Historia<\/a><\/li>\n<li class=\"menu-item menu-item-type-post_type menu-item-object-page menu-item-632\"><a href=\"https:\/\/cosabe.edu.bo\/apps\/luz-verde\/index.php\/arte\/\" class=\"wpr-menu-item wpr-pointer-item\">D&#8217;arte<\/a><\/li>\n<li class=\"menu-item menu-item-type-post_type menu-item-object-page menu-item-637\"><a href=\"https:\/\/cosabe.edu.bo\/apps\/luz-verde\/index.php\/codigoabiertoindex\/\" class=\"wpr-menu-item wpr-pointer-item\">C\u00f3digo abierto<\/a><\/li>\n<li class=\"menu-item menu-item-type-post_type menu-item-object-page menu-item-633\"><a href=\"https:\/\/cosabe.edu.bo\/apps\/luz-verde\/index.php\/cracks\/\" class=\"wpr-menu-item wpr-pointer-item\">Cracks<\/a><\/li>\n<li class=\"menu-item menu-item-type-post_type menu-item-object-page menu-item-636\"><a href=\"https:\/\/cosabe.edu.bo\/apps\/luz-verde\/index.php\/editorial\/\" class=\"wpr-menu-item wpr-pointer-item\">Editorial<\/a><\/li>\n<li class=\"menu-item menu-item-type-post_type menu-item-object-page menu-item-638\"><a href=\"https:\/\/cosabe.edu.bo\/apps\/luz-verde\/index.php\/luzpedagogica\/\" class=\"wpr-menu-item wpr-pointer-item\">Luz pedag\u00f3gica<\/a><\/li>\n<li class=\"menu-item menu-item-type-post_type menu-item-object-page menu-item-634\"><a href=\"https:\/\/cosabe.edu.bo\/apps\/luz-verde\/index.php\/padresconectados\/\" class=\"wpr-menu-item wpr-pointer-item\">Padres conectados<\/a><\/li>\n<li class=\"menu-item menu-item-type-post_type menu-item-object-page menu-item-635\"><a href=\"https:\/\/cosabe.edu.bo\/apps\/luz-verde\/index.php\/radar\/\" class=\"wpr-menu-item wpr-pointer-item\">Radar<\/a><\/li>\n<\/ul><\/nav><nav class=\"wpr-mobile-nav-menu-container\"><div class=\"wpr-mobile-toggle-wrap\"><div class=\"wpr-mobile-toggle\"><span class=\"wpr-mobile-toggle-line\"><\/span><span class=\"wpr-mobile-toggle-line\"><\/span><span class=\"wpr-mobile-toggle-line\"><\/span><\/div><\/div><ul id=\"mobile-menu-2-1a6e8a3\" class=\"wpr-mobile-nav-menu\"><li class=\"menu-item menu-item-type-post_type menu-item-object-page menu-item-home menu-item-124\"><a href=\"https:\/\/cosabe.edu.bo\/apps\/luz-verde\/\" class=\"wpr-mobile-menu-item\">Inicio<\/a><\/li>\n<li class=\"menu-item menu-item-type-post_type menu-item-object-page menu-item-631\"><a href=\"https:\/\/cosabe.edu.bo\/apps\/luz-verde\/index.php\/historia\/\" class=\"wpr-mobile-menu-item\">Historia<\/a><\/li>\n<li class=\"menu-item menu-item-type-post_type menu-item-object-page menu-item-632\"><a href=\"https:\/\/cosabe.edu.bo\/apps\/luz-verde\/index.php\/arte\/\" class=\"wpr-mobile-menu-item\">D&#8217;arte<\/a><\/li>\n<li class=\"menu-item menu-item-type-post_type menu-item-object-page menu-item-637\"><a href=\"https:\/\/cosabe.edu.bo\/apps\/luz-verde\/index.php\/codigoabiertoindex\/\" class=\"wpr-mobile-menu-item\">C\u00f3digo abierto<\/a><\/li>\n<li class=\"menu-item menu-item-type-post_type menu-item-object-page menu-item-633\"><a href=\"https:\/\/cosabe.edu.bo\/apps\/luz-verde\/index.php\/cracks\/\" class=\"wpr-mobile-menu-item\">Cracks<\/a><\/li>\n<li class=\"menu-item menu-item-type-post_type menu-item-object-page menu-item-636\"><a href=\"https:\/\/cosabe.edu.bo\/apps\/luz-verde\/index.php\/editorial\/\" class=\"wpr-mobile-menu-item\">Editorial<\/a><\/li>\n<li class=\"menu-item menu-item-type-post_type menu-item-object-page menu-item-638\"><a href=\"https:\/\/cosabe.edu.bo\/apps\/luz-verde\/index.php\/luzpedagogica\/\" class=\"wpr-mobile-menu-item\">Luz pedag\u00f3gica<\/a><\/li>\n<li class=\"menu-item menu-item-type-post_type menu-item-object-page menu-item-634\"><a href=\"https:\/\/cosabe.edu.bo\/apps\/luz-verde\/index.php\/padresconectados\/\" class=\"wpr-mobile-menu-item\">Padres conectados<\/a><\/li>\n<li class=\"menu-item menu-item-type-post_type menu-item-object-page menu-item-635\"><a href=\"https:\/\/cosabe.edu.bo\/apps\/luz-verde\/index.php\/radar\/\" class=\"wpr-mobile-menu-item\">Radar<\/a><\/li>\n<\/ul><\/nav>\t\t\t\t<\/div>\n\t\t\t\t<\/div>\n\t\t\t\t\t<\/div>\n\t\t\t\t<\/div>\n\t\t<div class=\"elementor-element elementor-element-iRcJH61 e-flex e-con-boxed wpr-particle-no wpr-jarallax-no wpr-parallax-no wpr-sticky-section-no wpr-column-slider-no wpr-equal-height-no e-con e-parent\" data-id=\"iRcJH61\" data-element_type=\"container\" data-e-type=\"container\">\n\t\t\t\t\t<div class=\"e-con-inner\">\n\t\t<div class=\"elementor-element elementor-element-S4R03ZI e-con-full e-flex wpr-particle-no wpr-jarallax-no wpr-parallax-no wpr-sticky-section-no wpr-column-slider-no wpr-equal-height-no e-con e-child\" data-id=\"S4R03ZI\" data-element_type=\"container\" data-e-type=\"container\">\n\t\t<div class=\"elementor-element elementor-element-bf51c95 e-con-full e-flex wpr-particle-no wpr-jarallax-no wpr-parallax-no wpr-sticky-section-no wpr-column-slider-no wpr-equal-height-no e-con e-child\" data-id=\"bf51c95\" data-element_type=\"container\" data-e-type=\"container\">\n\t\t\t\t<div class=\"elementor-element elementor-element-b84470c elementor-widget elementor-widget-heading\" data-id=\"b84470c\" data-element_type=\"widget\" data-e-type=\"widget\" data-widget_type=\"heading.default\">\n\t\t\t\t<div class=\"elementor-widget-container\">\n\t\t\t\t\t<h2 class=\"elementor-heading-title elementor-size-default\">Bienvenida de ensue\u00f1o: la Promo 2025 llen\u00f3 de magia el inicio de clases en Primaria<\/h2>\t\t\t\t<\/div>\n\t\t\t\t<\/div>\n\t\t\t\t<div class=\"elementor-element elementor-element-bacf7db elementor-widget elementor-widget-image-gallery\" data-id=\"bacf7db\" data-element_type=\"widget\" data-e-type=\"widget\" data-widget_type=\"image-gallery.default\">\n\t\t\t\t<div class=\"elementor-widget-container\">\n\t\t\t\t\t\t\t<div class=\"elementor-image-gallery\">\n\t\t\t<div id='gallery-1' class='gallery galleryid-207 gallery-columns-4 gallery-size-medium'><figure class='gallery-item'>\n\t\t\t<div class='gallery-icon landscape'>\n\t\t\t\t<a data-elementor-open-lightbox=\"yes\" data-elementor-lightbox-slideshow=\"bacf7db\" data-elementor-lightbox-title=\"IMG_2061\" data-e-action-hash=\"#elementor-action%3Aaction%3Dlightbox%26settings%3DeyJpZCI6MjMxLCJ1cmwiOiJodHRwczpcL1wvY29zYWJlLmVkdS5ib1wvYXBwc1wvbHV6LXZlcmRlXC93cC1jb250ZW50XC91cGxvYWRzXC8yMDI1XC8wNlwvSU1HXzIwNjEtc2NhbGVkLmpwZyIsInNsaWRlc2hvdyI6ImJhY2Y3ZGIifQ%3D%3D\" href='https:\/\/cosabe.edu.bo\/apps\/luz-verde\/wp-content\/uploads\/2025\/06\/IMG_2061-scaled.jpg'><img fetchpriority=\"high\" decoding=\"async\" width=\"300\" height=\"225\" src=\"https:\/\/cosabe.edu.bo\/apps\/luz-verde\/wp-content\/uploads\/2025\/06\/IMG_2061-300x225.jpg\" class=\"attachment-medium size-medium\" alt=\"\" srcset=\"https:\/\/cosabe.edu.bo\/apps\/luz-verde\/wp-content\/uploads\/2025\/06\/IMG_2061-300x225.jpg 300w, https:\/\/cosabe.edu.bo\/apps\/luz-verde\/wp-content\/uploads\/2025\/06\/IMG_2061-1024x768.jpg 1024w, https:\/\/cosabe.edu.bo\/apps\/luz-verde\/wp-content\/uploads\/2025\/06\/IMG_2061-768x576.jpg 768w, https:\/\/cosabe.edu.bo\/apps\/luz-verde\/wp-content\/uploads\/2025\/06\/IMG_2061-1536x1152.jpg 1536w, https:\/\/cosabe.edu.bo\/apps\/luz-verde\/wp-content\/uploads\/2025\/06\/IMG_2061-2048x1536.jpg 2048w\" sizes=\"(max-width: 300px) 100vw, 300px\" \/><\/a>\n\t\t\t<\/div><\/figure><figure class='gallery-item'>\n\t\t\t<div class='gallery-icon landscape'>\n\t\t\t\t<a data-elementor-open-lightbox=\"yes\" data-elementor-lightbox-slideshow=\"bacf7db\" data-elementor-lightbox-title=\"3\" data-e-action-hash=\"#elementor-action%3Aaction%3Dlightbox%26settings%3DeyJpZCI6MjMyLCJ1cmwiOiJodHRwczpcL1wvY29zYWJlLmVkdS5ib1wvYXBwc1wvbHV6LXZlcmRlXC93cC1jb250ZW50XC91cGxvYWRzXC8yMDI1XC8wNlwvMy5qcGciLCJzbGlkZXNob3ciOiJiYWNmN2RiIn0%3D\" href='https:\/\/cosabe.edu.bo\/apps\/luz-verde\/wp-content\/uploads\/2025\/06\/3.jpg'><img decoding=\"async\" width=\"300\" height=\"300\" src=\"https:\/\/cosabe.edu.bo\/apps\/luz-verde\/wp-content\/uploads\/2025\/06\/3-300x300.jpg\" class=\"attachment-medium size-medium\" alt=\"\" srcset=\"https:\/\/cosabe.edu.bo\/apps\/luz-verde\/wp-content\/uploads\/2025\/06\/3-300x300.jpg 300w, https:\/\/cosabe.edu.bo\/apps\/luz-verde\/wp-content\/uploads\/2025\/06\/3-1024x1024.jpg 1024w, https:\/\/cosabe.edu.bo\/apps\/luz-verde\/wp-content\/uploads\/2025\/06\/3-150x150.jpg 150w, https:\/\/cosabe.edu.bo\/apps\/luz-verde\/wp-content\/uploads\/2025\/06\/3-768x768.jpg 768w, https:\/\/cosabe.edu.bo\/apps\/luz-verde\/wp-content\/uploads\/2025\/06\/3.jpg 1080w\" sizes=\"(max-width: 300px) 100vw, 300px\" \/><\/a>\n\t\t\t<\/div><\/figure><figure class='gallery-item'>\n\t\t\t<div class='gallery-icon landscape'>\n\t\t\t\t<a data-elementor-open-lightbox=\"yes\" data-elementor-lightbox-slideshow=\"bacf7db\" data-elementor-lightbox-title=\"494880017_1254567140005039_3848895944546957346_n\" data-e-action-hash=\"#elementor-action%3Aaction%3Dlightbox%26settings%3DeyJpZCI6MjMzLCJ1cmwiOiJodHRwczpcL1wvY29zYWJlLmVkdS5ib1wvYXBwc1wvbHV6LXZlcmRlXC93cC1jb250ZW50XC91cGxvYWRzXC8yMDI1XC8wNlwvNDk0ODgwMDE3XzEyNTQ1NjcxNDAwMDUwMzlfMzg0ODg5NTk0NDU0Njk1NzM0Nl9uLmpwZyIsInNsaWRlc2hvdyI6ImJhY2Y3ZGIifQ%3D%3D\" href='https:\/\/cosabe.edu.bo\/apps\/luz-verde\/wp-content\/uploads\/2025\/06\/494880017_1254567140005039_3848895944546957346_n.jpg'><img decoding=\"async\" width=\"300\" height=\"300\" src=\"https:\/\/cosabe.edu.bo\/apps\/luz-verde\/wp-content\/uploads\/2025\/06\/494880017_1254567140005039_3848895944546957346_n-300x300.jpg\" class=\"attachment-medium size-medium\" alt=\"\" srcset=\"https:\/\/cosabe.edu.bo\/apps\/luz-verde\/wp-content\/uploads\/2025\/06\/494880017_1254567140005039_3848895944546957346_n-300x300.jpg 300w, https:\/\/cosabe.edu.bo\/apps\/luz-verde\/wp-content\/uploads\/2025\/06\/494880017_1254567140005039_3848895944546957346_n-1024x1024.jpg 1024w, https:\/\/cosabe.edu.bo\/apps\/luz-verde\/wp-content\/uploads\/2025\/06\/494880017_1254567140005039_3848895944546957346_n-150x150.jpg 150w, https:\/\/cosabe.edu.bo\/apps\/luz-verde\/wp-content\/uploads\/2025\/06\/494880017_1254567140005039_3848895944546957346_n-768x768.jpg 768w, https:\/\/cosabe.edu.bo\/apps\/luz-verde\/wp-content\/uploads\/2025\/06\/494880017_1254567140005039_3848895944546957346_n.jpg 1080w\" sizes=\"(max-width: 300px) 100vw, 300px\" \/><\/a>\n\t\t\t<\/div><\/figure><figure class='gallery-item'>\n\t\t\t<div class='gallery-icon portrait'>\n\t\t\t\t<a data-elementor-open-lightbox=\"yes\" data-elementor-lightbox-slideshow=\"bacf7db\" data-elementor-lightbox-title=\"IMG_2004\" data-e-action-hash=\"#elementor-action%3Aaction%3Dlightbox%26settings%3DeyJpZCI6MjM0LCJ1cmwiOiJodHRwczpcL1wvY29zYWJlLmVkdS5ib1wvYXBwc1wvbHV6LXZlcmRlXC93cC1jb250ZW50XC91cGxvYWRzXC8yMDI1XC8wNlwvSU1HXzIwMDQtc2NhbGVkLmpwZyIsInNsaWRlc2hvdyI6ImJhY2Y3ZGIifQ%3D%3D\" href='https:\/\/cosabe.edu.bo\/apps\/luz-verde\/wp-content\/uploads\/2025\/06\/IMG_2004-scaled.jpg'><img loading=\"lazy\" decoding=\"async\" width=\"225\" height=\"300\" src=\"https:\/\/cosabe.edu.bo\/apps\/luz-verde\/wp-content\/uploads\/2025\/06\/IMG_2004-225x300.jpg\" class=\"attachment-medium size-medium\" alt=\"\" srcset=\"https:\/\/cosabe.edu.bo\/apps\/luz-verde\/wp-content\/uploads\/2025\/06\/IMG_2004-225x300.jpg 225w, https:\/\/cosabe.edu.bo\/apps\/luz-verde\/wp-content\/uploads\/2025\/06\/IMG_2004-768x1024.jpg 768w, https:\/\/cosabe.edu.bo\/apps\/luz-verde\/wp-content\/uploads\/2025\/06\/IMG_2004-1152x1536.jpg 1152w, https:\/\/cosabe.edu.bo\/apps\/luz-verde\/wp-content\/uploads\/2025\/06\/IMG_2004-1536x2048.jpg 1536w, https:\/\/cosabe.edu.bo\/apps\/luz-verde\/wp-content\/uploads\/2025\/06\/IMG_2004-scaled.jpg 1920w\" sizes=\"(max-width: 225px) 100vw, 225px\" \/><\/a>\n\t\t\t<\/div><\/figure>\n\t\t<\/div>\n\t\t<\/div>\n\t\t\t\t\t\t<\/div>\n\t\t\t\t<\/div>\n\t\t\t\t<div class=\"elementor-element elementor-element-4139eff elementor-widget elementor-widget-image\" data-id=\"4139eff\" data-element_type=\"widget\" data-e-type=\"widget\" data-widget_type=\"image.default\">\n\t\t\t\t<div class=\"elementor-widget-container\">\n\t\t\t\t\t\t\t\t\t\t\t\t\t\t\t<img decoding=\"async\" src=\"https:\/\/cosabe.edu.bo\/apps\/luz-verde\/wp-content\/uploads\/2025\/06\/screenlab.png\" title=\"\" alt=\"\" loading=\"lazy\" \/>\t\t\t\t\t\t\t\t\t\t\t\t\t\t\t<\/div>\n\t\t\t\t<\/div>\n\t\t<div class=\"elementor-element elementor-element-cb63092 e-con-full e-flex wpr-particle-no wpr-jarallax-no wpr-parallax-no wpr-sticky-section-no wpr-column-slider-no wpr-equal-height-no e-con e-child\" data-id=\"cb63092\" data-element_type=\"container\" data-e-type=\"container\">\n\t\t\t\t<div class=\"elementor-element elementor-element-213c71b elementor-widget elementor-widget-text-editor\" data-id=\"213c71b\" data-element_type=\"widget\" data-e-type=\"widget\" data-widget_type=\"text-editor.default\">\n\t\t\t\t<div class=\"elementor-widget-container\">\n\t\t\t\t\t\t\t\t\t<p><strong><em>SBcomunica <\/em><\/strong><\/p><p>El 21 de febrero, el complejo San Bernardo se transform\u00f3 en un mundo de fantas\u00eda y alegr\u00eda para dar la bienvenida a los m\u00e1s peque\u00f1os del nivel Primario. La Promo 2025 organiz\u00f3 una emotiva jornada, en la que los estudiantes de \u00faltimo curso se disfrazaron de entra\u00f1ables personajes infantiles como Mario Bros, Winnie Pooh, Caperucita Roja, capibaras y muchos m\u00e1s, sorprendiendo a los ni\u00f1os con su entusiasmo y ternura.<\/p><p>La actividad, cargada de juegos, m\u00fasica y sonrisas, incluy\u00f3 tambi\u00e9n una deliciosa sorpresa: los agasajados disfrutaron de donas, dulces y gelatinas, en medio de una ma\u00f1ana colorida e inolvidable. Esta iniciativa reflej\u00f3 el profundo esp\u00edritu de familia que caracteriza al colegio San Bernardo, donde cada encuentro entre generaciones escolares se vive con afecto, compromiso y alegr\u00eda.<\/p><p>Una vez m\u00e1s, los estudiantes de la Promoci\u00f3n demostraron que ser grandes tambi\u00e9n significa tener un gran coraz\u00f3n. &#8220;Fue hermoso ver a los ni\u00f1os tan felices. Nos disfrazamos con mucho cari\u00f1o porque sabemos que estos momentos se quedan en la memoria. En San Bernardo, somos una familia y eso se siente desde el primer d\u00eda\u201d, indic\u00f3 el estudiante de la Promo Mateo Beltr\u00e1n. <\/p>\t\t\t\t\t\t\t\t<\/div>\n\t\t\t\t<\/div>\n\t\t\t\t<div class=\"elementor-element elementor-element-baf19dc elementor-widget elementor-widget-image-gallery\" data-id=\"baf19dc\" data-element_type=\"widget\" data-e-type=\"widget\" data-widget_type=\"image-gallery.default\">\n\t\t\t\t<div class=\"elementor-widget-container\">\n\t\t\t\t\t\t\t<div class=\"elementor-image-gallery\">\n\t\t\t<div id='gallery-2' class='gallery galleryid-207 gallery-columns-2 gallery-size-medium_large'><figure class='gallery-item'>\n\t\t\t<div class='gallery-icon landscape'>\n\t\t\t\t<a data-elementor-open-lightbox=\"yes\" data-elementor-lightbox-slideshow=\"baf19dc\" data-elementor-lightbox-title=\"IMG_1167\" data-e-action-hash=\"#elementor-action%3Aaction%3Dlightbox%26settings%3DeyJpZCI6MjM5LCJ1cmwiOiJodHRwczpcL1wvY29zYWJlLmVkdS5ib1wvYXBwc1wvbHV6LXZlcmRlXC93cC1jb250ZW50XC91cGxvYWRzXC8yMDI1XC8wNlwvSU1HXzExNjctc2NhbGVkLmpwZyIsInNsaWRlc2hvdyI6ImJhZjE5ZGMifQ%3D%3D\" href='https:\/\/cosabe.edu.bo\/apps\/luz-verde\/wp-content\/uploads\/2025\/06\/IMG_1167-scaled.jpg'><img loading=\"lazy\" decoding=\"async\" width=\"768\" height=\"576\" src=\"https:\/\/cosabe.edu.bo\/apps\/luz-verde\/wp-content\/uploads\/2025\/06\/IMG_1167-768x576.jpg\" class=\"attachment-medium_large size-medium_large\" alt=\"\" srcset=\"https:\/\/cosabe.edu.bo\/apps\/luz-verde\/wp-content\/uploads\/2025\/06\/IMG_1167-768x576.jpg 768w, https:\/\/cosabe.edu.bo\/apps\/luz-verde\/wp-content\/uploads\/2025\/06\/IMG_1167-300x225.jpg 300w, https:\/\/cosabe.edu.bo\/apps\/luz-verde\/wp-content\/uploads\/2025\/06\/IMG_1167-1024x768.jpg 1024w, https:\/\/cosabe.edu.bo\/apps\/luz-verde\/wp-content\/uploads\/2025\/06\/IMG_1167-1536x1152.jpg 1536w, https:\/\/cosabe.edu.bo\/apps\/luz-verde\/wp-content\/uploads\/2025\/06\/IMG_1167-2048x1536.jpg 2048w\" sizes=\"(max-width: 768px) 100vw, 768px\" \/><\/a>\n\t\t\t<\/div><\/figure><figure class='gallery-item'>\n\t\t\t<div class='gallery-icon landscape'>\n\t\t\t\t<a data-elementor-open-lightbox=\"yes\" data-elementor-lightbox-slideshow=\"baf19dc\" data-elementor-lightbox-title=\"IMG_1219\" data-e-action-hash=\"#elementor-action%3Aaction%3Dlightbox%26settings%3DeyJpZCI6MjQwLCJ1cmwiOiJodHRwczpcL1wvY29zYWJlLmVkdS5ib1wvYXBwc1wvbHV6LXZlcmRlXC93cC1jb250ZW50XC91cGxvYWRzXC8yMDI1XC8wNlwvSU1HXzEyMTktc2NhbGVkLmpwZyIsInNsaWRlc2hvdyI6ImJhZjE5ZGMifQ%3D%3D\" href='https:\/\/cosabe.edu.bo\/apps\/luz-verde\/wp-content\/uploads\/2025\/06\/IMG_1219-scaled.jpg'><img loading=\"lazy\" decoding=\"async\" width=\"768\" height=\"576\" src=\"https:\/\/cosabe.edu.bo\/apps\/luz-verde\/wp-content\/uploads\/2025\/06\/IMG_1219-768x576.jpg\" class=\"attachment-medium_large size-medium_large\" alt=\"\" srcset=\"https:\/\/cosabe.edu.bo\/apps\/luz-verde\/wp-content\/uploads\/2025\/06\/IMG_1219-768x576.jpg 768w, https:\/\/cosabe.edu.bo\/apps\/luz-verde\/wp-content\/uploads\/2025\/06\/IMG_1219-300x225.jpg 300w, https:\/\/cosabe.edu.bo\/apps\/luz-verde\/wp-content\/uploads\/2025\/06\/IMG_1219-1024x768.jpg 1024w, https:\/\/cosabe.edu.bo\/apps\/luz-verde\/wp-content\/uploads\/2025\/06\/IMG_1219-1536x1152.jpg 1536w, https:\/\/cosabe.edu.bo\/apps\/luz-verde\/wp-content\/uploads\/2025\/06\/IMG_1219-2048x1536.jpg 2048w\" sizes=\"(max-width: 768px) 100vw, 768px\" \/><\/a>\n\t\t\t<\/div><\/figure>\n\t\t<\/div>\n\t\t<\/div>\n\t\t\t\t\t\t<\/div>\n\t\t\t\t<\/div>\n\t\t\t\t<\/div>\n\t\t\t\t<\/div>\n\t\t\t\t<\/div>\n\t\t\t\t\t<\/div>\n\t\t\t\t<\/div>\n\t\t<div class=\"elementor-element elementor-element-5cc5f82 e-flex e-con-boxed wpr-particle-no wpr-jarallax-no wpr-parallax-no wpr-sticky-section-no wpr-column-slider-no wpr-equal-height-no e-con e-parent\" data-id=\"5cc5f82\" data-element_type=\"container\" data-e-type=\"container\">\n\t\t\t\t\t<div class=\"e-con-inner\">\n\t\t\t\t<div class=\"elementor-element elementor-element-5108662 elementor-widget elementor-widget-text-editor\" data-id=\"5108662\" data-element_type=\"widget\" data-e-type=\"widget\" data-widget_type=\"text-editor.default\">\n\t\t\t\t<div class=\"elementor-widget-container\">\n\t\t\t\t\t\t\t\t\t<p>Todos los derechos reservados para el Colegio San Bernardo de Tarija &#8211; Sb Comunica<\/p>\t\t\t\t\t\t\t\t<\/div>\n\t\t\t\t<\/div>\n\t\t\t\t\t<\/div>\n\t\t\t\t<\/div>\n\t\t\t\t<\/div>\n\t\t","protected":false},"excerpt":{"rendered":"<p>Inicio Noticias Galeria Inicio Noticias Galeria Bienvenida de ensue\u00f1o: la Promo 2025 llen\u00f3 de magia el inicio de clases en Primaria SBcomunica El 21 de febrero, el complejo San Bernardo se transform\u00f3 en un mundo de fantas\u00eda y alegr\u00eda para dar la bienvenida a los m\u00e1s peque\u00f1os del nivel Primario. La Promo 2025 organiz\u00f3 una emotiva jornada, en la que los estudiantes de \u00faltimo curso se disfrazaron de entra\u00f1ables personajes infantiles como Mario Bros, Winnie Pooh, Caperucita Roja, capibaras y muchos m\u00e1s, sorprendiendo a los ni\u00f1os con su entusiasmo y ternura. La actividad, cargada de juegos, m\u00fasica y sonrisas, incluy\u00f3 tambi\u00e9n una deliciosa sorpresa: los agasajados disfrutaron de donas, dulces y gelatinas, en medio de una ma\u00f1ana colorida e inolvidable. Esta iniciativa reflej\u00f3 el profundo esp\u00edritu de familia que caracteriza al colegio San Bernardo, donde cada encuentro entre generaciones escolares se vive con afecto, compromiso y alegr\u00eda. Una vez m\u00e1s, los estudiantes de la Promoci\u00f3n demostraron que ser grandes tambi\u00e9n significa tener un gran coraz\u00f3n. &#8220;Fue hermoso ver a los ni\u00f1os tan felices. Nos disfrazamos con mucho cari\u00f1o porque sabemos que estos momentos se quedan en la memoria. En San Bernardo, somos una familia y eso se siente desde el primer d\u00eda\u201d, indic\u00f3 el estudiante de la Promo Mateo Beltr\u00e1n. Todos los derechos reservados para el Colegio San Bernardo de Tarija &#8211; Sb Comunica<\/p>\n","protected":false},"author":1,"featured_media":0,"parent":532,"menu_order":0,"comment_status":"closed","ping_status":"closed","template":"elementor_canvas","meta":{"footnotes":""},"class_list":["post-207","page","type-page","status-publish","hentry"],"_links":{"self":[{"href":"https:\/\/cosabe.edu.bo\/apps\/luz-verde\/index.php\/wp-json\/wp\/v2\/pages\/207","targetHints":{"allow":["GET"]}}],"collection":[{"href":"https:\/\/cosabe.edu.bo\/apps\/luz-verde\/index.php\/wp-json\/wp\/v2\/pages"}],"about":[{"href":"https:\/\/cosabe.edu.bo\/apps\/luz-verde\/index.php\/wp-json\/wp\/v2\/types\/page"}],"author":[{"embeddable":true,"href":"https:\/\/cosabe.edu.bo\/apps\/luz-verde\/index.php\/wp-json\/wp\/v2\/users\/1"}],"replies":[{"embeddable":true,"href":"https:\/\/cosabe.edu.bo\/apps\/luz-verde\/index.php\/wp-json\/wp\/v2\/comments?post=207"}],"version-history":[{"count":7,"href":"https:\/\/cosabe.edu.bo\/apps\/luz-verde\/index.php\/wp-json\/wp\/v2\/pages\/207\/revisions"}],"predecessor-version":[{"id":243,"href":"https:\/\/cosabe.edu.bo\/apps\/luz-verde\/index.php\/wp-json\/wp\/v2\/pages\/207\/revisions\/243"}],"up":[{"embeddable":true,"href":"https:\/\/cosabe.edu.bo\/apps\/luz-verde\/index.php\/wp-json\/wp\/v2\/pages\/532"}],"wp:attachment":[{"href":"https:\/\/cosabe.edu.bo\/apps\/luz-verde\/index.php\/wp-json\/wp\/v2\/media?parent=207"}],"curies":[{"name":"wp","href":"https:\/\/api.w.org\/{rel}","templated":true}]}}