{"id":201,"date":"2025-06-23T18:04:54","date_gmt":"2025-06-23T22:04:54","guid":{"rendered":"https:\/\/cosabe.edu.bo\/apps\/luz-verde\/?page_id=201"},"modified":"2025-06-26T16:08:57","modified_gmt":"2025-06-26T20:08:57","slug":"historia_nota1","status":"publish","type":"page","link":"https:\/\/cosabe.edu.bo\/apps\/luz-verde\/index.php\/historia\/historia_nota1\/","title":{"rendered":"San Bernardo de Tarija: la historia viva de un sue\u00f1o educativo"},"content":{"rendered":"\t\t<div data-elementor-type=\"wp-page\" data-elementor-id=\"201\" class=\"elementor elementor-201\">\n\t\t\t\t<div class=\"elementor-element elementor-element-a2cbc7e e-flex e-con-boxed wpr-particle-no wpr-jarallax-no wpr-parallax-no wpr-sticky-section-no wpr-column-slider-no wpr-equal-height-no e-con e-parent\" data-id=\"a2cbc7e\" data-element_type=\"container\" data-e-type=\"container\">\n\t\t\t\t\t<div class=\"e-con-inner\">\n\t\t\t\t<div class=\"elementor-element elementor-element-1a6e8a3 wpr-main-menu-align-left wpr-main-menu-align--tabletleft wpr-main-menu-align--mobileleft wpr-pointer-underline wpr-pointer-line-fx wpr-pointer-fx-fade wpr-sub-icon-caret-down wpr-sub-menu-fx-fade wpr-nav-menu-bp-mobile wpr-mobile-menu-full-width wpr-mobile-menu-item-align-center wpr-mobile-toggle-v1 wpr-sub-divider-yes wpr-mobile-divider-yes elementor-widget elementor-widget-wpr-nav-menu\" data-id=\"1a6e8a3\" data-element_type=\"widget\" data-e-type=\"widget\" data-settings=\"{&quot;menu_layout&quot;:&quot;horizontal&quot;}\" data-widget_type=\"wpr-nav-menu.default\">\n\t\t\t\t<div class=\"elementor-widget-container\">\n\t\t\t\t\t<nav class=\"wpr-nav-menu-container wpr-nav-menu-horizontal\" data-trigger=\"hover\" data-consider-header=\"\" data-scroll-speed=\"500\"><ul id=\"menu-1-1a6e8a3\" class=\"wpr-nav-menu\"><li class=\"menu-item menu-item-type-post_type menu-item-object-page menu-item-home menu-item-124\"><a href=\"https:\/\/cosabe.edu.bo\/apps\/luz-verde\/\" class=\"wpr-menu-item wpr-pointer-item\">Inicio<\/a><\/li>\n<li class=\"menu-item menu-item-type-post_type menu-item-object-page menu-item-631\"><a href=\"https:\/\/cosabe.edu.bo\/apps\/luz-verde\/index.php\/historia\/\" class=\"wpr-menu-item wpr-pointer-item\">Historia<\/a><\/li>\n<li class=\"menu-item menu-item-type-post_type menu-item-object-page menu-item-632\"><a href=\"https:\/\/cosabe.edu.bo\/apps\/luz-verde\/index.php\/arte\/\" class=\"wpr-menu-item wpr-pointer-item\">D&#8217;arte<\/a><\/li>\n<li class=\"menu-item menu-item-type-post_type menu-item-object-page menu-item-637\"><a href=\"https:\/\/cosabe.edu.bo\/apps\/luz-verde\/index.php\/codigoabiertoindex\/\" class=\"wpr-menu-item wpr-pointer-item\">C\u00f3digo abierto<\/a><\/li>\n<li class=\"menu-item menu-item-type-post_type menu-item-object-page menu-item-633\"><a href=\"https:\/\/cosabe.edu.bo\/apps\/luz-verde\/index.php\/cracks\/\" class=\"wpr-menu-item wpr-pointer-item\">Cracks<\/a><\/li>\n<li class=\"menu-item menu-item-type-post_type menu-item-object-page menu-item-636\"><a href=\"https:\/\/cosabe.edu.bo\/apps\/luz-verde\/index.php\/editorial\/\" class=\"wpr-menu-item wpr-pointer-item\">Editorial<\/a><\/li>\n<li class=\"menu-item menu-item-type-post_type menu-item-object-page menu-item-638\"><a href=\"https:\/\/cosabe.edu.bo\/apps\/luz-verde\/index.php\/luzpedagogica\/\" class=\"wpr-menu-item wpr-pointer-item\">Luz pedag\u00f3gica<\/a><\/li>\n<li class=\"menu-item menu-item-type-post_type menu-item-object-page menu-item-634\"><a href=\"https:\/\/cosabe.edu.bo\/apps\/luz-verde\/index.php\/padresconectados\/\" class=\"wpr-menu-item wpr-pointer-item\">Padres conectados<\/a><\/li>\n<li class=\"menu-item menu-item-type-post_type menu-item-object-page menu-item-635\"><a href=\"https:\/\/cosabe.edu.bo\/apps\/luz-verde\/index.php\/radar\/\" class=\"wpr-menu-item wpr-pointer-item\">Radar<\/a><\/li>\n<\/ul><\/nav><nav class=\"wpr-mobile-nav-menu-container\"><div class=\"wpr-mobile-toggle-wrap\"><div class=\"wpr-mobile-toggle\"><span class=\"wpr-mobile-toggle-line\"><\/span><span class=\"wpr-mobile-toggle-line\"><\/span><span class=\"wpr-mobile-toggle-line\"><\/span><\/div><\/div><ul id=\"mobile-menu-2-1a6e8a3\" class=\"wpr-mobile-nav-menu\"><li class=\"menu-item menu-item-type-post_type menu-item-object-page menu-item-home menu-item-124\"><a href=\"https:\/\/cosabe.edu.bo\/apps\/luz-verde\/\" class=\"wpr-mobile-menu-item\">Inicio<\/a><\/li>\n<li class=\"menu-item menu-item-type-post_type menu-item-object-page menu-item-631\"><a href=\"https:\/\/cosabe.edu.bo\/apps\/luz-verde\/index.php\/historia\/\" class=\"wpr-mobile-menu-item\">Historia<\/a><\/li>\n<li class=\"menu-item menu-item-type-post_type menu-item-object-page menu-item-632\"><a href=\"https:\/\/cosabe.edu.bo\/apps\/luz-verde\/index.php\/arte\/\" class=\"wpr-mobile-menu-item\">D&#8217;arte<\/a><\/li>\n<li class=\"menu-item menu-item-type-post_type menu-item-object-page menu-item-637\"><a href=\"https:\/\/cosabe.edu.bo\/apps\/luz-verde\/index.php\/codigoabiertoindex\/\" class=\"wpr-mobile-menu-item\">C\u00f3digo abierto<\/a><\/li>\n<li class=\"menu-item menu-item-type-post_type menu-item-object-page menu-item-633\"><a href=\"https:\/\/cosabe.edu.bo\/apps\/luz-verde\/index.php\/cracks\/\" class=\"wpr-mobile-menu-item\">Cracks<\/a><\/li>\n<li class=\"menu-item menu-item-type-post_type menu-item-object-page menu-item-636\"><a href=\"https:\/\/cosabe.edu.bo\/apps\/luz-verde\/index.php\/editorial\/\" class=\"wpr-mobile-menu-item\">Editorial<\/a><\/li>\n<li class=\"menu-item menu-item-type-post_type menu-item-object-page menu-item-638\"><a href=\"https:\/\/cosabe.edu.bo\/apps\/luz-verde\/index.php\/luzpedagogica\/\" class=\"wpr-mobile-menu-item\">Luz pedag\u00f3gica<\/a><\/li>\n<li class=\"menu-item menu-item-type-post_type menu-item-object-page menu-item-634\"><a href=\"https:\/\/cosabe.edu.bo\/apps\/luz-verde\/index.php\/padresconectados\/\" class=\"wpr-mobile-menu-item\">Padres conectados<\/a><\/li>\n<li class=\"menu-item menu-item-type-post_type menu-item-object-page menu-item-635\"><a href=\"https:\/\/cosabe.edu.bo\/apps\/luz-verde\/index.php\/radar\/\" class=\"wpr-mobile-menu-item\">Radar<\/a><\/li>\n<\/ul><\/nav>\t\t\t\t<\/div>\n\t\t\t\t<\/div>\n\t\t\t\t\t<\/div>\n\t\t\t\t<\/div>\n\t\t<div class=\"elementor-element elementor-element-iRcJH61 e-flex e-con-boxed wpr-particle-no wpr-jarallax-no wpr-parallax-no wpr-sticky-section-no wpr-column-slider-no wpr-equal-height-no e-con e-parent\" data-id=\"iRcJH61\" data-element_type=\"container\" data-e-type=\"container\">\n\t\t\t\t\t<div class=\"e-con-inner\">\n\t\t<div class=\"elementor-element elementor-element-S4R03ZI e-con-full e-flex wpr-particle-no wpr-jarallax-no wpr-parallax-no wpr-sticky-section-no wpr-column-slider-no wpr-equal-height-no e-con e-child\" data-id=\"S4R03ZI\" data-element_type=\"container\" data-e-type=\"container\">\n\t\t<div class=\"elementor-element elementor-element-bf51c95 e-con-full e-flex wpr-particle-no wpr-jarallax-no wpr-parallax-no wpr-sticky-section-no wpr-column-slider-no wpr-equal-height-no e-con e-child\" data-id=\"bf51c95\" data-element_type=\"container\" data-e-type=\"container\">\n\t\t\t\t<div class=\"elementor-element elementor-element-b84470c elementor-widget elementor-widget-heading\" data-id=\"b84470c\" data-element_type=\"widget\" data-e-type=\"widget\" data-widget_type=\"heading.default\">\n\t\t\t\t<div class=\"elementor-widget-container\">\n\t\t\t\t\t<h2 class=\"elementor-heading-title elementor-size-default\">San Bernardo de Tarija: la historia viva de un sue\u00f1o educativo<\/h2>\t\t\t\t<\/div>\n\t\t\t\t<\/div>\n\t\t<div class=\"elementor-element elementor-element-cb63092 e-con-full e-flex wpr-particle-no wpr-jarallax-no wpr-parallax-no wpr-sticky-section-no wpr-column-slider-no wpr-equal-height-no e-con e-child\" data-id=\"cb63092\" data-element_type=\"container\" data-e-type=\"container\">\n\t\t<div class=\"elementor-element elementor-element-e81a8ed e-con-full e-flex wpr-particle-no wpr-jarallax-no wpr-parallax-no wpr-sticky-section-no wpr-column-slider-no wpr-equal-height-no e-con e-child\" data-id=\"e81a8ed\" data-element_type=\"container\" data-e-type=\"container\">\n\t\t\t\t<div class=\"elementor-element elementor-element-717a5e0 elementor-position-left elementor-vertical-align-top elementor-widget elementor-widget-image-box\" data-id=\"717a5e0\" data-element_type=\"widget\" data-e-type=\"widget\" data-widget_type=\"image-box.default\">\n\t\t\t\t<div class=\"elementor-widget-container\">\n\t\t\t\t\t<div class=\"elementor-image-box-wrapper\"><figure class=\"elementor-image-box-img\"><img fetchpriority=\"high\" decoding=\"async\" width=\"1200\" height=\"1716\" src=\"https:\/\/cosabe.edu.bo\/apps\/luz-verde\/wp-content\/uploads\/2025\/06\/4ea0643f-be4e-40f7-867d-9fddbc49e242.jpg\" class=\"attachment-full size-full wp-image-330\" alt=\"\" srcset=\"https:\/\/cosabe.edu.bo\/apps\/luz-verde\/wp-content\/uploads\/2025\/06\/4ea0643f-be4e-40f7-867d-9fddbc49e242.jpg 1200w, https:\/\/cosabe.edu.bo\/apps\/luz-verde\/wp-content\/uploads\/2025\/06\/4ea0643f-be4e-40f7-867d-9fddbc49e242-210x300.jpg 210w, https:\/\/cosabe.edu.bo\/apps\/luz-verde\/wp-content\/uploads\/2025\/06\/4ea0643f-be4e-40f7-867d-9fddbc49e242-716x1024.jpg 716w, https:\/\/cosabe.edu.bo\/apps\/luz-verde\/wp-content\/uploads\/2025\/06\/4ea0643f-be4e-40f7-867d-9fddbc49e242-768x1098.jpg 768w, https:\/\/cosabe.edu.bo\/apps\/luz-verde\/wp-content\/uploads\/2025\/06\/4ea0643f-be4e-40f7-867d-9fddbc49e242-1074x1536.jpg 1074w\" sizes=\"(max-width: 1200px) 100vw, 1200px\" \/><\/figure><div class=\"elementor-image-box-content\"><h5 class=\"elementor-image-box-title\">Fundado por maestros visionarios en 1962, el Colegio San Bernardo se consolida hoy como un referente educativo en Tarija, con m\u00e1s de seis d\u00e9cadas de historia, vocaci\u00f3n y formaci\u00f3n en valores SBComunica<\/h5><p class=\"elementor-image-box-description\">Hay historias que no s\u00f3lo se cuentan, sino que se sienten. Y la del colegio San Bernardo de Tarija es una de ellas. Una historia tejida con vocaci\u00f3n, sacrificio y visi\u00f3n; una historia que no ha dejado de crecer desde aquel 12 de febrero de 1962, cuando cuatro maestros decidieron so\u00f1ar en grande por la educaci\u00f3n de Tarija.\nAmanda Ram\u00edrez de Zamora, Mery D\u00e9rpic de Solares, Teresa Castellanos de \u00c1vila y Carlos \u00c1vila Claure fueron los protagonistas de una decisi\u00f3n audaz: fundar una instituci\u00f3n educativa particular que respondiera a la creciente demanda de estudiantes del nivel secundario. <\/p><\/div><\/div>\t\t\t\t<\/div>\n\t\t\t\t<\/div>\n\t\t\t\t<div class=\"elementor-element elementor-element-129d80a elementor-widget elementor-widget-text-editor\" data-id=\"129d80a\" data-element_type=\"widget\" data-e-type=\"widget\" data-widget_type=\"text-editor.default\">\n\t\t\t\t<div class=\"elementor-widget-container\">\n\t\t\t\t\t\t\t\t\t<p>Frente al limitado n\u00famero de colegios, su propuesta fue m\u00e1s que una alternativa; fue una respuesta generosa y visionaria que naci\u00f3 del amor por la ense\u00f1anza.<br \/>Aquella idea, discutida tantas veces entre libros y pizarras, se convirti\u00f3 en acci\u00f3n. Con respeto profundo a la personalidad de cada estudiante, y con la firme intenci\u00f3n de fortalecer su identidad, estos maestros crearon un espacio donde los valores \u00e9ticos, el amor por la tierra chapaca y las costumbres se entrelazaron con el conocimiento.<br \/>El colegio no naci\u00f3 en un edificio, sino en la convicci\u00f3n. En aquellos primeros d\u00edas no hubo lujos, pero s\u00ed abund\u00f3 el esp\u00edritu solidario. Los profesores donaron escritorios, sillas, libros y, sobre todo, su tiempo. Muchos no cobraron un solo centavo durante el primer a\u00f1o. Lo hicieron por vocaci\u00f3n, por el compromiso con una educaci\u00f3n verdaderamente transformadora.<br \/>Bajo el nombre simb\u00f3lico de San Bernardo de Tarija \u2014sugerido por el Dr. William Bluske Castellanos\u2014 el colegio abri\u00f3 sus puertas. No fue f\u00e1cil. Funcion\u00f3 primero en tres locales distintos, hasta que en 1979 regres\u00f3 a la amplia casona de la calle Alejandro Corrado, donde encontr\u00f3 su identidad arquitect\u00f3nica y espiritual.<br \/>Los logros oficiales no tardaron en llegar. En 1963, el Ministerio de Educaci\u00f3n y Bellas Artes otorg\u00f3 la Resoluci\u00f3n Ministerial N.\u00b0 594 que autoriz\u00f3 el funcionamiento del colegio. Poco despu\u00e9s, se aprobaron los cursos superiores y la secci\u00f3n primaria. Para 1983, se consolid\u00f3 su estructura legal con la Personer\u00eda Jur\u00eddica de la Cooperativa Educacional San Bernardo de Tarija.<br \/>Cada hito en su historia tiene rostro y nombre. En 1963, egres\u00f3 la primera promoci\u00f3n: los \u201cEstudiantes de Oro\u201d. En 1964 se abri\u00f3 oficialmente el ciclo primario y en 1986 el nivel inicial, que tras una pausa fue reabierto con entusiasmo en 2004.<br \/>Hoy, en este 2025, el Colegio San Bernardo se prepara para celebrar un nuevo aniversario con la misma pasi\u00f3n que inspir\u00f3 su fundaci\u00f3n. M\u00e1s de seis d\u00e9cadas han pasado desde aquella chispa fundacional, y lo que empez\u00f3 como un acto de fe se ha convertido en un referente educativo. Con una formaci\u00f3n integral, inclusiva y de excelencia acad\u00e9mica, San Bernardo sigue apostando por una educaci\u00f3n que abraza la ciencia, el arte, el deporte y, sobre todo, los valores que hacen grandes a las personas.<br \/>Porque la historia de San Bernardo no es solo la de un colegio. Es la de una comunidad que cree, sue\u00f1a, ense\u00f1a\u2026 y transforma.<\/p>\t\t\t\t\t\t\t\t<\/div>\n\t\t\t\t<\/div>\n\t\t\t\t<\/div>\n\t\t\t\t<\/div>\n\t\t\t\t<\/div>\n\t\t\t\t<\/div>\n\t\t\t\t\t<\/div>\n\t\t\t\t<\/div>\n\t\t<div class=\"elementor-element elementor-element-5cc5f82 e-flex e-con-boxed wpr-particle-no wpr-jarallax-no wpr-parallax-no wpr-sticky-section-no wpr-column-slider-no wpr-equal-height-no e-con e-parent\" data-id=\"5cc5f82\" data-element_type=\"container\" data-e-type=\"container\">\n\t\t\t\t\t<div class=\"e-con-inner\">\n\t\t\t\t<div class=\"elementor-element elementor-element-5108662 elementor-widget elementor-widget-text-editor\" data-id=\"5108662\" data-element_type=\"widget\" data-e-type=\"widget\" data-widget_type=\"text-editor.default\">\n\t\t\t\t<div class=\"elementor-widget-container\">\n\t\t\t\t\t\t\t\t\t<p>Todos los derechos reservados para el Colegio San Bernardo de Tarija &#8211; Sb Comunica<\/p>\t\t\t\t\t\t\t\t<\/div>\n\t\t\t\t<\/div>\n\t\t\t\t\t<\/div>\n\t\t\t\t<\/div>\n\t\t\t\t<\/div>\n\t\t","protected":false},"excerpt":{"rendered":"<p>Inicio Noticias Galeria Inicio Noticias Galeria San Bernardo de Tarija: la historia viva de un sue\u00f1o educativo Fundado por maestros visionarios en 1962, el Colegio San Bernardo se consolida hoy como un referente educativo en Tarija, con m\u00e1s de seis d\u00e9cadas de historia, vocaci\u00f3n y formaci\u00f3n en valores SBComunica Hay historias que no s\u00f3lo se cuentan, sino que se sienten. Y la del colegio San Bernardo de Tarija es una de ellas. Una historia tejida con vocaci\u00f3n, sacrificio y visi\u00f3n; una historia que no ha dejado de crecer desde aquel 12 de febrero de 1962, cuando cuatro maestros decidieron so\u00f1ar en grande por la educaci\u00f3n de Tarija. Amanda Ram\u00edrez de Zamora, Mery D\u00e9rpic de Solares, Teresa Castellanos de \u00c1vila y Carlos \u00c1vila Claure fueron los protagonistas de una decisi\u00f3n audaz: fundar una instituci\u00f3n educativa particular que respondiera a la creciente demanda de estudiantes del nivel secundario. Frente al limitado n\u00famero de colegios, su propuesta fue m\u00e1s que una alternativa; fue una respuesta generosa y visionaria que naci\u00f3 del amor por la ense\u00f1anza.Aquella idea, discutida tantas veces entre libros y pizarras, se convirti\u00f3 en acci\u00f3n. Con respeto profundo a la personalidad de cada estudiante, y con la firme intenci\u00f3n de fortalecer su identidad, estos maestros crearon un espacio donde los valores \u00e9ticos, el amor por la tierra chapaca y las costumbres se entrelazaron con el conocimiento.El colegio no naci\u00f3 en un edificio, sino en la convicci\u00f3n. En aquellos primeros d\u00edas no hubo lujos, pero s\u00ed abund\u00f3 el esp\u00edritu solidario. Los profesores donaron escritorios, sillas, libros y, sobre todo, su tiempo. Muchos no cobraron un solo centavo durante el primer a\u00f1o. Lo hicieron por vocaci\u00f3n, por el compromiso con una educaci\u00f3n verdaderamente transformadora.Bajo el nombre simb\u00f3lico de San Bernardo de Tarija \u2014sugerido por el Dr. William Bluske Castellanos\u2014 el colegio abri\u00f3 sus puertas. No fue f\u00e1cil. Funcion\u00f3 primero en tres locales distintos, hasta que en 1979 regres\u00f3 a la amplia casona de la calle Alejandro Corrado, donde encontr\u00f3 su identidad arquitect\u00f3nica y espiritual.Los logros oficiales no tardaron en llegar. En 1963, el Ministerio de Educaci\u00f3n y Bellas Artes otorg\u00f3 la Resoluci\u00f3n Ministerial N.\u00b0 594 que autoriz\u00f3 el funcionamiento del colegio. Poco despu\u00e9s, se aprobaron los cursos superiores y la secci\u00f3n primaria. Para 1983, se consolid\u00f3 su estructura legal con la Personer\u00eda Jur\u00eddica de la Cooperativa Educacional San Bernardo de Tarija.Cada hito en su historia tiene rostro y nombre. En 1963, egres\u00f3 la primera promoci\u00f3n: los \u201cEstudiantes de Oro\u201d. En 1964 se abri\u00f3 oficialmente el ciclo primario y en 1986 el nivel inicial, que tras una pausa fue reabierto con entusiasmo en 2004.Hoy, en este 2025, el Colegio San Bernardo se prepara para celebrar un nuevo aniversario con la misma pasi\u00f3n que inspir\u00f3 su fundaci\u00f3n. M\u00e1s de seis d\u00e9cadas han pasado desde aquella chispa fundacional, y lo que empez\u00f3 como un acto de fe se ha convertido en un referente educativo. Con una formaci\u00f3n integral, inclusiva y de excelencia acad\u00e9mica, San Bernardo sigue apostando por una educaci\u00f3n que abraza la ciencia, el arte, el deporte y, sobre todo, los valores que hacen grandes a las personas.Porque la historia de San Bernardo no es solo la de un colegio. Es la de una comunidad que cree, sue\u00f1a, ense\u00f1a\u2026 y transforma. Todos los derechos reservados para el Colegio San Bernardo de Tarija &#8211; Sb Comunica<\/p>\n","protected":false},"author":1,"featured_media":0,"parent":621,"menu_order":0,"comment_status":"closed","ping_status":"closed","template":"elementor_canvas","meta":{"footnotes":""},"class_list":["post-201","page","type-page","status-publish","hentry"],"_links":{"self":[{"href":"https:\/\/cosabe.edu.bo\/apps\/luz-verde\/index.php\/wp-json\/wp\/v2\/pages\/201","targetHints":{"allow":["GET"]}}],"collection":[{"href":"https:\/\/cosabe.edu.bo\/apps\/luz-verde\/index.php\/wp-json\/wp\/v2\/pages"}],"about":[{"href":"https:\/\/cosabe.edu.bo\/apps\/luz-verde\/index.php\/wp-json\/wp\/v2\/types\/page"}],"author":[{"embeddable":true,"href":"https:\/\/cosabe.edu.bo\/apps\/luz-verde\/index.php\/wp-json\/wp\/v2\/users\/1"}],"replies":[{"embeddable":true,"href":"https:\/\/cosabe.edu.bo\/apps\/luz-verde\/index.php\/wp-json\/wp\/v2\/comments?post=201"}],"version-history":[{"count":4,"href":"https:\/\/cosabe.edu.bo\/apps\/luz-verde\/index.php\/wp-json\/wp\/v2\/pages\/201\/revisions"}],"predecessor-version":[{"id":333,"href":"https:\/\/cosabe.edu.bo\/apps\/luz-verde\/index.php\/wp-json\/wp\/v2\/pages\/201\/revisions\/333"}],"up":[{"embeddable":true,"href":"https:\/\/cosabe.edu.bo\/apps\/luz-verde\/index.php\/wp-json\/wp\/v2\/pages\/621"}],"wp:attachment":[{"href":"https:\/\/cosabe.edu.bo\/apps\/luz-verde\/index.php\/wp-json\/wp\/v2\/media?parent=201"}],"curies":[{"name":"wp","href":"https:\/\/api.w.org\/{rel}","templated":true}]}}